{"id":68450,"date":"2021-12-14T19:15:02","date_gmt":"2021-12-15T01:15:02","guid":{"rendered":"https:\/\/defabrica.com.mx\/defabrica\/?post_type=product&#038;p=68450"},"modified":"2023-01-27T12:56:53","modified_gmt":"2023-01-27T18:56:53","slug":"spider-man-con-ciclo-power-fx-reproduce-sonidos-y-frases-para-ninos-a-partir-de-4-anos","status":"publish","type":"product","link":"https:\/\/defabrica.com.mx\/defabrica\/producto\/spider-man-con-ciclo-power-fx-reproduce-sonidos-y-frases-para-ninos-a-partir-de-4-anos\/","title":{"rendered":"Spider-Man con ciclo Power FX reproduce sonidos y frases, para ni\u00f1os a partir de 4 a\u00f1os"},"content":{"rendered":"<p>IMAGINA AL H\u00c9ROE ARRASTRE EN LA PARED MONTANDO EN ACCI\u00d3N Cuando los ni\u00f1os colocan la figura Titan Hero Spider-Man en el Power FX Cycle incluido, activan emocionantes sonidos de motocicleta y frases de Spider-Man y pueden imaginar a Spider-Man conduciendo por las calles de la ciudad, manteniendo la suya. ciudad a salvo de enemigos.\u00a0con un dise\u00f1o de personajes inspirado en la apariencia cl\u00e1sica de Spider-Man y un dise\u00f1o de veh\u00edculo inspirado en Spider-Man.\u00a0Los ni\u00f1os pueden imaginar las aventuras de Peter Parker en una gran escala.\u00a0COMPATIBLE CON EL LANZADOR TITAN HERO POWER FX Conecte el lanzador Titan Hero Power FX (no incluido; se vende por separado con las figuras Titan Hero Power FX) al puerto del brazo Titan Hero Power FX para activar sonidos y frases espec\u00edficos de Spider-Man y escuchar a Spidey hablar.\u00a0Los ni\u00f1os pueden imaginarse a Spider-Man bromeando con los malos mientras protege la ciudad.\u00a0con sonidos y frases inspiradas en las apariciones cl\u00e1sicas de Spider-Man.\u00a0EL HOMBRE ARA\u00d1A QUE TODOS AMAN Spider-Man es un personaje cl\u00e1sico del universo Marvel que aparece en c\u00f3mics, series animadas y pel\u00edculas.\u00a0El dise\u00f1o de esta figura de 30 cm est\u00e1 inspirado en el aspecto cl\u00e1sico de Spider-Man.\u00a0Imag\u00ednese balance\u00e1ndose por la ciudad con el h\u00e9roe con poder de ara\u00f1a mientras dispara telara\u00f1as a sus enemigos con la figura de Spider-Man de la serie Titan Hero.\u00a0GRAN AVENTURA DE SUPERH\u00c9ROES Echa un vistazo a otras figuras de Titan Hero Series y Titan Hero Power FX (cada una se vende por separado) para construir una colecci\u00f3n del tama\u00f1o de Titan e imaginar la acci\u00f3n \u00e9pica.<\/p>\n","protected":false},"excerpt":{"rendered":"<p>IMAGINA AL H\u00c9ROE ARRASTRE EN LA PARED MONTANDO EN ACCI\u00d3N Cuando los ni\u00f1os colocan la figura Titan Hero Spider-Man en el Power FX Cycle incluido, activan emocionantes sonidos de motocicleta<\/p>\n","protected":false},"featured_media":68451,"comment_status":"open","ping_status":"closed","template":"","meta":{"_acf_changed":false,"_joinchat":[]},"product_brand":[],"product_cat":[1519,886,1097,1202],"product_tag":[],"class_list":{"0":"post-68450","1":"product","2":"type-product","3":"status-publish","4":"has-post-thumbnail","6":"product_cat-ofertas-jugycol","7":"product_cat-juguetesycoleccionables","8":"product_cat-juguetes","9":"product_cat-figuras-de-accion-y-coleccionables","11":"first","12":"instock","13":"sale","14":"shipping-taxable","15":"purchasable","16":"product-type-simple"},"acf":[],"_links":{"self":[{"href":"https:\/\/defabrica.com.mx\/defabrica\/wp-json\/wp\/v2\/product\/68450","targetHints":{"allow":["GET"]}}],"collection":[{"href":"https:\/\/defabrica.com.mx\/defabrica\/wp-json\/wp\/v2\/product"}],"about":[{"href":"https:\/\/defabrica.com.mx\/defabrica\/wp-json\/wp\/v2\/types\/product"}],"replies":[{"embeddable":true,"href":"https:\/\/defabrica.com.mx\/defabrica\/wp-json\/wp\/v2\/comments?post=68450"}],"wp:featuredmedia":[{"embeddable":true,"href":"https:\/\/defabrica.com.mx\/defabrica\/wp-json\/wp\/v2\/media\/68451"}],"wp:attachment":[{"href":"https:\/\/defabrica.com.mx\/defabrica\/wp-json\/wp\/v2\/media?parent=68450"}],"wp:term":[{"taxonomy":"product_brand","embeddable":true,"href":"https:\/\/defabrica.com.mx\/defabrica\/wp-json\/wp\/v2\/product_brand?post=68450"},{"taxonomy":"product_cat","embeddable":true,"href":"https:\/\/defabrica.com.mx\/defabrica\/wp-json\/wp\/v2\/product_cat?post=68450"},{"taxonomy":"product_tag","embeddable":true,"href":"https:\/\/defabrica.com.mx\/defabrica\/wp-json\/wp\/v2\/product_tag?post=68450"}],"curies":[{"name":"wp","href":"https:\/\/api.w.org\/{rel}","templated":true}]}}