{"id":68438,"date":"2021-12-14T19:06:16","date_gmt":"2021-12-15T01:06:16","guid":{"rendered":"https:\/\/defabrica.com.mx\/defabrica\/?post_type=product&#038;p=68438"},"modified":"2023-01-27T12:54:35","modified_gmt":"2023-01-27T18:54:35","slug":"marvel-bicicleta-spider-man-para-ninos-de-12-pulgadas","status":"publish","type":"product","link":"https:\/\/defabrica.com.mx\/defabrica\/producto\/marvel-bicicleta-spider-man-para-ninos-de-12-pulgadas\/","title":{"rendered":"Marvel &#8211; Bicicleta Spider-Man para Ni\u00f1os de 12 pulgadas"},"content":{"rendered":"<p>Los m\u00e1s peque\u00f1os pueden disfrutar de su pr\u00f3xima aventura al aire libre con esta\u00a0<b>bicicleta para ni\u00f1os Marvel Spider-Man de 12 \u00abde Huffy.<\/b>\u00a0Este modelo est\u00e1 especialmente dise\u00f1ado para ser muy f\u00e1cil de montar, con el montaje EZ Build de Huffy, sin necesidad de herramientas especiales. .<\/p>\n<p>Simplemente inserte las ruedas de entrenamiento, inserte el manillar y la horquilla, doble los paneles hacia abajo y luego inserte el asiento para ensamblar esta bicicleta Spider-Man de 12 \u00ab. En solo minutos, esta incre\u00edble bicicleta Huffy EZ Build estar\u00e1 lista para que su h\u00e9roe inspirador la monte.<\/p>\n","protected":false},"excerpt":{"rendered":"<p>Los m\u00e1s peque\u00f1os pueden disfrutar de su pr\u00f3xima aventura al aire libre con esta\u00a0bicicleta para ni\u00f1os Marvel Spider-Man de 12 \u00abde Huffy.\u00a0Este modelo est\u00e1 especialmente dise\u00f1ado para ser muy f\u00e1cil<\/p>\n","protected":false},"featured_media":68439,"comment_status":"open","ping_status":"closed","template":"","meta":{"_acf_changed":false,"_joinchat":[]},"product_brand":[],"product_cat":[1482,1519,886],"product_tag":[],"class_list":{"0":"post-68438","1":"product","2":"type-product","3":"status-publish","4":"has-post-thumbnail","6":"product_cat-bicis","7":"product_cat-ofertas-jugycol","8":"product_cat-juguetesycoleccionables","10":"first","11":"instock","12":"sale","13":"shipping-taxable","14":"purchasable","15":"product-type-simple"},"acf":[],"_links":{"self":[{"href":"https:\/\/defabrica.com.mx\/defabrica\/wp-json\/wp\/v2\/product\/68438","targetHints":{"allow":["GET"]}}],"collection":[{"href":"https:\/\/defabrica.com.mx\/defabrica\/wp-json\/wp\/v2\/product"}],"about":[{"href":"https:\/\/defabrica.com.mx\/defabrica\/wp-json\/wp\/v2\/types\/product"}],"replies":[{"embeddable":true,"href":"https:\/\/defabrica.com.mx\/defabrica\/wp-json\/wp\/v2\/comments?post=68438"}],"wp:featuredmedia":[{"embeddable":true,"href":"https:\/\/defabrica.com.mx\/defabrica\/wp-json\/wp\/v2\/media\/68439"}],"wp:attachment":[{"href":"https:\/\/defabrica.com.mx\/defabrica\/wp-json\/wp\/v2\/media?parent=68438"}],"wp:term":[{"taxonomy":"product_brand","embeddable":true,"href":"https:\/\/defabrica.com.mx\/defabrica\/wp-json\/wp\/v2\/product_brand?post=68438"},{"taxonomy":"product_cat","embeddable":true,"href":"https:\/\/defabrica.com.mx\/defabrica\/wp-json\/wp\/v2\/product_cat?post=68438"},{"taxonomy":"product_tag","embeddable":true,"href":"https:\/\/defabrica.com.mx\/defabrica\/wp-json\/wp\/v2\/product_tag?post=68438"}],"curies":[{"name":"wp","href":"https:\/\/api.w.org\/{rel}","templated":true}]}}