{"id":68430,"date":"2021-12-14T19:02:14","date_gmt":"2021-12-15T01:02:14","guid":{"rendered":"https:\/\/defabrica.com.mx\/defabrica\/?post_type=product&#038;p=68430"},"modified":"2023-01-27T12:53:46","modified_gmt":"2023-01-27T18:53:46","slug":"marvel-bicicleta-spider-man-para-ninos-de-16-pulgadas","status":"publish","type":"product","link":"https:\/\/defabrica.com.mx\/defabrica\/producto\/marvel-bicicleta-spider-man-para-ninos-de-16-pulgadas\/","title":{"rendered":"Marvel &#8211; Bicicleta Spider-Man para Ni\u00f1os de 16 pulgadas"},"content":{"rendered":"<p>Prep\u00e1rate para divertirte con la telara\u00f1a cuando llegue a tu puerta esta bicicleta Marvel Spider-Man de 16 pulgadas con Huffy EZ Build.\u00a0En la parte delantera se muestra un contenedor de manillar que representa al superh\u00e9roe favorito de su hijo, Spider-Man.\u00a0Adem\u00e1s, su hijo puede llevar sus mu\u00f1ecos de acci\u00f3n a lo largo de la aventura (\u00a1juguetes no incluidos)!\u00a0\u00a1Con Huffy EZ Build, solo de Huffy, es r\u00e1pido y f\u00e1cil de montar!\u00a0Solo 4 sencillos pasos para construir esta bicicleta: inserte las ruedas de entrenamiento, inserte el manillar y la horquilla, pliegue los pedales e inserte el asiento.\u00a0A continuaci\u00f3n, coloque el dise\u00f1o de Web Wing en el manillar.\u00a0As\u00ed de r\u00e1pido es preparar esta bicicleta para que la disfrute tu joven h\u00e9roe.\u00a0\u00a1Todas estas excelentes caracter\u00edsticas y el ensamblaje de construcci\u00f3n EZ exclusivo de Huffy hacen que esta incre\u00edble bicicleta est\u00e9 lista en minutos para que su hijo la disfrute!\u00a0Con Huffy EZ Build,\u00a0\u00a1Ser\u00e9 el h\u00e9roe cuando armes esta bicicleta tan r\u00e1pido!\u00a0De Huffy, nos divertimos.\u00a0\u00a1R\u00e1pido!<\/p>\n","protected":false},"excerpt":{"rendered":"<p>Prep\u00e1rate para divertirte con la telara\u00f1a cuando llegue a tu puerta esta bicicleta Marvel Spider-Man de 16 pulgadas con Huffy EZ Build.\u00a0En la parte delantera se muestra un contenedor de<\/p>\n","protected":false},"featured_media":68431,"comment_status":"open","ping_status":"closed","template":"","meta":{"_acf_changed":false,"_joinchat":[]},"product_brand":[],"product_cat":[1482,1519,1508,886],"product_tag":[],"class_list":{"0":"post-68430","1":"product","2":"type-product","3":"status-publish","4":"has-post-thumbnail","6":"product_cat-bicis","7":"product_cat-ofertas-jugycol","8":"product_cat-ofertas-primavera-juguetes","9":"product_cat-juguetesycoleccionables","11":"first","12":"instock","13":"sale","14":"shipping-taxable","15":"purchasable","16":"product-type-simple"},"acf":[],"_links":{"self":[{"href":"https:\/\/defabrica.com.mx\/defabrica\/wp-json\/wp\/v2\/product\/68430","targetHints":{"allow":["GET"]}}],"collection":[{"href":"https:\/\/defabrica.com.mx\/defabrica\/wp-json\/wp\/v2\/product"}],"about":[{"href":"https:\/\/defabrica.com.mx\/defabrica\/wp-json\/wp\/v2\/types\/product"}],"replies":[{"embeddable":true,"href":"https:\/\/defabrica.com.mx\/defabrica\/wp-json\/wp\/v2\/comments?post=68430"}],"wp:featuredmedia":[{"embeddable":true,"href":"https:\/\/defabrica.com.mx\/defabrica\/wp-json\/wp\/v2\/media\/68431"}],"wp:attachment":[{"href":"https:\/\/defabrica.com.mx\/defabrica\/wp-json\/wp\/v2\/media?parent=68430"}],"wp:term":[{"taxonomy":"product_brand","embeddable":true,"href":"https:\/\/defabrica.com.mx\/defabrica\/wp-json\/wp\/v2\/product_brand?post=68430"},{"taxonomy":"product_cat","embeddable":true,"href":"https:\/\/defabrica.com.mx\/defabrica\/wp-json\/wp\/v2\/product_cat?post=68430"},{"taxonomy":"product_tag","embeddable":true,"href":"https:\/\/defabrica.com.mx\/defabrica\/wp-json\/wp\/v2\/product_tag?post=68430"}],"curies":[{"name":"wp","href":"https:\/\/api.w.org\/{rel}","templated":true}]}}