{"id":68423,"date":"2021-12-14T18:58:41","date_gmt":"2021-12-15T00:58:41","guid":{"rendered":"https:\/\/defabrica.com.mx\/defabrica\/?post_type=product&#038;p=68423"},"modified":"2023-01-27T12:52:52","modified_gmt":"2023-01-27T18:52:52","slug":"marvel-motocicleta-spider-man-con-bateria-de-6-v-para-ninos","status":"publish","type":"product","link":"https:\/\/defabrica.com.mx\/defabrica\/producto\/marvel-motocicleta-spider-man-con-bateria-de-6-v-para-ninos\/","title":{"rendered":"Marvel &#8211; Motocicleta Spider-Man con bater\u00eda de 6 V para Ni\u00f1os"},"content":{"rendered":"<p>La imaginaci\u00f3n de su hijo volar\u00e1 con la motocicleta Ride-On de Huffy Marvel Spider-Man de 6 voltios.\u00a0Toda la emoci\u00f3n y la emoci\u00f3n de los superh\u00e9roes se capturan en el dise\u00f1o.\u00a0Las correas rojas cubren los neum\u00e1ticos, los reposapi\u00e9s y el marco.\u00a0Una m\u00e1scara animada de Spider-Man con el cl\u00e1sico logotipo de ara\u00f1a completa el dise\u00f1o de esta motocicleta de Spider-Man.<\/p>\n<p>\u00bfListo para montar?\u00a0\u00a1Solo presiona el pedal del acelerador y listo!\u00a0La funci\u00f3n de arranque lento facilita la conducci\u00f3n.\u00a0Este veh\u00edculo que funciona con bater\u00eda viaja hasta 2 mph. Cuenta con llantas con banda de rodamiento de tracci\u00f3n y robustas ruedas de entrenamiento.\u00a0\u00a1Los faros autom\u00e1ticos se encienden mientras su hijo viaja!\u00a0El moderno manillar estilo motocicleta permite que su hijo se mueva hacia adelante y de lado a lado.<\/p>\n","protected":false},"excerpt":{"rendered":"<p>La imaginaci\u00f3n de su hijo volar\u00e1 con la motocicleta Ride-On de Huffy Marvel Spider-Man de 6 voltios.\u00a0Toda la emoci\u00f3n y la emoci\u00f3n de los superh\u00e9roes se capturan en el dise\u00f1o.\u00a0Las<\/p>\n","protected":false},"featured_media":68424,"comment_status":"open","ping_status":"closed","template":"","meta":{"_acf_changed":false,"_joinchat":[]},"product_brand":[],"product_cat":[1519,1508,886,1097,1193],"product_tag":[],"class_list":{"0":"post-68423","1":"product","2":"type-product","3":"status-publish","4":"has-post-thumbnail","6":"product_cat-ofertas-jugycol","7":"product_cat-ofertas-primavera-juguetes","8":"product_cat-juguetesycoleccionables","9":"product_cat-juguetes","10":"product_cat-montables-y-control-remoto","12":"first","13":"instock","14":"sale","15":"shipping-taxable","16":"purchasable","17":"product-type-simple"},"acf":[],"_links":{"self":[{"href":"https:\/\/defabrica.com.mx\/defabrica\/wp-json\/wp\/v2\/product\/68423","targetHints":{"allow":["GET"]}}],"collection":[{"href":"https:\/\/defabrica.com.mx\/defabrica\/wp-json\/wp\/v2\/product"}],"about":[{"href":"https:\/\/defabrica.com.mx\/defabrica\/wp-json\/wp\/v2\/types\/product"}],"replies":[{"embeddable":true,"href":"https:\/\/defabrica.com.mx\/defabrica\/wp-json\/wp\/v2\/comments?post=68423"}],"wp:featuredmedia":[{"embeddable":true,"href":"https:\/\/defabrica.com.mx\/defabrica\/wp-json\/wp\/v2\/media\/68424"}],"wp:attachment":[{"href":"https:\/\/defabrica.com.mx\/defabrica\/wp-json\/wp\/v2\/media?parent=68423"}],"wp:term":[{"taxonomy":"product_brand","embeddable":true,"href":"https:\/\/defabrica.com.mx\/defabrica\/wp-json\/wp\/v2\/product_brand?post=68423"},{"taxonomy":"product_cat","embeddable":true,"href":"https:\/\/defabrica.com.mx\/defabrica\/wp-json\/wp\/v2\/product_cat?post=68423"},{"taxonomy":"product_tag","embeddable":true,"href":"https:\/\/defabrica.com.mx\/defabrica\/wp-json\/wp\/v2\/product_tag?post=68423"}],"curies":[{"name":"wp","href":"https:\/\/api.w.org\/{rel}","templated":true}]}}