{"id":68387,"date":"2021-12-14T16:57:00","date_gmt":"2021-12-14T22:57:00","guid":{"rendered":"https:\/\/defabrica.com.mx\/defabrica\/?post_type=product&#038;p=68387"},"modified":"2023-01-27T12:49:05","modified_gmt":"2023-01-27T18:49:05","slug":"gotrax-srx-pro-hoverboard-con-altavoz-bluetooth-distancia-de-12-km-peso-maximo-de-110-km-velocidad-maxima-de-12km-h-neumaticos-todoterreno-de-8-5-pulgadas-y-faros-led-negros","status":"publish","type":"product","link":"https:\/\/defabrica.com.mx\/defabrica\/producto\/gotrax-srx-pro-hoverboard-con-altavoz-bluetooth-distancia-de-12-km-peso-maximo-de-110-km-velocidad-maxima-de-12km-h-neumaticos-todoterreno-de-8-5-pulgadas-y-faros-led-negros\/","title":{"rendered":"GOTRAX SRX PRO Hoverboard con altavoz Bluetooth, distancia de 12 km, peso m\u00e1ximo de 110 km, velocidad m\u00e1xima de 12km\/h, neum\u00e1ticos todoterreno de 8.5 pulgadas y faros LED negros"},"content":{"rendered":"<div class=\"mb3\">\n<div class=\"dangerous-html mb3\">\n<p>Conozca el hoverboard todoterreno m\u00e1s nuevo, el src pro es parte de la serie src.\u00a0\u00a1Enfr\u00e9ntate a cualquier terreno o aventura con los resistentes neum\u00e1ticos de goma resistentes de 8,5 pulgadas del src pro!\u00a0Active el modo de autoequilibrio y observe c\u00f3mo el hoverboard todoterreno usa su giroscopio para mantener los pedales nivelados con el suelo con o sin un ciclista.\u00a0Facilitando la subida y bajada del scooter.\u00a0El src pro viene equipado con un altavoz Bluetooth.\u00a0Para que pueda disfrutar de la m\u00fasica de forma segura, sin amortiguar los ruidos importantes del mundo que le rodea.\u00a0Cada src pro funciona con motores duales de 250 vatios y una bater\u00eda de 36 V para un rendimiento \u00f3ptimo.<\/p>\n<h3><strong>Caracter\u00edsticas<\/strong><\/h3>\n<ul>\n<li>ALTAVOZ BLUETOOTH: escuche m\u00fasica de forma segura mientras conduce su hoverboard autoequilibrado<\/li>\n<li>Bater\u00eda de 500 W y 36 V: alimenta el SRX PRO hasta 7,4 mph para una distancia de 7,5 millas<\/li>\n<li>TODOS LOS NEUM\u00c1TICOS DE TERRENO: este hoverboard todoterreno cuenta con neum\u00e1ticos 8.5 resistentes adecuados para carreteras, tierra o c\u00e9sped.<\/li>\n<li>MODO DE AUTOEQUILIBRIO: active este modo y el hoverboard se autonivelar\u00e1 para facilitar su conducci\u00f3n.<\/li>\n<li>CERTIFICADO POR UL2272: sistemas el\u00e9ctricos, de bater\u00eda y de cargador probados y certificados seg\u00fan las normas de seguridad UL 2272.<\/li>\n<\/ul>\n<\/div>\n<\/div>\n<div class=\"mb3\"><\/div>\n","protected":false},"excerpt":{"rendered":"<p>Conozca el hoverboard todoterreno m\u00e1s nuevo, el src pro es parte de la serie src.\u00a0\u00a1Enfr\u00e9ntate a cualquier terreno o aventura con los resistentes neum\u00e1ticos de goma resistentes de 8,5 pulgadas<\/p>\n","protected":false},"featured_media":68388,"comment_status":"open","ping_status":"closed","template":"","meta":{"_acf_changed":false,"_joinchat":[]},"product_brand":[],"product_cat":[1519,886,1097,1197],"product_tag":[],"class_list":{"0":"post-68387","1":"product","2":"type-product","3":"status-publish","4":"has-post-thumbnail","6":"product_cat-ofertas-jugycol","7":"product_cat-juguetesycoleccionables","8":"product_cat-juguetes","9":"product_cat-patines-y-scooters","11":"first","12":"instock","13":"sale","14":"shipping-taxable","15":"purchasable","16":"product-type-simple"},"acf":[],"_links":{"self":[{"href":"https:\/\/defabrica.com.mx\/defabrica\/wp-json\/wp\/v2\/product\/68387","targetHints":{"allow":["GET"]}}],"collection":[{"href":"https:\/\/defabrica.com.mx\/defabrica\/wp-json\/wp\/v2\/product"}],"about":[{"href":"https:\/\/defabrica.com.mx\/defabrica\/wp-json\/wp\/v2\/types\/product"}],"replies":[{"embeddable":true,"href":"https:\/\/defabrica.com.mx\/defabrica\/wp-json\/wp\/v2\/comments?post=68387"}],"wp:featuredmedia":[{"embeddable":true,"href":"https:\/\/defabrica.com.mx\/defabrica\/wp-json\/wp\/v2\/media\/68388"}],"wp:attachment":[{"href":"https:\/\/defabrica.com.mx\/defabrica\/wp-json\/wp\/v2\/media?parent=68387"}],"wp:term":[{"taxonomy":"product_brand","embeddable":true,"href":"https:\/\/defabrica.com.mx\/defabrica\/wp-json\/wp\/v2\/product_brand?post=68387"},{"taxonomy":"product_cat","embeddable":true,"href":"https:\/\/defabrica.com.mx\/defabrica\/wp-json\/wp\/v2\/product_cat?post=68387"},{"taxonomy":"product_tag","embeddable":true,"href":"https:\/\/defabrica.com.mx\/defabrica\/wp-json\/wp\/v2\/product_tag?post=68387"}],"curies":[{"name":"wp","href":"https:\/\/api.w.org\/{rel}","templated":true}]}}