{"id":68359,"date":"2021-12-14T16:47:47","date_gmt":"2021-12-14T22:47:47","guid":{"rendered":"https:\/\/defabrica.com.mx\/defabrica\/?post_type=product&#038;p=68359"},"modified":"2023-01-27T12:42:13","modified_gmt":"2023-01-27T18:42:13","slug":"hover-1-i-200-hoverboard-con-altavoz-bluetooth-incorporado-faros-led-luces-led-en-las-ruedas-velocidad-maxima-de-12-km-h-color-negro","status":"publish","type":"product","link":"https:\/\/defabrica.com.mx\/defabrica\/producto\/hover-1-i-200-hoverboard-con-altavoz-bluetooth-incorporado-faros-led-luces-led-en-las-ruedas-velocidad-maxima-de-12-km-h-color-negro\/","title":{"rendered":"Hover-1 I-200 Hoverboard con altavoz Bluetooth incorporado, faros LED, luces LED en las ruedas, velocidad m\u00e1xima de 12 KM\/H, color negro"},"content":{"rendered":"<div class=\"mb3\">\n<div class=\"dangerous-html mb3\">\n<p>Si est\u00e1 buscando un Hoverboard r\u00e1pido, conveniente y f\u00e1cil de montar, el I-200 siempre es una buena opci\u00f3n.\u00a0Con un potente motor de 320 W, este hoverboard puede alcanzar velocidades de hasta 7 mph y soportar un peso de 160 libras, lo que la convierte en la tabla perfecta para ni\u00f1os.\u00a0Elija entre una variedad de colores y permita que el sistema de iluminaci\u00f3n LED integrado ilumine el camino.\u00a0El I-200 puede ser liviano y asequible, pero ciertamente tiene un gran impacto.\u00a0Sin mencionar que viene con dos ruedas de 6,5 \u201dde buen tama\u00f1o, que te permitir\u00e1n andar c\u00f3modamente en varias superficies.\u00a0\u00a1Perfecto para ni\u00f1os que necesitan un paseo suave!<\/p>\n<p>&nbsp;<\/p>\n<\/div>\n<\/div>\n<h3><strong>Caracter\u00edsticas<\/strong><\/h3>\n<ul>\n<li>Velocidad m\u00e1xima: 7 mph<\/li>\n<li>Distancia m\u00e1xima: 6 millas<\/li>\n<li>Peso m\u00e1ximo: 160 libras<\/li>\n<li>Almohadillas antideslizantes<\/li>\n<li>Faros LED brillantes<\/li>\n<li>Ruedas LED Infinity<\/li>\n<li>Neum\u00e1ticos LED<\/li>\n<li>Altavoz Bluetooth (R) integrado<\/li>\n<li>Bater\u00eda de iones de litio<\/li>\n<li>Ruedas s\u00f3lidas de 6.5 \u00ab<\/li>\n<\/ul>\n<div class=\"mb3\"><\/div>\n","protected":false},"excerpt":{"rendered":"<p>Si est\u00e1 buscando un Hoverboard r\u00e1pido, conveniente y f\u00e1cil de montar, el I-200 siempre es una buena opci\u00f3n.\u00a0Con un potente motor de 320 W, este hoverboard puede alcanzar velocidades de<\/p>\n","protected":false},"featured_media":68360,"comment_status":"open","ping_status":"closed","template":"","meta":{"_acf_changed":false,"_joinchat":[]},"product_brand":[],"product_cat":[1519,886,1097,1197],"product_tag":[],"class_list":{"0":"post-68359","1":"product","2":"type-product","3":"status-publish","4":"has-post-thumbnail","6":"product_cat-ofertas-jugycol","7":"product_cat-juguetesycoleccionables","8":"product_cat-juguetes","9":"product_cat-patines-y-scooters","11":"first","12":"instock","13":"sale","14":"shipping-taxable","15":"purchasable","16":"product-type-simple"},"acf":[],"_links":{"self":[{"href":"https:\/\/defabrica.com.mx\/defabrica\/wp-json\/wp\/v2\/product\/68359","targetHints":{"allow":["GET"]}}],"collection":[{"href":"https:\/\/defabrica.com.mx\/defabrica\/wp-json\/wp\/v2\/product"}],"about":[{"href":"https:\/\/defabrica.com.mx\/defabrica\/wp-json\/wp\/v2\/types\/product"}],"replies":[{"embeddable":true,"href":"https:\/\/defabrica.com.mx\/defabrica\/wp-json\/wp\/v2\/comments?post=68359"}],"wp:featuredmedia":[{"embeddable":true,"href":"https:\/\/defabrica.com.mx\/defabrica\/wp-json\/wp\/v2\/media\/68360"}],"wp:attachment":[{"href":"https:\/\/defabrica.com.mx\/defabrica\/wp-json\/wp\/v2\/media?parent=68359"}],"wp:term":[{"taxonomy":"product_brand","embeddable":true,"href":"https:\/\/defabrica.com.mx\/defabrica\/wp-json\/wp\/v2\/product_brand?post=68359"},{"taxonomy":"product_cat","embeddable":true,"href":"https:\/\/defabrica.com.mx\/defabrica\/wp-json\/wp\/v2\/product_cat?post=68359"},{"taxonomy":"product_tag","embeddable":true,"href":"https:\/\/defabrica.com.mx\/defabrica\/wp-json\/wp\/v2\/product_tag?post=68359"}],"curies":[{"name":"wp","href":"https:\/\/api.w.org\/{rel}","templated":true}]}}