{"id":68329,"date":"2021-12-14T16:35:19","date_gmt":"2021-12-14T22:35:19","guid":{"rendered":"https:\/\/defabrica.com.mx\/defabrica\/?post_type=product&#038;p=68329"},"modified":"2023-01-27T12:37:31","modified_gmt":"2023-01-27T18:37:31","slug":"jetson-rave-hoverboard-limite-de-peso-110-kg-12-anos-morado-altavoz-bluetooth-ruedas-con-luz-led-personalizables-de-espectro-completo-20-km-h-rango-de-16-km-tiempo-de-carga-de-3-horas-24-v","status":"publish","type":"product","link":"https:\/\/defabrica.com.mx\/defabrica\/producto\/jetson-rave-hoverboard-limite-de-peso-110-kg-12-anos-morado-altavoz-bluetooth-ruedas-con-luz-led-personalizables-de-espectro-completo-20-km-h-rango-de-16-km-tiempo-de-carga-de-3-horas-24-v\/","title":{"rendered":"Jetson Rave Hoverboard, L\u00edmite de peso 110 kg., 12+ a\u00f1os, Morado, Altavoz Bluetooth, Ruedas con luz LED personalizables de espectro completo, 20 km\/h, Rango de 16 km, Tiempo de carga de 3 horas, 24 V, Iones de litio de 4.0 Ah"},"content":{"rendered":"<p>Este es un hoverboard por el que vale la pena hablar.\u00a0Comienza la fiesta con el Hoverboard Jetson Rave Extreme Terrain.\u00a0Las ruedas con luces c\u00f3smicas hacen que el Rave sea incre\u00edble al siguiente nivel, con luces LED personalizables que parpadean en colores mientras conduces.\u00a0Un altavoz Bluetooth mejorado ofrece un sonido n\u00edtido y claro y las luces LED frontales parpadean al ritmo de su m\u00fasica.\u00a0Le prometemos que dejar\u00e1 a los espectadores en trance.\u00a0Con la tecnolog\u00eda Active Balance, el Rave usa sensores internos para mantenerte nivelado y estable mientras conduces, mientras que la aplicaci\u00f3n gratuita Ride Jetson desbloquea funciones a\u00fan m\u00e1s emocionantes.\u00a0Con el Jetson Rave, nunca debes dejar que la fiesta se detenga.<\/p>\n<h3><strong>Caracter\u00edsticas<\/strong><\/h3>\n<ul>\n<li>Luces LED delanteras con ruedas Light-up: Sparkle, mientras viajas en el Rave Hoverboard, estas ruedas iluminadas seguramente har\u00e1n que la fiesta comience<\/li>\n<li>Tecnolog\u00eda Active Balance: los sensores internos lo mantienen nivelado y estable<\/li>\n<li>Neum\u00e1ticos para terrenos extremos: dise\u00f1ados para manejar viajes todoterreno m\u00e1s aventureros<\/li>\n<li>Motor de buje de 400 vatios: alcanza una velocidad m\u00e1xima de 10 mph en un rango de 12 millas<\/li>\n<li>Aplicaci\u00f3n Free Ride Jetson: descargue la aplicaci\u00f3n para desbloquear a\u00fan m\u00e1s funciones: rastree su viaje, personalice sus configuraciones de velocidad y aceleraci\u00f3n (principiante, intermedio o avanzado), controle su m\u00fasica y personalice sus luces<\/li>\n<li>Altavoz Bluetooth mejorado: ofrece un sonido n\u00edtido y claro mientras las luces LED frontales parpadean al ritmo de su m\u00fasica.<\/li>\n<\/ul>\n","protected":false},"excerpt":{"rendered":"<p>Este es un hoverboard por el que vale la pena hablar.\u00a0Comienza la fiesta con el Hoverboard Jetson Rave Extreme Terrain.\u00a0Las ruedas con luces c\u00f3smicas hacen que el Rave sea incre\u00edble<\/p>\n","protected":false},"featured_media":68330,"comment_status":"open","ping_status":"closed","template":"","meta":{"_acf_changed":false,"_joinchat":[]},"product_brand":[],"product_cat":[1519,1508,886,1097,1197],"product_tag":[],"class_list":{"0":"post-68329","1":"product","2":"type-product","3":"status-publish","4":"has-post-thumbnail","6":"product_cat-ofertas-jugycol","7":"product_cat-ofertas-primavera-juguetes","8":"product_cat-juguetesycoleccionables","9":"product_cat-juguetes","10":"product_cat-patines-y-scooters","12":"first","13":"instock","14":"sale","15":"shipping-taxable","16":"purchasable","17":"product-type-simple"},"acf":[],"_links":{"self":[{"href":"https:\/\/defabrica.com.mx\/defabrica\/wp-json\/wp\/v2\/product\/68329","targetHints":{"allow":["GET"]}}],"collection":[{"href":"https:\/\/defabrica.com.mx\/defabrica\/wp-json\/wp\/v2\/product"}],"about":[{"href":"https:\/\/defabrica.com.mx\/defabrica\/wp-json\/wp\/v2\/types\/product"}],"replies":[{"embeddable":true,"href":"https:\/\/defabrica.com.mx\/defabrica\/wp-json\/wp\/v2\/comments?post=68329"}],"wp:featuredmedia":[{"embeddable":true,"href":"https:\/\/defabrica.com.mx\/defabrica\/wp-json\/wp\/v2\/media\/68330"}],"wp:attachment":[{"href":"https:\/\/defabrica.com.mx\/defabrica\/wp-json\/wp\/v2\/media?parent=68329"}],"wp:term":[{"taxonomy":"product_brand","embeddable":true,"href":"https:\/\/defabrica.com.mx\/defabrica\/wp-json\/wp\/v2\/product_brand?post=68329"},{"taxonomy":"product_cat","embeddable":true,"href":"https:\/\/defabrica.com.mx\/defabrica\/wp-json\/wp\/v2\/product_cat?post=68329"},{"taxonomy":"product_tag","embeddable":true,"href":"https:\/\/defabrica.com.mx\/defabrica\/wp-json\/wp\/v2\/product_tag?post=68329"}],"curies":[{"name":"wp","href":"https:\/\/api.w.org\/{rel}","templated":true}]}}