{"id":68321,"date":"2021-12-14T16:32:36","date_gmt":"2021-12-14T22:32:36","guid":{"rendered":"https:\/\/defabrica.com.mx\/defabrica\/?post_type=product&#038;p=68321"},"modified":"2023-01-27T12:36:40","modified_gmt":"2023-01-27T18:36:40","slug":"hover-1-matrix-hoverboard-electrico-certificado-por-ul-plateado-con-ruedas-de-6-5-pulgadas-luces-led-con-sensor-luces-led-para-ruedas-altavoz-bluetooth-ideal-para-ninos-y-ninas-de-8-anos-o-mas","status":"publish","type":"product","link":"https:\/\/defabrica.com.mx\/defabrica\/producto\/hover-1-matrix-hoverboard-electrico-certificado-por-ul-plateado-con-ruedas-de-6-5-pulgadas-luces-led-con-sensor-luces-led-para-ruedas-altavoz-bluetooth-ideal-para-ninos-y-ninas-de-8-anos-o-mas\/","title":{"rendered":"Hover-1 Matrix Hoverboard el\u00e9ctrico certificado por UL, plateado, con ruedas de 6.5 pulgadas, luces LED con sensor, luces LED para ruedas, altavoz Bluetooth; Ideal para ni\u00f1os y ni\u00f1as de 8 a\u00f1os o m\u00e1s &#8211; peso max 90kg."},"content":{"rendered":"<p>Ingrese a la matriz con el Hoverboard Hover-1 Matrix.\u00a0Este emocionante hoverboard es liviano, pero resistente, y soporta un peso que var\u00eda de 45 libras a 160 libras.\u00a0Perfecto para ciclistas de todos los niveles, este potente hoverboard cuenta con motores duales de 160 W para ponerlo al d\u00eda r\u00e1pidamente. Matrix hace que viajar sea f\u00e1cil y divertido.\u00a0Mu\u00e9vase a una velocidad m\u00e1xima de 11 km \/ h para garantizar un viaje seguro, divertido y suave hacia y desde sus destinos favoritos.\u00a0No lo olvides, incluso viene con una clasificaci\u00f3n de resistencia al agua IPX4 para mantenerte en movimiento bajo la lluvia o a trav\u00e9s de salpicaduras y charcos.<\/p>\n<h3><strong>Caracter\u00edsticas<\/strong><\/h3>\n<div class=\"mb3\">\n<div class=\"dangerous-html mb3\">\n<ul>\n<li>Ruedas s\u00f3lidas de 6.5 \u00ab<\/li>\n<li>Luces LED para faros delanteros<\/li>\n<li>Luces LED para Ruedas<\/li>\n<li>Motor de 320W<\/li>\n<li>Peso m\u00e1ximo: 180 libras<\/li>\n<li>Velocidad m\u00e1xima: 7 mph<\/li>\n<li>Distancia m\u00e1xima: 3 millas<\/li>\n<li>Bocina Bluetooth<\/li>\n<\/ul>\n<\/div>\n<\/div>\n<div class=\"w_Cl w_Co bn bg-transparent dark-gray pa0 sans-serif mb3 lh-copy\"><\/div>\n","protected":false},"excerpt":{"rendered":"<p>Ingrese a la matriz con el Hoverboard Hover-1 Matrix.\u00a0Este emocionante hoverboard es liviano, pero resistente, y soporta un peso que var\u00eda de 45 libras a 160 libras.\u00a0Perfecto para ciclistas de<\/p>\n","protected":false},"featured_media":68322,"comment_status":"open","ping_status":"closed","template":"","meta":{"_acf_changed":false,"_joinchat":[]},"product_brand":[],"product_cat":[1519,1508,886,1097,1197],"product_tag":[],"class_list":{"0":"post-68321","1":"product","2":"type-product","3":"status-publish","4":"has-post-thumbnail","6":"product_cat-ofertas-jugycol","7":"product_cat-ofertas-primavera-juguetes","8":"product_cat-juguetesycoleccionables","9":"product_cat-juguetes","10":"product_cat-patines-y-scooters","12":"first","13":"instock","14":"sale","15":"shipping-taxable","16":"purchasable","17":"product-type-simple"},"acf":[],"_links":{"self":[{"href":"https:\/\/defabrica.com.mx\/defabrica\/wp-json\/wp\/v2\/product\/68321","targetHints":{"allow":["GET"]}}],"collection":[{"href":"https:\/\/defabrica.com.mx\/defabrica\/wp-json\/wp\/v2\/product"}],"about":[{"href":"https:\/\/defabrica.com.mx\/defabrica\/wp-json\/wp\/v2\/types\/product"}],"replies":[{"embeddable":true,"href":"https:\/\/defabrica.com.mx\/defabrica\/wp-json\/wp\/v2\/comments?post=68321"}],"wp:featuredmedia":[{"embeddable":true,"href":"https:\/\/defabrica.com.mx\/defabrica\/wp-json\/wp\/v2\/media\/68322"}],"wp:attachment":[{"href":"https:\/\/defabrica.com.mx\/defabrica\/wp-json\/wp\/v2\/media?parent=68321"}],"wp:term":[{"taxonomy":"product_brand","embeddable":true,"href":"https:\/\/defabrica.com.mx\/defabrica\/wp-json\/wp\/v2\/product_brand?post=68321"},{"taxonomy":"product_cat","embeddable":true,"href":"https:\/\/defabrica.com.mx\/defabrica\/wp-json\/wp\/v2\/product_cat?post=68321"},{"taxonomy":"product_tag","embeddable":true,"href":"https:\/\/defabrica.com.mx\/defabrica\/wp-json\/wp\/v2\/product_tag?post=68321"}],"curies":[{"name":"wp","href":"https:\/\/api.w.org\/{rel}","templated":true}]}}