{"id":68298,"date":"2021-12-14T16:24:15","date_gmt":"2021-12-14T22:24:15","guid":{"rendered":"https:\/\/defabrica.com.mx\/defabrica\/?post_type=product&#038;p=68298"},"modified":"2023-02-10T19:58:24","modified_gmt":"2023-02-11T01:58:24","slug":"razor-black-label-hovertrax-hoverboard-para-ninos-de-8-anos-en-adelante-color-purpura-cinta-de-agarre-y-luces-led-personalizables-hasta-15-km-h-bateria-de-iones-de-litio-de-252-v-certificacion-u","status":"publish","type":"product","link":"https:\/\/defabrica.com.mx\/defabrica\/producto\/razor-black-label-hovertrax-hoverboard-para-ninos-de-8-anos-en-adelante-color-purpura-cinta-de-agarre-y-luces-led-personalizables-hasta-15-km-h-bateria-de-iones-de-litio-de-252-v-certificacion-u\/","title":{"rendered":"Razor Black Label Hovertrax Hoverboard para ni\u00f1os de 8 a\u00f1os en adelante, color p\u00farpura, cinta de agarre y luces LED personalizables, hasta 15 km\/h, bater\u00eda de iones de litio de 25,2 V, certificaci\u00f3n UL2272"},"content":{"rendered":"<div class=\"mb3\">\n<div class=\"dangerous-html mb3\">\n<p>El scooter inteligente Razor Hovertrax Black Label es la forma m\u00e1s genial de moverse por la ciudad en estos d\u00edas.\u00a0El Hovertrax Black Label ha intensificado su juego y muestra nuevas caracter\u00edsticas de primer nivel que incluyen velocidades de hasta 8 mph, 60 minutos de uso continuo, luces LED azules y diferentes modos de conducci\u00f3n y deslizamiento.\u00a0La plataforma de goma antideslizante para los pies hace que este hoverboard sea un paseo estable y te permite detenerte en una moneda de diez centavos una vez que hayas hecho ese dulce giro de 360 \u200b\u200bgrados.\u00a0Cuenta con un marco resistente a roturas con protecci\u00f3n de parachoques y puede soportar hasta 220 libras.\u00a0Tritura el pavimento y re\u00fanase con la pandilla con estilo en el scooter inteligente Razor Hovertrax.<\/p>\n<h3><\/h3>\n<h3><strong>Caracter\u00edsticas<\/strong><\/h3>\n<\/div>\n<\/div>\n<ul>\n<li class=\"mb3\">Iluminado con color: dos barras de luz frontales multicolores y cubos de rueda animados con luces LED.<\/li>\n<li class=\"mb3\">Con motor el\u00e9ctrico: disfrute de velocidades de hasta 9 mph (14,5 km \/ h) con dos motores de cubo sin escobillas de 150 vatios y hasta 40 minutos de tiempo de conducci\u00f3n continua con una sola carga de bater\u00eda.<\/li>\n<li class=\"mb3\">Divertido y equilibrado: la tecnolog\u00eda de autoequilibrio Ever Balance de Razor proporciona un montaje m\u00e1s f\u00e1cil y una conducci\u00f3n m\u00e1s suave y segura.<\/li>\n<li class=\"mb3\">Conduce con confianza: un indicador de modo te permite seleccionar entre el modo de entrenamiento o el modo normal y una plataforma antideslizante permite que los ciclistas de todos los niveles se sientan seguros y confiados.<\/li>\n<li class=\"mb3\">Nivel de seguridad superior: la maquinilla de afeitar patentada Razor Hovertrax cuenta con la certificaci\u00f3n UL 2272 y cumple con los m\u00e1s altos est\u00e1ndares de seguridad de la industria.<\/li>\n<\/ul>\n","protected":false},"excerpt":{"rendered":"<p>El scooter inteligente Razor Hovertrax Black Label es la forma m\u00e1s genial de moverse por la ciudad en estos d\u00edas.\u00a0El Hovertrax Black Label ha intensificado su juego y muestra nuevas<\/p>\n","protected":false},"featured_media":68303,"comment_status":"open","ping_status":"closed","template":"","meta":{"_acf_changed":false,"_joinchat":[]},"product_brand":[],"product_cat":[1519,886,1097,1197],"product_tag":[],"class_list":{"0":"post-68298","1":"product","2":"type-product","3":"status-publish","4":"has-post-thumbnail","6":"product_cat-ofertas-jugycol","7":"product_cat-juguetesycoleccionables","8":"product_cat-juguetes","9":"product_cat-patines-y-scooters","11":"first","12":"instock","13":"sale","14":"shipping-taxable","15":"purchasable","16":"product-type-simple"},"acf":[],"_links":{"self":[{"href":"https:\/\/defabrica.com.mx\/defabrica\/wp-json\/wp\/v2\/product\/68298","targetHints":{"allow":["GET"]}}],"collection":[{"href":"https:\/\/defabrica.com.mx\/defabrica\/wp-json\/wp\/v2\/product"}],"about":[{"href":"https:\/\/defabrica.com.mx\/defabrica\/wp-json\/wp\/v2\/types\/product"}],"replies":[{"embeddable":true,"href":"https:\/\/defabrica.com.mx\/defabrica\/wp-json\/wp\/v2\/comments?post=68298"}],"wp:featuredmedia":[{"embeddable":true,"href":"https:\/\/defabrica.com.mx\/defabrica\/wp-json\/wp\/v2\/media\/68303"}],"wp:attachment":[{"href":"https:\/\/defabrica.com.mx\/defabrica\/wp-json\/wp\/v2\/media?parent=68298"}],"wp:term":[{"taxonomy":"product_brand","embeddable":true,"href":"https:\/\/defabrica.com.mx\/defabrica\/wp-json\/wp\/v2\/product_brand?post=68298"},{"taxonomy":"product_cat","embeddable":true,"href":"https:\/\/defabrica.com.mx\/defabrica\/wp-json\/wp\/v2\/product_cat?post=68298"},{"taxonomy":"product_tag","embeddable":true,"href":"https:\/\/defabrica.com.mx\/defabrica\/wp-json\/wp\/v2\/product_tag?post=68298"}],"curies":[{"name":"wp","href":"https:\/\/api.w.org\/{rel}","templated":true}]}}