{"id":68285,"date":"2021-12-14T16:17:36","date_gmt":"2021-12-14T22:17:36","guid":{"rendered":"https:\/\/defabrica.com.mx\/defabrica\/?post_type=product&#038;p=68285"},"modified":"2023-01-27T11:38:43","modified_gmt":"2023-01-27T17:38:43","slug":"hover-1-eclipse-hoverboard-con-ruedas-de-8-pulgadas-faros-led-ultrabrillantes-personalizables-altavoz-bluetooth-incorporado-tiempo-de-carga-de-4-horas-velocidad-maxima-de-12-km-h-iridiscente","status":"publish","type":"product","link":"https:\/\/defabrica.com.mx\/defabrica\/producto\/hover-1-eclipse-hoverboard-con-ruedas-de-8-pulgadas-faros-led-ultrabrillantes-personalizables-altavoz-bluetooth-incorporado-tiempo-de-carga-de-4-horas-velocidad-maxima-de-12-km-h-iridiscente\/","title":{"rendered":"Hover-1 Eclipse Hoverboard con ruedas de 8 pulgadas, faros LED ultrabrillantes personalizables, altavoz Bluetooth incorporado, tiempo de carga de 4 horas, velocidad m\u00e1xima de 12 km\/h, iridiscente"},"content":{"rendered":"<div class=\"mb3\">\n<div class=\"dangerous-html mb3\">\n<p>El Hover-1 Eclipse Hoverboard es un hoverboard que suena tan bien como parece.\u00a0Con una hermosa tira de LED que se extiende por la parte frontal de la tabla, junto con parlantes Bluetooth integrados, puedes montar y bailar todo el d\u00eda o la noche.\u00a0Descarga la aplicaci\u00f3n y comb\u00ednala con tu tel\u00e9fono para controlar tus canciones mientras conduces.\u00a0Si est\u00e1 listo para ver c\u00f3mo es el futuro de la movilidad, aseg\u00farese de probar Eclipse.\u00a0Te enamorar\u00e1s de la integraci\u00f3n de la aplicaci\u00f3n, junto con el dise\u00f1o brillante, elegante e iluminado.\u00a0Es como si el futuro hubiera venido a atraparnos.\u00a0\u00abViaja a la velocidad de la vida\u00bb.<\/p>\n<\/div>\n<\/div>\n<p>&nbsp;<\/p>\n","protected":false},"excerpt":{"rendered":"<p>El Hover-1 Eclipse Hoverboard es un hoverboard que suena tan bien como parece.\u00a0Con una hermosa tira de LED que se extiende por la parte frontal de la tabla, junto con<\/p>\n","protected":false},"featured_media":68286,"comment_status":"open","ping_status":"closed","template":"","meta":{"_acf_changed":false,"_joinchat":[]},"product_brand":[],"product_cat":[1519,886,1097,1197],"product_tag":[],"class_list":{"0":"post-68285","1":"product","2":"type-product","3":"status-publish","4":"has-post-thumbnail","6":"product_cat-ofertas-jugycol","7":"product_cat-juguetesycoleccionables","8":"product_cat-juguetes","9":"product_cat-patines-y-scooters","11":"first","12":"instock","13":"sale","14":"shipping-taxable","15":"purchasable","16":"product-type-simple"},"acf":[],"_links":{"self":[{"href":"https:\/\/defabrica.com.mx\/defabrica\/wp-json\/wp\/v2\/product\/68285","targetHints":{"allow":["GET"]}}],"collection":[{"href":"https:\/\/defabrica.com.mx\/defabrica\/wp-json\/wp\/v2\/product"}],"about":[{"href":"https:\/\/defabrica.com.mx\/defabrica\/wp-json\/wp\/v2\/types\/product"}],"replies":[{"embeddable":true,"href":"https:\/\/defabrica.com.mx\/defabrica\/wp-json\/wp\/v2\/comments?post=68285"}],"wp:featuredmedia":[{"embeddable":true,"href":"https:\/\/defabrica.com.mx\/defabrica\/wp-json\/wp\/v2\/media\/68286"}],"wp:attachment":[{"href":"https:\/\/defabrica.com.mx\/defabrica\/wp-json\/wp\/v2\/media?parent=68285"}],"wp:term":[{"taxonomy":"product_brand","embeddable":true,"href":"https:\/\/defabrica.com.mx\/defabrica\/wp-json\/wp\/v2\/product_brand?post=68285"},{"taxonomy":"product_cat","embeddable":true,"href":"https:\/\/defabrica.com.mx\/defabrica\/wp-json\/wp\/v2\/product_cat?post=68285"},{"taxonomy":"product_tag","embeddable":true,"href":"https:\/\/defabrica.com.mx\/defabrica\/wp-json\/wp\/v2\/product_tag?post=68285"}],"curies":[{"name":"wp","href":"https:\/\/api.w.org\/{rel}","templated":true}]}}