{"id":67783,"date":"2021-12-10T17:00:11","date_gmt":"2021-12-10T23:00:11","guid":{"rendered":"https:\/\/defabrica.com.mx\/defabrica\/?post_type=product&#038;p=67783"},"modified":"2023-01-27T11:33:48","modified_gmt":"2023-01-27T17:33:48","slug":"swagtron-swag-board-warrior-t580-hover-board-con-luces-led-soporta-hasta-110kg-bluetooth-sincronizadas-con-musica-y-bateria-exclusiva-lifepo-rendimiento-hasta-12-km-cumple-con-ul-3","status":"publish","type":"product","link":"https:\/\/defabrica.com.mx\/defabrica\/producto\/swagtron-swag-board-warrior-t580-hover-board-con-luces-led-soporta-hasta-110kg-bluetooth-sincronizadas-con-musica-y-bateria-exclusiva-lifepo-rendimiento-hasta-12-km-cumple-con-ul-3\/","title":{"rendered":"Swagtron Swag board Warrior T580 Hover board con luces LED &#8211; soporta hasta 110kg &#8211; Bluetooth sincronizadas con m\u00fasica y bater\u00eda exclusiva LiFePo rendimiento hasta 12 km (cumple con UL)"},"content":{"rendered":"<p>Presentamos el\u00a0<b>swagBOARD T580 Warrior<\/b>\u00a0, un nuevo y emocionante hoverboard para ni\u00f1os y adolescentes de SWAGTRON.\u00a0Dise\u00f1ado para los j\u00f3venes guerreros de la acera de hoy, el swagBOARD Warrior T580 contiene una\u00a0<strong>bater\u00eda exclusiva LiFePo (fosfato de litio)<\/strong>\u00a0.\u00a0A diferencia de los competidores que utilizan iones de litio, la bater\u00eda interna LiFePo compatible con UL no es combustible ni inflamable por pinchazos, da\u00f1os f\u00edsicos o carga cuando se usa seg\u00fan lo previsto.\u00a0<b>\u00a1La seguridad es SWAG!<\/b><\/p>\n<p>Hoverboard en la parte superior.\u00a0Boombox en la parte inferior.\u00a0Agregamos tecnolog\u00eda EXCLUSIVA de sincronizaci\u00f3n de m\u00fasica a los efectos de suelo LED.\u00a0Para que pueda reproducir sus canciones favoritas en los parlantes Bluetooth y navegar con una iluminaci\u00f3n de efectos de suelo vibrante y colorida que se sincroniza autom\u00e1ticamente con su m\u00fasica.\u00a0Los motores duales de 250 vatios permiten a los pasajeros de hasta 200 libras navegar hasta 7.5 MPH.\u00a0Los neum\u00e1ticos de 6.5 pulgadas que no requieren mantenimiento se envuelven alrededor de las coloridas ruedas LED \u00ab\u00bb Infinity \u00ab\u00bb, lo que brinda una visibilidad adicional, especialmente en condiciones de poca luz.\u00a0El WarriorT580 tambi\u00e9n cuenta con faros LED ultrabrillantes y un indicador de bater\u00eda de f\u00e1cil visualizaci\u00f3n.<\/p>\n","protected":false},"excerpt":{"rendered":"<p>Presentamos el\u00a0swagBOARD T580 Warrior\u00a0, un nuevo y emocionante hoverboard para ni\u00f1os y adolescentes de SWAGTRON.\u00a0Dise\u00f1ado para los j\u00f3venes guerreros de la acera de hoy, el swagBOARD Warrior T580 contiene una\u00a0bater\u00eda<\/p>\n","protected":false},"featured_media":67784,"comment_status":"open","ping_status":"closed","template":"","meta":{"_acf_changed":false,"_joinchat":[]},"product_brand":[],"product_cat":[1519,886,1197],"product_tag":[],"class_list":{"0":"post-67783","1":"product","2":"type-product","3":"status-publish","4":"has-post-thumbnail","6":"product_cat-ofertas-jugycol","7":"product_cat-juguetesycoleccionables","8":"product_cat-patines-y-scooters","10":"first","11":"outofstock","12":"sale","13":"shipping-taxable","14":"purchasable","15":"product-type-simple"},"acf":[],"_links":{"self":[{"href":"https:\/\/defabrica.com.mx\/defabrica\/wp-json\/wp\/v2\/product\/67783","targetHints":{"allow":["GET"]}}],"collection":[{"href":"https:\/\/defabrica.com.mx\/defabrica\/wp-json\/wp\/v2\/product"}],"about":[{"href":"https:\/\/defabrica.com.mx\/defabrica\/wp-json\/wp\/v2\/types\/product"}],"replies":[{"embeddable":true,"href":"https:\/\/defabrica.com.mx\/defabrica\/wp-json\/wp\/v2\/comments?post=67783"}],"wp:featuredmedia":[{"embeddable":true,"href":"https:\/\/defabrica.com.mx\/defabrica\/wp-json\/wp\/v2\/media\/67784"}],"wp:attachment":[{"href":"https:\/\/defabrica.com.mx\/defabrica\/wp-json\/wp\/v2\/media?parent=67783"}],"wp:term":[{"taxonomy":"product_brand","embeddable":true,"href":"https:\/\/defabrica.com.mx\/defabrica\/wp-json\/wp\/v2\/product_brand?post=67783"},{"taxonomy":"product_cat","embeddable":true,"href":"https:\/\/defabrica.com.mx\/defabrica\/wp-json\/wp\/v2\/product_cat?post=67783"},{"taxonomy":"product_tag","embeddable":true,"href":"https:\/\/defabrica.com.mx\/defabrica\/wp-json\/wp\/v2\/product_tag?post=67783"}],"curies":[{"name":"wp","href":"https:\/\/api.w.org\/{rel}","templated":true}]}}