{"id":67763,"date":"2021-12-10T16:34:40","date_gmt":"2021-12-10T22:34:40","guid":{"rendered":"https:\/\/defabrica.com.mx\/defabrica\/?post_type=product&#038;p=67763"},"modified":"2023-01-27T11:31:20","modified_gmt":"2023-01-27T17:31:20","slug":"hover-1-rebel-hoverboard-velocidad-maxima-de-10km-h-60kg-peso-maximo-luces-led-tiempo-de-carga-de-5-horas-2","status":"publish","type":"product","link":"https:\/\/defabrica.com.mx\/defabrica\/producto\/hover-1-rebel-hoverboard-velocidad-maxima-de-10km-h-60kg-peso-maximo-luces-led-tiempo-de-carga-de-5-horas-2\/","title":{"rendered":"Hover-1 Rebel Hoverboard, velocidad m\u00e1xima de 10km\/h, 60kg Peso m\u00e1ximo., luces LED, tiempo de carga de 5 horas"},"content":{"rendered":"<p>Experimente un nuevo nivel de embarque con el hoverboard el\u00e9ctrico Voyager Hover Flow.\u00a0Tiene un reposapi\u00e9s iluminado y ruedas que a\u00f1aden estilo y mejoran tanto la visibilidad como la seguridad.\u00a0El hoverboard Hover Flow flash wheel tambi\u00e9n cuenta con tecnolog\u00eda de autoequilibrio para facilitar la conducci\u00f3n, el montaje y la navegaci\u00f3n mientras se mantiene erguido, ya sea que sea nuevo en hoverboards o sea un ciclista experto.\u00a0Ilumina las aceras con llantas que cambian de color y una almohadilla para los pies que cambia de color que recorre los modos de luz RGB.\u00a0Disfruta de la brisa con velocidades de crucero de hasta 5 mph y viaja hasta 3 millas por carga.\u00a0Un motor de doble eje de 300 W mantiene las ruedas en movimiento sin problemas, funcionando con una bater\u00eda recargable de 24 V \/ 2 Ah.\u00a0Con una clasificaci\u00f3n de resistencia al agua IPX4, no tiene que preocuparse por las salpicaduras de los charcos, y el Hover Flow tiene la clasificaci\u00f3n de seguridad m\u00e1s alta de la industria.<\/p>\n","protected":false},"excerpt":{"rendered":"<p>Experimente un nuevo nivel de embarque con el hoverboard el\u00e9ctrico Voyager Hover Flow.\u00a0Tiene un reposapi\u00e9s iluminado y ruedas que a\u00f1aden estilo y mejoran tanto la visibilidad como la seguridad.\u00a0El hoverboard<\/p>\n","protected":false},"featured_media":73033,"comment_status":"open","ping_status":"closed","template":"","meta":{"_acf_changed":false,"_joinchat":[]},"product_brand":[],"product_cat":[1519,886,1197],"product_tag":[],"class_list":{"0":"post-67763","1":"product","2":"type-product","3":"status-publish","4":"has-post-thumbnail","6":"product_cat-ofertas-jugycol","7":"product_cat-juguetesycoleccionables","8":"product_cat-patines-y-scooters","10":"first","11":"instock","12":"sale","13":"shipping-taxable","14":"purchasable","15":"product-type-simple"},"acf":[],"_links":{"self":[{"href":"https:\/\/defabrica.com.mx\/defabrica\/wp-json\/wp\/v2\/product\/67763","targetHints":{"allow":["GET"]}}],"collection":[{"href":"https:\/\/defabrica.com.mx\/defabrica\/wp-json\/wp\/v2\/product"}],"about":[{"href":"https:\/\/defabrica.com.mx\/defabrica\/wp-json\/wp\/v2\/types\/product"}],"replies":[{"embeddable":true,"href":"https:\/\/defabrica.com.mx\/defabrica\/wp-json\/wp\/v2\/comments?post=67763"}],"wp:featuredmedia":[{"embeddable":true,"href":"https:\/\/defabrica.com.mx\/defabrica\/wp-json\/wp\/v2\/media\/73033"}],"wp:attachment":[{"href":"https:\/\/defabrica.com.mx\/defabrica\/wp-json\/wp\/v2\/media?parent=67763"}],"wp:term":[{"taxonomy":"product_brand","embeddable":true,"href":"https:\/\/defabrica.com.mx\/defabrica\/wp-json\/wp\/v2\/product_brand?post=67763"},{"taxonomy":"product_cat","embeddable":true,"href":"https:\/\/defabrica.com.mx\/defabrica\/wp-json\/wp\/v2\/product_cat?post=67763"},{"taxonomy":"product_tag","embeddable":true,"href":"https:\/\/defabrica.com.mx\/defabrica\/wp-json\/wp\/v2\/product_tag?post=67763"}],"curies":[{"name":"wp","href":"https:\/\/api.w.org\/{rel}","templated":true}]}}