{"id":67735,"date":"2021-12-10T14:31:00","date_gmt":"2021-12-10T20:31:00","guid":{"rendered":"https:\/\/defabrica.com.mx\/defabrica\/?post_type=product&#038;p=67735"},"modified":"2023-01-27T11:27:32","modified_gmt":"2023-01-27T17:27:32","slug":"voyager-hover-beats-hoverboard-limite-de-90kg-ruedas-y-estribo-iluminados-velocidades-de-hasta-10km-h-hasta-8-km-por-carga-tiempo-de-carga-de-5-horas-bateria-de-36-v-2-ah-certificacion-ul-f-2","status":"publish","type":"product","link":"https:\/\/defabrica.com.mx\/defabrica\/producto\/voyager-hover-beats-hoverboard-limite-de-90kg-ruedas-y-estribo-iluminados-velocidades-de-hasta-10km-h-hasta-8-km-por-carga-tiempo-de-carga-de-5-horas-bateria-de-36-v-2-ah-certificacion-ul-f-2\/","title":{"rendered":"Voyager Hover Beats Hoverboard, l\u00edmite de 90kg, ruedas y estribo iluminados, velocidades de hasta  10km\/h, hasta 8 km por carga, tiempo de carga de 5 horas, bater\u00eda de 36 V \/ 2 Ah, certificaci\u00f3n UL, FCC, DOE, CEC"},"content":{"rendered":"<p>Si est\u00e1 buscando una alternativa emocionante a su scooter el\u00e9ctrico, elija el hoverboard Voyager Bluetooth ligero.\u00a0Apto para mayores de 14 a\u00f1os y capaz de soportar hasta 185 libras, este hoverboard Hover Beats de dos ruedas autoequilibrado para ni\u00f1os y ni\u00f1as tiene la tecnolog\u00eda Smart Balance que lo mantiene erguido y corrige el equilibrio vacilante.\u00a0Los parlantes Bluetooth y las luces de rueda LED activadas por sonido brindan un sonido de alta calidad e iluminaci\u00f3n brillante mientras navega en su c\u00f3moda tabla de equilibrio.\u00a0Con 18 libras, es m\u00e1s f\u00e1cil de transportar que la mayor\u00eda de las bicicletas el\u00e9ctricas, patinetas para adultos o patinetas para ni\u00f1os.\u00a0Las ruedas grandes de 6.5 pulgadas y la carcasa impermeable hacen que el hoverboard sea m\u00e1s duradero que la mayor\u00eda de los patinetes y zapatos flotantes para ni\u00f1os, por lo que es ideal para jugar al aire libre e incluso para deportes adaptados al hoverboard como el baloncesto.\u00a0El hoverboard Voyager<\/p>\n","protected":false},"excerpt":{"rendered":"<p>Si est\u00e1 buscando una alternativa emocionante a su scooter el\u00e9ctrico, elija el hoverboard Voyager Bluetooth ligero.\u00a0Apto para mayores de 14 a\u00f1os y capaz de soportar hasta 185 libras, este hoverboard<\/p>\n","protected":false},"featured_media":73034,"comment_status":"open","ping_status":"closed","template":"","meta":{"_acf_changed":false,"_joinchat":[]},"product_brand":[],"product_cat":[1519,886,1197],"product_tag":[],"class_list":{"0":"post-67735","1":"product","2":"type-product","3":"status-publish","4":"has-post-thumbnail","6":"product_cat-ofertas-jugycol","7":"product_cat-juguetesycoleccionables","8":"product_cat-patines-y-scooters","10":"first","11":"instock","12":"sale","13":"shipping-taxable","14":"purchasable","15":"product-type-simple"},"acf":[],"_links":{"self":[{"href":"https:\/\/defabrica.com.mx\/defabrica\/wp-json\/wp\/v2\/product\/67735","targetHints":{"allow":["GET"]}}],"collection":[{"href":"https:\/\/defabrica.com.mx\/defabrica\/wp-json\/wp\/v2\/product"}],"about":[{"href":"https:\/\/defabrica.com.mx\/defabrica\/wp-json\/wp\/v2\/types\/product"}],"replies":[{"embeddable":true,"href":"https:\/\/defabrica.com.mx\/defabrica\/wp-json\/wp\/v2\/comments?post=67735"}],"wp:featuredmedia":[{"embeddable":true,"href":"https:\/\/defabrica.com.mx\/defabrica\/wp-json\/wp\/v2\/media\/73034"}],"wp:attachment":[{"href":"https:\/\/defabrica.com.mx\/defabrica\/wp-json\/wp\/v2\/media?parent=67735"}],"wp:term":[{"taxonomy":"product_brand","embeddable":true,"href":"https:\/\/defabrica.com.mx\/defabrica\/wp-json\/wp\/v2\/product_brand?post=67735"},{"taxonomy":"product_cat","embeddable":true,"href":"https:\/\/defabrica.com.mx\/defabrica\/wp-json\/wp\/v2\/product_cat?post=67735"},{"taxonomy":"product_tag","embeddable":true,"href":"https:\/\/defabrica.com.mx\/defabrica\/wp-json\/wp\/v2\/product_tag?post=67735"}],"curies":[{"name":"wp","href":"https:\/\/api.w.org\/{rel}","templated":true}]}}