{"id":67728,"date":"2021-12-10T14:27:29","date_gmt":"2021-12-10T20:27:29","guid":{"rendered":"https:\/\/defabrica.com.mx\/defabrica\/?post_type=product&#038;p=67728"},"modified":"2023-01-27T11:26:08","modified_gmt":"2023-01-27T17:26:08","slug":"voyager-hover-beats-hoverboard-limite-de-90kg-ruedas-y-estribo-iluminados-velocidades-de-hasta-10km-h-hasta-8-km-por-carga-tiempo-de-carga-de-5-horas-bateria-de-36-v-2-ah-certificacion-ul-f","status":"publish","type":"product","link":"https:\/\/defabrica.com.mx\/defabrica\/producto\/voyager-hover-beats-hoverboard-limite-de-90kg-ruedas-y-estribo-iluminados-velocidades-de-hasta-10km-h-hasta-8-km-por-carga-tiempo-de-carga-de-5-horas-bateria-de-36-v-2-ah-certificacion-ul-f\/","title":{"rendered":"Voyager Hover Beats Hoverboard, l\u00edmite de 90kg, ruedas y estribo iluminados, velocidades de hasta  10km\/h, hasta 8 km por carga, tiempo de carga de 5 horas, bater\u00eda de 36 V \/ 2 Ah, certificaci\u00f3n UL, FCC, DOE, CEC"},"content":{"rendered":"<p>Da un paseo divertido por la acera mientras escuchas tu m\u00fasica favorita usando el hoverboard Voyager Hover Beats con Bluetooth.\u00a0Este hoverboard para adultos y ni\u00f1os viene equipado con parlantes Bluetooth incorporados y luces LED que reproducen m\u00fasica y sonido de alta calidad mientras navega.\u00a0El dise\u00f1o liviano del c\u00f3modo hoverboard Voyager ofrece portabilidad, mientras que la tecnolog\u00eda Smart Balance lo mantiene estable y erguido sin importar su nivel de experiencia.\u00a0Las ruedas grandes y la carcasa impermeable hacen que nuestro hoverboard sea duradero y resistente a las salpicaduras, por lo que es un compa\u00f1ero confiable para los deportes y el juego al aire libre.\u00a0El motor de doble eje de 400 W funciona con una bater\u00eda recargable para hasta 5 horas de tiempo de conducci\u00f3n.\u00a0Con luces LED brillantes activadas por sonido en la parte delantera y en las ruedas, podr\u00e1 ver hacia d\u00f3nde se dirige y resaltar su sentido del estilo.\u00a0Desde pasear por el campus hasta escuchar m\u00fasica sobre la marcha, el hoverboard Voyager Hover Beats Green con autoequilibrio es el mejor compa\u00f1ero de viaje.\u00a0Empar\u00e9jelo con su dispositivo m\u00f3vil para la transmisi\u00f3n inal\u00e1mbrica de audio.<\/p>\n","protected":false},"excerpt":{"rendered":"<p>Da un paseo divertido por la acera mientras escuchas tu m\u00fasica favorita usando el hoverboard Voyager Hover Beats con Bluetooth.\u00a0Este hoverboard para adultos y ni\u00f1os viene equipado con parlantes Bluetooth<\/p>\n","protected":false},"featured_media":73031,"comment_status":"open","ping_status":"closed","template":"","meta":{"_acf_changed":false,"_joinchat":[]},"product_brand":[],"product_cat":[1519,886,1197],"product_tag":[],"class_list":{"0":"post-67728","1":"product","2":"type-product","3":"status-publish","4":"has-post-thumbnail","6":"product_cat-ofertas-jugycol","7":"product_cat-juguetesycoleccionables","8":"product_cat-patines-y-scooters","10":"first","11":"instock","12":"sale","13":"shipping-taxable","14":"purchasable","15":"product-type-simple"},"acf":[],"_links":{"self":[{"href":"https:\/\/defabrica.com.mx\/defabrica\/wp-json\/wp\/v2\/product\/67728","targetHints":{"allow":["GET"]}}],"collection":[{"href":"https:\/\/defabrica.com.mx\/defabrica\/wp-json\/wp\/v2\/product"}],"about":[{"href":"https:\/\/defabrica.com.mx\/defabrica\/wp-json\/wp\/v2\/types\/product"}],"replies":[{"embeddable":true,"href":"https:\/\/defabrica.com.mx\/defabrica\/wp-json\/wp\/v2\/comments?post=67728"}],"wp:featuredmedia":[{"embeddable":true,"href":"https:\/\/defabrica.com.mx\/defabrica\/wp-json\/wp\/v2\/media\/73031"}],"wp:attachment":[{"href":"https:\/\/defabrica.com.mx\/defabrica\/wp-json\/wp\/v2\/media?parent=67728"}],"wp:term":[{"taxonomy":"product_brand","embeddable":true,"href":"https:\/\/defabrica.com.mx\/defabrica\/wp-json\/wp\/v2\/product_brand?post=67728"},{"taxonomy":"product_cat","embeddable":true,"href":"https:\/\/defabrica.com.mx\/defabrica\/wp-json\/wp\/v2\/product_cat?post=67728"},{"taxonomy":"product_tag","embeddable":true,"href":"https:\/\/defabrica.com.mx\/defabrica\/wp-json\/wp\/v2\/product_tag?post=67728"}],"curies":[{"name":"wp","href":"https:\/\/api.w.org\/{rel}","templated":true}]}}