{"id":67717,"date":"2021-12-10T14:15:06","date_gmt":"2021-12-10T20:15:06","guid":{"rendered":"https:\/\/defabrica.com.mx\/defabrica\/?post_type=product&#038;p=67717"},"modified":"2023-01-27T11:23:21","modified_gmt":"2023-01-27T17:23:21","slug":"hover-1-rebel-hoverboard-velocidad-maxima-de-10km-h-60kg-peso-maximo-luces-led-tiempo-de-carga-de-5-horas","status":"publish","type":"product","link":"https:\/\/defabrica.com.mx\/defabrica\/producto\/hover-1-rebel-hoverboard-velocidad-maxima-de-10km-h-60kg-peso-maximo-luces-led-tiempo-de-carga-de-5-horas\/","title":{"rendered":"Hover-1 Rebel Hoverboard, velocidad m\u00e1xima de 10km\/h, 60kg Peso m\u00e1ximo., luces LED, tiempo de carga de 5 horas"},"content":{"rendered":"<p>Lleva la diversi\u00f3n de tu hoverboard el\u00e9ctrico al siguiente nivel con la Voyager Hover Flow Blue con ruedas iluminadas y estribo.\u00a0Este hoverboard el\u00e9ctrico Hover Flow cuenta con tecnolog\u00eda de autoequilibrio que ayuda tanto a los expertos como a los principiantes a mantener su estabilidad.\u00a0Resalte su estilo y vea su camino claramente con llantas que cambian de color y una almohadilla para los pies que cambia de color y que recorre los modos de luz RGB.\u00a0Sienta el viento en su cabello con velocidades de crucero de hasta 5 mph.\u00a0Viaja hasta 3 millas por carga en este hoverboard el\u00e9ctrico modelo Voyager.\u00a0Con una clasificaci\u00f3n IPX4 de resistencia al agua, no tiene que preocuparse por salpicar a trav\u00e9s de charcos o salpicar a trav\u00e9s del aspersor.\u00a0Este hoverboard para ni\u00f1os Hover Glow tiene la calificaci\u00f3n de seguridad m\u00e1s alta de la industria y permite experiencias de hoverboard todoterreno.\u00a0Viene con una garant\u00eda limitada contra defectos del producto.\u00a0El hoverboard Hover Flow con rueda flash pesa 12 libras y soporta pasajeros de hasta 130 libras.<\/p>\n","protected":false},"excerpt":{"rendered":"<p>Lleva la diversi\u00f3n de tu hoverboard el\u00e9ctrico al siguiente nivel con la Voyager Hover Flow Blue con ruedas iluminadas y estribo.\u00a0Este hoverboard el\u00e9ctrico Hover Flow cuenta con tecnolog\u00eda de autoequilibrio<\/p>\n","protected":false},"featured_media":73036,"comment_status":"open","ping_status":"closed","template":"","meta":{"_acf_changed":false,"_joinchat":[]},"product_brand":[],"product_cat":[886,1197],"product_tag":[],"class_list":{"0":"post-67717","1":"product","2":"type-product","3":"status-publish","4":"has-post-thumbnail","6":"product_cat-juguetesycoleccionables","7":"product_cat-patines-y-scooters","9":"first","10":"instock","11":"sale","12":"shipping-taxable","13":"purchasable","14":"product-type-simple"},"acf":[],"_links":{"self":[{"href":"https:\/\/defabrica.com.mx\/defabrica\/wp-json\/wp\/v2\/product\/67717","targetHints":{"allow":["GET"]}}],"collection":[{"href":"https:\/\/defabrica.com.mx\/defabrica\/wp-json\/wp\/v2\/product"}],"about":[{"href":"https:\/\/defabrica.com.mx\/defabrica\/wp-json\/wp\/v2\/types\/product"}],"replies":[{"embeddable":true,"href":"https:\/\/defabrica.com.mx\/defabrica\/wp-json\/wp\/v2\/comments?post=67717"}],"wp:featuredmedia":[{"embeddable":true,"href":"https:\/\/defabrica.com.mx\/defabrica\/wp-json\/wp\/v2\/media\/73036"}],"wp:attachment":[{"href":"https:\/\/defabrica.com.mx\/defabrica\/wp-json\/wp\/v2\/media?parent=67717"}],"wp:term":[{"taxonomy":"product_brand","embeddable":true,"href":"https:\/\/defabrica.com.mx\/defabrica\/wp-json\/wp\/v2\/product_brand?post=67717"},{"taxonomy":"product_cat","embeddable":true,"href":"https:\/\/defabrica.com.mx\/defabrica\/wp-json\/wp\/v2\/product_cat?post=67717"},{"taxonomy":"product_tag","embeddable":true,"href":"https:\/\/defabrica.com.mx\/defabrica\/wp-json\/wp\/v2\/product_tag?post=67717"}],"curies":[{"name":"wp","href":"https:\/\/api.w.org\/{rel}","templated":true}]}}