{"id":67509,"date":"2021-12-08T19:43:14","date_gmt":"2021-12-09T01:43:14","guid":{"rendered":"https:\/\/defabrica.com.mx\/defabrica\/?post_type=product&#038;p=67509"},"modified":"2022-12-07T15:57:33","modified_gmt":"2022-12-07T21:57:33","slug":"razor-e100-scooter-electrico-3","status":"publish","type":"product","link":"https:\/\/defabrica.com.mx\/defabrica\/producto\/razor-e100-scooter-electrico-3\/","title":{"rendered":"Razor E100 &#8211; Scooter el\u00e9ctrico"},"content":{"rendered":"<div class=\"celwidget aplus-module module-3 aplus-standard\" data-csa-c-id=\"4wl8kq-8plilf-wqrsi5-cdilxn\" data-cel-widget=\"aplus-module-3\">\n<div class=\"a-expander-collapsed-height a-row a-expander-container a-expander-partial-collapse-container\" aria-live=\"polite\" data-a-expander-name=\"aplus-module-expander\" data-a-expander-collapsed-height=\"700\">\n<div class=\"a-expander-content a-expander-partial-collapse-content\" aria-expanded=\"false\">\n<div class=\"aplus-module-wrapper apm-floatnone apm-fixed-width\">\n<div class=\"apm-sidemodule apm-spacing\">\n<div class=\"apm-sidemodule-textleft\">\n<p>El patinete el\u00e9ctrico Razor E100 es la introducci\u00f3n perfecta al mundo de la diversi\u00f3n el\u00e9ctrica. Dise\u00f1ado para ayudar a los ciclistas a partir de 8 a\u00f1os en adelante, en su primera conducci\u00f3n motorizada, la E100 combina un cuadro para ni\u00f1os con controles intuitivos de acelerador y freno y un motor de 100 vatios, velocidad suficiente para emocionar a los j\u00f3venes pilotos. S\u00fabete, patea para empezar, gira el acelerador y disfruta de la diversi\u00f3n y la libertad de una m\u00e1quina de afeitar el\u00e9ctrica a velocidades de hasta 9.9 mi\/h durante hasta 40 minutos de uso continuo.\u00a0 El motor de cadena de 100 vatios de alto par y una sola velocidad accionado por cadena ofrece a los ni\u00f1os de 8 a\u00f1os y m\u00e1s una manera emocionante de facilitar la diversi\u00f3n alimentada por electricidad. La Razor E100 est\u00e1 situada a 9.9 mi\/h y ofrece mucha emoci\u00f3n a la vez que fomenta la comodidad, la confianza y el control.\u00a0 El motor de 100 vatios de alta torsi\u00f3n, de una sola velocidad accionado por cadena de la Razor E100 proporciona un zumo el\u00e9ctrico suave para ayudar a los ciclistas a partir de 8 a\u00f1os y m\u00e1s facilidad hasta una velocidad m\u00e1xima de 9.9 mi\/h durante hasta 40 minutos de uso continuo.<\/p>\n<div class=\"celwidget aplus-module module-3 aplus-standard\" data-csa-c-id=\"n9s52u-cixg9b-464fdv-qhem84\" data-cel-widget=\"aplus-module-3\">\n<div class=\"a-expander-collapsed-height a-row a-expander-container a-expander-partial-collapse-container\" aria-live=\"polite\" data-a-expander-name=\"aplus-module-expander\" data-a-expander-collapsed-height=\"700\">\n<div class=\"a-expander-content a-expander-partial-collapse-content\" aria-expanded=\"false\">\n<div><\/div>\n<\/div>\n<\/div>\n<\/div>\n<div class=\"celwidget aplus-module module-12 aplus-standard\" data-csa-c-id=\"owk105-1daqyl-tv4fho-gyi999\" data-cel-widget=\"aplus-module-12\">\n<div class=\"a-expander-collapsed-height a-row a-expander-container a-expander-partial-collapse-container\" aria-live=\"polite\" data-a-expander-name=\"aplus-module-expander\" data-a-expander-collapsed-height=\"360\">\n<div class=\"a-expander-content a-expander-partial-collapse-content\" aria-expanded=\"false\">\n<div class=\"aplus-module-wrapper apm-spacing apm-floatnone apm-fixed-width\">\n<div class=\"apm-sidemodule aplus-module-content\">\n<div class=\"apm-hero-image\"><\/div>\n<\/div>\n<\/div>\n<\/div>\n<\/div>\n<\/div>\n<\/div>\n<\/div>\n<\/div>\n<div><\/div>\n<\/div>\n<\/div>\n<\/div>\n<div class=\"celwidget aplus-module module-2 aplus-standard\" data-csa-c-id=\"pgjwn6-pdwtw7-v18lpc-wix2m6\" data-cel-widget=\"aplus-module-2\">\n<div class=\"a-expander-collapsed-height a-row a-expander-container a-expander-partial-collapse-container\" aria-live=\"polite\" data-a-expander-name=\"aplus-module-expander\" data-a-expander-collapsed-height=\"700\">\n<div class=\"a-expander-content a-expander-partial-collapse-content\" aria-expanded=\"false\">\n<div class=\"aplus-module-wrapper apm-floatnone apm-fixed-width\">\n<div class=\"apm-sidemodule apm-spacing\"><\/div>\n<\/div>\n<\/div>\n<\/div>\n<\/div>\n","protected":false},"excerpt":{"rendered":"<p>El patinete el\u00e9ctrico Razor E100 es la introducci\u00f3n perfecta al mundo de la diversi\u00f3n el\u00e9ctrica. Dise\u00f1ado para ayudar a los ciclistas a partir de 8 a\u00f1os en adelante, en su<\/p>\n","protected":false},"featured_media":67510,"comment_status":"open","ping_status":"closed","template":"","meta":{"_acf_changed":false,"_joinchat":[]},"product_brand":[],"product_cat":[886,1097,1197],"product_tag":[],"class_list":{"0":"post-67509","1":"product","2":"type-product","3":"status-publish","4":"has-post-thumbnail","6":"product_cat-juguetesycoleccionables","7":"product_cat-juguetes","8":"product_cat-patines-y-scooters","10":"first","11":"instock","12":"sale","13":"shipping-taxable","14":"purchasable","15":"product-type-simple"},"acf":[],"_links":{"self":[{"href":"https:\/\/defabrica.com.mx\/defabrica\/wp-json\/wp\/v2\/product\/67509","targetHints":{"allow":["GET"]}}],"collection":[{"href":"https:\/\/defabrica.com.mx\/defabrica\/wp-json\/wp\/v2\/product"}],"about":[{"href":"https:\/\/defabrica.com.mx\/defabrica\/wp-json\/wp\/v2\/types\/product"}],"replies":[{"embeddable":true,"href":"https:\/\/defabrica.com.mx\/defabrica\/wp-json\/wp\/v2\/comments?post=67509"}],"wp:featuredmedia":[{"embeddable":true,"href":"https:\/\/defabrica.com.mx\/defabrica\/wp-json\/wp\/v2\/media\/67510"}],"wp:attachment":[{"href":"https:\/\/defabrica.com.mx\/defabrica\/wp-json\/wp\/v2\/media?parent=67509"}],"wp:term":[{"taxonomy":"product_brand","embeddable":true,"href":"https:\/\/defabrica.com.mx\/defabrica\/wp-json\/wp\/v2\/product_brand?post=67509"},{"taxonomy":"product_cat","embeddable":true,"href":"https:\/\/defabrica.com.mx\/defabrica\/wp-json\/wp\/v2\/product_cat?post=67509"},{"taxonomy":"product_tag","embeddable":true,"href":"https:\/\/defabrica.com.mx\/defabrica\/wp-json\/wp\/v2\/product_tag?post=67509"}],"curies":[{"name":"wp","href":"https:\/\/api.w.org\/{rel}","templated":true}]}}