{"id":67431,"date":"2021-12-08T18:25:45","date_gmt":"2021-12-09T00:25:45","guid":{"rendered":"https:\/\/defabrica.com.mx\/defabrica\/?post_type=product&#038;p=67431"},"modified":"2022-07-05T12:56:51","modified_gmt":"2022-07-05T17:56:51","slug":"evercross-scooter-electrico-hb24-para-adultos-con-motor-de-800-w-hasta-45-km-h-carga-max-200kg","status":"publish","type":"product","link":"https:\/\/defabrica.com.mx\/defabrica\/producto\/evercross-scooter-electrico-hb24-para-adultos-con-motor-de-800-w-hasta-45-km-h-carga-max-200kg\/","title":{"rendered":"EVERCROSS &#8211; Scooter el\u00e9ctrico HB24 para adultos con motor de 800 W &#8211; Hasta 45 km\/h &#8211; CARGA MAX 200KG"},"content":{"rendered":"<p>Este es un scooter el\u00e9ctrico premium perfecto para adultos con mejoras significativas. Evercross e-scooter es m\u00e1s potente. Es la gran opci\u00f3n para una conducci\u00f3n c\u00f3moda de alta calidad y ofrece una gama extra larga. El asiento desmontable le da una mayor comodidad y alegr\u00eda de conducci\u00f3n y el sistema de absorci\u00f3n de impactos delanteros, luz frontal brillante, luces laterales coloridas y luces LED de freno soportan su m\u00e1xima seguridad durante la conducci\u00f3n.<\/p>\n","protected":false},"excerpt":{"rendered":"<p>Este es un scooter el\u00e9ctrico premium perfecto para adultos con mejoras significativas. Evercross e-scooter es m\u00e1s potente. Es la gran opci\u00f3n para una conducci\u00f3n c\u00f3moda de alta calidad y ofrece<\/p>\n","protected":false},"featured_media":67433,"comment_status":"open","ping_status":"closed","template":"","meta":{"_acf_changed":false,"_joinchat":[]},"product_brand":[],"product_cat":[886,1097,1197],"product_tag":[],"class_list":{"0":"post-67431","1":"product","2":"type-product","3":"status-publish","4":"has-post-thumbnail","6":"product_cat-juguetesycoleccionables","7":"product_cat-juguetes","8":"product_cat-patines-y-scooters","10":"first","11":"instock","12":"sale","13":"shipping-taxable","14":"purchasable","15":"product-type-simple"},"acf":[],"_links":{"self":[{"href":"https:\/\/defabrica.com.mx\/defabrica\/wp-json\/wp\/v2\/product\/67431","targetHints":{"allow":["GET"]}}],"collection":[{"href":"https:\/\/defabrica.com.mx\/defabrica\/wp-json\/wp\/v2\/product"}],"about":[{"href":"https:\/\/defabrica.com.mx\/defabrica\/wp-json\/wp\/v2\/types\/product"}],"replies":[{"embeddable":true,"href":"https:\/\/defabrica.com.mx\/defabrica\/wp-json\/wp\/v2\/comments?post=67431"}],"wp:featuredmedia":[{"embeddable":true,"href":"https:\/\/defabrica.com.mx\/defabrica\/wp-json\/wp\/v2\/media\/67433"}],"wp:attachment":[{"href":"https:\/\/defabrica.com.mx\/defabrica\/wp-json\/wp\/v2\/media?parent=67431"}],"wp:term":[{"taxonomy":"product_brand","embeddable":true,"href":"https:\/\/defabrica.com.mx\/defabrica\/wp-json\/wp\/v2\/product_brand?post=67431"},{"taxonomy":"product_cat","embeddable":true,"href":"https:\/\/defabrica.com.mx\/defabrica\/wp-json\/wp\/v2\/product_cat?post=67431"},{"taxonomy":"product_tag","embeddable":true,"href":"https:\/\/defabrica.com.mx\/defabrica\/wp-json\/wp\/v2\/product_tag?post=67431"}],"curies":[{"name":"wp","href":"https:\/\/api.w.org\/{rel}","templated":true}]}}