{"id":67382,"date":"2021-12-08T17:54:13","date_gmt":"2021-12-08T23:54:13","guid":{"rendered":"https:\/\/defabrica.com.mx\/defabrica\/?post_type=product&#038;p=67382"},"modified":"2022-12-07T15:54:50","modified_gmt":"2022-12-07T21:54:50","slug":"razor-dirt-quad","status":"publish","type":"product","link":"https:\/\/defabrica.com.mx\/defabrica\/producto\/razor-dirt-quad\/","title":{"rendered":"Razor &#8211; Dirt Quad"},"content":{"rendered":"<p>El Dirt Quad de cuatro ruedas est\u00e1 construido fuerte y resistente para conquistar senderos duros y grandes golpes. Cuenta con neum\u00e1ticos de 13 pulgadas, barra de cepillo delantera, manillar elevador ajustable, suspensi\u00f3n trasera de viaje con choque de bobina y asa de transporte trasera con capacidad de almacenamiento vertical para ahorrar espacio.<\/p>\n<p>Cuando el patio trasero se vuelve demasiado arreglado y la acera demasiado suave, el Dirt Quad entra con aventura ilimitada. Estilo y dise\u00f1o en negro fresco, otro icono de nuestra l\u00ednea de veh\u00edculos todoterreno con alimentaci\u00f3n el\u00e9ctrica, el Dirt Quad de cuatro ruedas est\u00e1 construido fuerte y resistente para conquistar senderos duros y grandes golpes. No comprometas la aventura.<\/p>\n","protected":false},"excerpt":{"rendered":"<p>El Dirt Quad de cuatro ruedas est\u00e1 construido fuerte y resistente para conquistar senderos duros y grandes golpes. Cuenta con neum\u00e1ticos de 13 pulgadas, barra de cepillo delantera, manillar elevador<\/p>\n","protected":false},"featured_media":67384,"comment_status":"open","ping_status":"closed","template":"","meta":{"_acf_changed":false,"_joinchat":[]},"product_brand":[],"product_cat":[886,1097,1193],"product_tag":[],"class_list":{"0":"post-67382","1":"product","2":"type-product","3":"status-publish","4":"has-post-thumbnail","6":"product_cat-juguetesycoleccionables","7":"product_cat-juguetes","8":"product_cat-montables-y-control-remoto","10":"first","11":"instock","12":"sale","13":"shipping-taxable","14":"purchasable","15":"product-type-simple"},"acf":[],"_links":{"self":[{"href":"https:\/\/defabrica.com.mx\/defabrica\/wp-json\/wp\/v2\/product\/67382","targetHints":{"allow":["GET"]}}],"collection":[{"href":"https:\/\/defabrica.com.mx\/defabrica\/wp-json\/wp\/v2\/product"}],"about":[{"href":"https:\/\/defabrica.com.mx\/defabrica\/wp-json\/wp\/v2\/types\/product"}],"replies":[{"embeddable":true,"href":"https:\/\/defabrica.com.mx\/defabrica\/wp-json\/wp\/v2\/comments?post=67382"}],"wp:featuredmedia":[{"embeddable":true,"href":"https:\/\/defabrica.com.mx\/defabrica\/wp-json\/wp\/v2\/media\/67384"}],"wp:attachment":[{"href":"https:\/\/defabrica.com.mx\/defabrica\/wp-json\/wp\/v2\/media?parent=67382"}],"wp:term":[{"taxonomy":"product_brand","embeddable":true,"href":"https:\/\/defabrica.com.mx\/defabrica\/wp-json\/wp\/v2\/product_brand?post=67382"},{"taxonomy":"product_cat","embeddable":true,"href":"https:\/\/defabrica.com.mx\/defabrica\/wp-json\/wp\/v2\/product_cat?post=67382"},{"taxonomy":"product_tag","embeddable":true,"href":"https:\/\/defabrica.com.mx\/defabrica\/wp-json\/wp\/v2\/product_tag?post=67382"}],"curies":[{"name":"wp","href":"https:\/\/api.w.org\/{rel}","templated":true}]}}