{"id":67358,"date":"2021-12-08T16:30:48","date_gmt":"2021-12-08T22:30:48","guid":{"rendered":"https:\/\/defabrica.com.mx\/defabrica\/?post_type=product&#038;p=67358"},"modified":"2023-01-27T11:20:52","modified_gmt":"2023-01-27T17:20:52","slug":"hover-1-helix-hoverboard-electrico-ruedas-led-de-6-5-pulgadas-luces-led-con-sensor-altavoz-bluetooth-bateria-de-iones-de-litio-de-10-celdas-ideal-para-ninos-y-ninas-de-mas-de-8-anos-y-menos-de-8-2","status":"publish","type":"product","link":"https:\/\/defabrica.com.mx\/defabrica\/producto\/hover-1-helix-hoverboard-electrico-ruedas-led-de-6-5-pulgadas-luces-led-con-sensor-altavoz-bluetooth-bateria-de-iones-de-litio-de-10-celdas-ideal-para-ninos-y-ninas-de-mas-de-8-anos-y-menos-de-8-2\/","title":{"rendered":"Hover-1 Helix Hoverboard el\u00e9ctrico &#8211; ruedas LED de 6.5 pulgadas, luces LED con sensor, altavoz Bluetooth; Bater\u00eda de iones de litio de 10 celdas; Ideal para ni\u00f1os y ni\u00f1as de m\u00e1s de 8 a\u00f1os y menos de 80 Kg"},"content":{"rendered":"<p>No dejes que este hoverboard ligero y asequible te enga\u00f1e: con un soporte de peso de hasta 160 libras, este hoverboard es perfecto para ciclistas de todos los niveles.\u00a0Con motores duales de 160 W y controles de peso corporal f\u00e1ciles, te encontrar\u00e1s haciendo zoom a velocidades de deformaci\u00f3n de 7 mph durante todo el d\u00eda.<\/p>\n<p>A partir de ah\u00ed, el poderoso Helix Hoverboard incluye un altavoz Bluetooth que te permite escuchar todas tus canciones favoritas mientras te desplazas por el parque, la escuela, el trabajo o la calle.\u00a0No lo olvides, tambi\u00e9n est\u00e1 equipado con una clasificaci\u00f3n de resistencia al agua IPX4, para que puedas seguir navegando, incluso bajo la lluvia.<\/p>\n","protected":false},"excerpt":{"rendered":"<p>No dejes que este hoverboard ligero y asequible te enga\u00f1e: con un soporte de peso de hasta 160 libras, este hoverboard es perfecto para ciclistas de todos los niveles.\u00a0Con motores<\/p>\n","protected":false},"featured_media":67359,"comment_status":"open","ping_status":"closed","template":"","meta":{"_acf_changed":false,"_joinchat":[]},"product_brand":[],"product_cat":[886,1197],"product_tag":[],"class_list":{"0":"post-67358","1":"product","2":"type-product","3":"status-publish","4":"has-post-thumbnail","6":"product_cat-juguetesycoleccionables","7":"product_cat-patines-y-scooters","9":"first","10":"instock","11":"sale","12":"shipping-taxable","13":"purchasable","14":"product-type-simple"},"acf":[],"_links":{"self":[{"href":"https:\/\/defabrica.com.mx\/defabrica\/wp-json\/wp\/v2\/product\/67358","targetHints":{"allow":["GET"]}}],"collection":[{"href":"https:\/\/defabrica.com.mx\/defabrica\/wp-json\/wp\/v2\/product"}],"about":[{"href":"https:\/\/defabrica.com.mx\/defabrica\/wp-json\/wp\/v2\/types\/product"}],"replies":[{"embeddable":true,"href":"https:\/\/defabrica.com.mx\/defabrica\/wp-json\/wp\/v2\/comments?post=67358"}],"wp:featuredmedia":[{"embeddable":true,"href":"https:\/\/defabrica.com.mx\/defabrica\/wp-json\/wp\/v2\/media\/67359"}],"wp:attachment":[{"href":"https:\/\/defabrica.com.mx\/defabrica\/wp-json\/wp\/v2\/media?parent=67358"}],"wp:term":[{"taxonomy":"product_brand","embeddable":true,"href":"https:\/\/defabrica.com.mx\/defabrica\/wp-json\/wp\/v2\/product_brand?post=67358"},{"taxonomy":"product_cat","embeddable":true,"href":"https:\/\/defabrica.com.mx\/defabrica\/wp-json\/wp\/v2\/product_cat?post=67358"},{"taxonomy":"product_tag","embeddable":true,"href":"https:\/\/defabrica.com.mx\/defabrica\/wp-json\/wp\/v2\/product_tag?post=67358"}],"curies":[{"name":"wp","href":"https:\/\/api.w.org\/{rel}","templated":true}]}}