{"id":67337,"date":"2021-12-08T16:09:08","date_gmt":"2021-12-08T22:09:08","guid":{"rendered":"https:\/\/defabrica.com.mx\/defabrica\/?post_type=product&#038;p=67337"},"modified":"2023-01-27T11:18:20","modified_gmt":"2023-01-27T17:18:20","slug":"hover-1-rebel-kids-hoverboard-con-faro-led-velocidad-maxima-de-10km-h-60kg-peso-maximo-troquel-de-lazo-arcoiris","status":"publish","type":"product","link":"https:\/\/defabrica.com.mx\/defabrica\/producto\/hover-1-rebel-kids-hoverboard-con-faro-led-velocidad-maxima-de-10km-h-60kg-peso-maximo-troquel-de-lazo-arcoiris\/","title":{"rendered":"Hover-1 Rebel Kids Hoverboard con faro LED &#8211; velocidad m\u00e1xima de 10km\/h &#8211; 60kg Peso m\u00e1ximo &#8211; Troquel de lazo arco\u00edris"},"content":{"rendered":"<div class=\"mb3\">\n<div class=\"dangerous-html mb3\">\n<p>Como la tabla ideal para ni\u00f1os, la tabla Hover-1 Rebel Hover fue dise\u00f1ada pensando en los adolescentes de hoy.\u00a0Esta poderosa placa tiene un motor dual de 110 W que soporta hasta 130 libras y presenta una velocidad m\u00e1xima de 6 mph con un rango extendido de hasta 3 millas.\u00a0Mantenga a sus hijos seguros mientras viajan en la soluci\u00f3n de movilidad del futuro con la tabla Rebel Hover.\u00a0Como uno de nuestros veh\u00edculos m\u00e1s vers\u00e1tiles y asequibles, el Rebel es imprescindible.\u00a0Con la misma gran calidad en la que puede confiar con todas nuestras tablas flotantes, pero a un precio asequible, la Rebel merece y exige su atenci\u00f3n.\u00a0Viaja a la velocidad de la vida.<\/p>\n<\/div>\n<\/div>\n<div class=\"mb3\"><\/div>\n","protected":false},"excerpt":{"rendered":"<p>Como la tabla ideal para ni\u00f1os, la tabla Hover-1 Rebel Hover fue dise\u00f1ada pensando en los adolescentes de hoy.\u00a0Esta poderosa placa tiene un motor dual de 110 W que soporta<\/p>\n","protected":false},"featured_media":67338,"comment_status":"open","ping_status":"closed","template":"","meta":{"_acf_changed":false,"_joinchat":[]},"product_brand":[],"product_cat":[886,1197],"product_tag":[],"class_list":{"0":"post-67337","1":"product","2":"type-product","3":"status-publish","4":"has-post-thumbnail","6":"product_cat-juguetesycoleccionables","7":"product_cat-patines-y-scooters","9":"first","10":"instock","11":"sale","12":"shipping-taxable","13":"purchasable","14":"product-type-simple"},"acf":[],"_links":{"self":[{"href":"https:\/\/defabrica.com.mx\/defabrica\/wp-json\/wp\/v2\/product\/67337","targetHints":{"allow":["GET"]}}],"collection":[{"href":"https:\/\/defabrica.com.mx\/defabrica\/wp-json\/wp\/v2\/product"}],"about":[{"href":"https:\/\/defabrica.com.mx\/defabrica\/wp-json\/wp\/v2\/types\/product"}],"replies":[{"embeddable":true,"href":"https:\/\/defabrica.com.mx\/defabrica\/wp-json\/wp\/v2\/comments?post=67337"}],"wp:featuredmedia":[{"embeddable":true,"href":"https:\/\/defabrica.com.mx\/defabrica\/wp-json\/wp\/v2\/media\/67338"}],"wp:attachment":[{"href":"https:\/\/defabrica.com.mx\/defabrica\/wp-json\/wp\/v2\/media?parent=67337"}],"wp:term":[{"taxonomy":"product_brand","embeddable":true,"href":"https:\/\/defabrica.com.mx\/defabrica\/wp-json\/wp\/v2\/product_brand?post=67337"},{"taxonomy":"product_cat","embeddable":true,"href":"https:\/\/defabrica.com.mx\/defabrica\/wp-json\/wp\/v2\/product_cat?post=67337"},{"taxonomy":"product_tag","embeddable":true,"href":"https:\/\/defabrica.com.mx\/defabrica\/wp-json\/wp\/v2\/product_tag?post=67337"}],"curies":[{"name":"wp","href":"https:\/\/api.w.org\/{rel}","templated":true}]}}