{"id":67330,"date":"2021-12-08T16:05:54","date_gmt":"2021-12-08T22:05:54","guid":{"rendered":"https:\/\/defabrica.com.mx\/defabrica\/?post_type=product&#038;p=67330"},"modified":"2023-01-27T11:17:26","modified_gmt":"2023-01-27T17:17:26","slug":"hover-1-helix-hoverboard-electrico-ruedas-led-de-6-5-pulgadas-luces-brillantes-led-con-sensor-altavoz-bluetooth-bateria-de-iones-de-litio-de-10-celdas-ideal-para-ninos-y-ninas-de-mas-de-8-anos-y","status":"publish","type":"product","link":"https:\/\/defabrica.com.mx\/defabrica\/producto\/hover-1-helix-hoverboard-electrico-ruedas-led-de-6-5-pulgadas-luces-brillantes-led-con-sensor-altavoz-bluetooth-bateria-de-iones-de-litio-de-10-celdas-ideal-para-ninos-y-ninas-de-mas-de-8-anos-y\/","title":{"rendered":"Hover-1 Helix Hoverboard el\u00e9ctrico &#8211; ruedas LED de 6.5 pulgadas, luces brillantes LED con sensor, altavoz Bluetooth; Bater\u00eda de iones de litio de 10 celdas; Ideal para ni\u00f1os y ni\u00f1as de m\u00e1s de 8 a\u00f1os y menos de 80lKg"},"content":{"rendered":"<div class=\"mb3\">\n<div class=\"dangerous-html mb3\">\n<p>No dejes que este hoverboard ligero y asequible te enga\u00f1e, el hoverboard Hover-1 helix, con soporte de peso de hasta 160 libras, es perfecto para ciclistas de todos los niveles.\u00a0Con motores duales de 160 W y controles de peso corporal f\u00e1ciles, te encontrar\u00e1s haciendo zoom a velocidades de deformaci\u00f3n de 7 mph durante todo el d\u00eda.\u00a0A partir de ah\u00ed, el potente hoverboard helix incluye un altavoz Bluetooth que te permite escuchar todas tus canciones favoritas mientras te desplazas por el parque, la escuela, el trabajo o la calle.\u00a0No olvide que tambi\u00e9n est\u00e1 equipado con una clasificaci\u00f3n de resistencia al agua IPX4, por lo que puede seguir navegando incluso bajo la lluvia.\u00a0\u00abViaja a la velocidad de la vida\u00bb.<\/p>\n<\/div>\n<\/div>\n<div class=\"mb3\"><\/div>\n","protected":false},"excerpt":{"rendered":"<p>No dejes que este hoverboard ligero y asequible te enga\u00f1e, el hoverboard Hover-1 helix, con soporte de peso de hasta 160 libras, es perfecto para ciclistas de todos los niveles.\u00a0Con<\/p>\n","protected":false},"featured_media":67331,"comment_status":"open","ping_status":"closed","template":"","meta":{"_acf_changed":false,"_joinchat":[]},"product_brand":[],"product_cat":[886,1197],"product_tag":[],"class_list":{"0":"post-67330","1":"product","2":"type-product","3":"status-publish","4":"has-post-thumbnail","6":"product_cat-juguetesycoleccionables","7":"product_cat-patines-y-scooters","9":"first","10":"instock","11":"sale","12":"shipping-taxable","13":"purchasable","14":"product-type-simple"},"acf":[],"_links":{"self":[{"href":"https:\/\/defabrica.com.mx\/defabrica\/wp-json\/wp\/v2\/product\/67330","targetHints":{"allow":["GET"]}}],"collection":[{"href":"https:\/\/defabrica.com.mx\/defabrica\/wp-json\/wp\/v2\/product"}],"about":[{"href":"https:\/\/defabrica.com.mx\/defabrica\/wp-json\/wp\/v2\/types\/product"}],"replies":[{"embeddable":true,"href":"https:\/\/defabrica.com.mx\/defabrica\/wp-json\/wp\/v2\/comments?post=67330"}],"wp:featuredmedia":[{"embeddable":true,"href":"https:\/\/defabrica.com.mx\/defabrica\/wp-json\/wp\/v2\/media\/67331"}],"wp:attachment":[{"href":"https:\/\/defabrica.com.mx\/defabrica\/wp-json\/wp\/v2\/media?parent=67330"}],"wp:term":[{"taxonomy":"product_brand","embeddable":true,"href":"https:\/\/defabrica.com.mx\/defabrica\/wp-json\/wp\/v2\/product_brand?post=67330"},{"taxonomy":"product_cat","embeddable":true,"href":"https:\/\/defabrica.com.mx\/defabrica\/wp-json\/wp\/v2\/product_cat?post=67330"},{"taxonomy":"product_tag","embeddable":true,"href":"https:\/\/defabrica.com.mx\/defabrica\/wp-json\/wp\/v2\/product_tag?post=67330"}],"curies":[{"name":"wp","href":"https:\/\/api.w.org\/{rel}","templated":true}]}}