{"id":67319,"date":"2021-12-08T15:57:08","date_gmt":"2021-12-08T21:57:08","guid":{"rendered":"https:\/\/defabrica.com.mx\/defabrica\/?post_type=product&#038;p=67319"},"modified":"2022-12-07T15:54:32","modified_gmt":"2022-12-07T21:54:32","slug":"razor-pocket-mod-sweet-pea-estilo-europeo-12-v-inspiracion-vintage-hasta-40-min-de-tiempo-de-conduccion-edades-de-7-anos","status":"publish","type":"product","link":"https:\/\/defabrica.com.mx\/defabrica\/producto\/razor-pocket-mod-sweet-pea-estilo-europeo-12-v-inspiracion-vintage-hasta-40-min-de-tiempo-de-conduccion-edades-de-7-anos\/","title":{"rendered":"Razor &#8211; Pocket Mod Sweet Pea &#8211; Estilo europeo &#8211; 12 V, Inspiraci\u00f3n vintage &#8211; Hasta 40 min de tiempo de conducci\u00f3n &#8211; edades de +7 a\u00f1os"},"content":{"rendered":"<div id=\"productDescription_feature_div\" class=\"celwidget\" data-feature-name=\"productDescription\" data-csa-c-id=\"8nbw0n-xiww8w-sidon6-81csfw\" data-cel-widget=\"productDescription_feature_div\">\n<div>\n<div id=\"productDescription_feature_div\" class=\"a-row feature\" data-feature-name=\"productDescription\" data-template-name=\"productDescription\" data-cel-widget=\"productDescription_feature_div\">\n<div id=\"productDescription\" class=\"a-section a-spacing-small\">\n<p>El Pocket Mod Petite es el patinete el\u00e9ctrico en miniatura m\u00e1s peque\u00f1o de Razor dise\u00f1ado para ciclistas m\u00e1s j\u00f3venes de 7 a\u00f1os en adelante. El motor Power Core de 100 vatios de Razor ofrece velocidades de hasta 8 mph (8.1 mi\/h) y la bater\u00eda recargable de 12 V proporciona hasta 40 minutos de tiempo de conducci\u00f3n continuo con una sola carga. Con el cuerpo de dos tonos de color caramelo, neum\u00e1ticos de pared blanca de 10.039 in, asiento acolchado de color a juego, control del acelerador de agarre giratorio y freno operado a mano, el paseo en el Pocket Mod Petite de inspiraci\u00f3n vintage es tan suave como elegante.<\/p>\n<\/div>\n<\/div>\n<\/div>\n<\/div>\n","protected":false},"excerpt":{"rendered":"<p>El Pocket Mod Petite es el patinete el\u00e9ctrico en miniatura m\u00e1s peque\u00f1o de Razor dise\u00f1ado para ciclistas m\u00e1s j\u00f3venes de 7 a\u00f1os en adelante. El motor Power Core de 100<\/p>\n","protected":false},"featured_media":67321,"comment_status":"open","ping_status":"closed","template":"","meta":{"_acf_changed":false,"_joinchat":[]},"product_brand":[],"product_cat":[886,1097,1197],"product_tag":[],"class_list":{"0":"post-67319","1":"product","2":"type-product","3":"status-publish","4":"has-post-thumbnail","6":"product_cat-juguetesycoleccionables","7":"product_cat-juguetes","8":"product_cat-patines-y-scooters","10":"first","11":"instock","12":"sale","13":"shipping-taxable","14":"purchasable","15":"product-type-simple"},"acf":[],"_links":{"self":[{"href":"https:\/\/defabrica.com.mx\/defabrica\/wp-json\/wp\/v2\/product\/67319","targetHints":{"allow":["GET"]}}],"collection":[{"href":"https:\/\/defabrica.com.mx\/defabrica\/wp-json\/wp\/v2\/product"}],"about":[{"href":"https:\/\/defabrica.com.mx\/defabrica\/wp-json\/wp\/v2\/types\/product"}],"replies":[{"embeddable":true,"href":"https:\/\/defabrica.com.mx\/defabrica\/wp-json\/wp\/v2\/comments?post=67319"}],"wp:featuredmedia":[{"embeddable":true,"href":"https:\/\/defabrica.com.mx\/defabrica\/wp-json\/wp\/v2\/media\/67321"}],"wp:attachment":[{"href":"https:\/\/defabrica.com.mx\/defabrica\/wp-json\/wp\/v2\/media?parent=67319"}],"wp:term":[{"taxonomy":"product_brand","embeddable":true,"href":"https:\/\/defabrica.com.mx\/defabrica\/wp-json\/wp\/v2\/product_brand?post=67319"},{"taxonomy":"product_cat","embeddable":true,"href":"https:\/\/defabrica.com.mx\/defabrica\/wp-json\/wp\/v2\/product_cat?post=67319"},{"taxonomy":"product_tag","embeddable":true,"href":"https:\/\/defabrica.com.mx\/defabrica\/wp-json\/wp\/v2\/product_tag?post=67319"}],"curies":[{"name":"wp","href":"https:\/\/api.w.org\/{rel}","templated":true}]}}