{"id":67310,"date":"2021-12-08T15:47:54","date_gmt":"2021-12-08T21:47:54","guid":{"rendered":"https:\/\/defabrica.com.mx\/defabrica\/?post_type=product&#038;p=67310"},"modified":"2022-12-07T15:54:13","modified_gmt":"2022-12-07T21:54:13","slug":"razor-pocket-mod-sweet-pea-estilo-europeo-24-v-inspiracion-vintage-hasta-25-km-h-y-hasta-40-min-de-tiempo-de-conduccion-3","status":"publish","type":"product","link":"https:\/\/defabrica.com.mx\/defabrica\/producto\/razor-pocket-mod-sweet-pea-estilo-europeo-24-v-inspiracion-vintage-hasta-25-km-h-y-hasta-40-min-de-tiempo-de-conduccion-3\/","title":{"rendered":"Razor &#8211; Pocket Mod Sweet Pea &#8211; Estilo europeo &#8211; 24 V, Inspiraci\u00f3n vintage, Hasta 25 km\/h y Hasta 40 min de tiempo de conducci\u00f3n."},"content":{"rendered":"<div id=\"productDescription_feature_div\" class=\"celwidget\" data-feature-name=\"productDescription\" data-csa-c-id=\"u6v4q1-jkmh4a-nvbqbr-dlfhku\" data-cel-widget=\"productDescription_feature_div\">\n<div>\n<div id=\"productDescription_feature_div\" class=\"a-row feature\" data-feature-name=\"productDescription\" data-template-name=\"productDescription\" data-cel-widget=\"productDescription_feature_div\">\n<div id=\"productDescription\" class=\"a-section a-spacing-small\">\n<p>El Pocket Mod le da a cada ni\u00f1a un ojo por la moda y una pasi\u00f3n por la diversi\u00f3n un conjunto de ruedas que seguramente ser\u00e1 el accesorio m\u00e1s popular de la manzana. El estilo de inspiraci\u00f3n vintage se combina con el alto rendimiento con el cl\u00e1sico dise\u00f1o italiano. Navega por las calles laterales con estilo con este patinete el\u00e9ctrico Pocket Mod estilo europeo de Razor. Con un cuerpo de alto rendimiento, inspirado en la \u00e9poca y un motor el\u00e9ctrico accionado por cadena, el Pocket Mod puede alcanzar velocidades de hasta 15 mph, lo suficientemente r\u00e1pido para un viaje r\u00e1pido a la tienda de esquina o un paseo divertido en el pa\u00eds. El patinete tambi\u00e9n combina un par de neum\u00e1ticos de 12 pulgadas con un sistema de suspensi\u00f3n trasera para garantizar un viaje c\u00f3modo. Las caracter\u00edsticas adicionales incluyen un soporte retr\u00e1ctil, aceleraci\u00f3n de velocidad variable, un asiento acolchado y una bater\u00eda integrada que viaja hasta 10 millas con una sola carga y puede soportar hasta 170 libras.<\/p>\n<\/div>\n<\/div>\n<\/div>\n<\/div>\n","protected":false},"excerpt":{"rendered":"<p>El Pocket Mod le da a cada ni\u00f1a un ojo por la moda y una pasi\u00f3n por la diversi\u00f3n un conjunto de ruedas que seguramente ser\u00e1 el accesorio m\u00e1s popular<\/p>\n","protected":false},"featured_media":67311,"comment_status":"open","ping_status":"closed","template":"","meta":{"_acf_changed":false,"_joinchat":[]},"product_brand":[],"product_cat":[886,1097,1197],"product_tag":[],"class_list":{"0":"post-67310","1":"product","2":"type-product","3":"status-publish","4":"has-post-thumbnail","6":"product_cat-juguetesycoleccionables","7":"product_cat-juguetes","8":"product_cat-patines-y-scooters","10":"first","11":"instock","12":"sale","13":"shipping-taxable","14":"purchasable","15":"product-type-simple"},"acf":[],"_links":{"self":[{"href":"https:\/\/defabrica.com.mx\/defabrica\/wp-json\/wp\/v2\/product\/67310","targetHints":{"allow":["GET"]}}],"collection":[{"href":"https:\/\/defabrica.com.mx\/defabrica\/wp-json\/wp\/v2\/product"}],"about":[{"href":"https:\/\/defabrica.com.mx\/defabrica\/wp-json\/wp\/v2\/types\/product"}],"replies":[{"embeddable":true,"href":"https:\/\/defabrica.com.mx\/defabrica\/wp-json\/wp\/v2\/comments?post=67310"}],"wp:featuredmedia":[{"embeddable":true,"href":"https:\/\/defabrica.com.mx\/defabrica\/wp-json\/wp\/v2\/media\/67311"}],"wp:attachment":[{"href":"https:\/\/defabrica.com.mx\/defabrica\/wp-json\/wp\/v2\/media?parent=67310"}],"wp:term":[{"taxonomy":"product_brand","embeddable":true,"href":"https:\/\/defabrica.com.mx\/defabrica\/wp-json\/wp\/v2\/product_brand?post=67310"},{"taxonomy":"product_cat","embeddable":true,"href":"https:\/\/defabrica.com.mx\/defabrica\/wp-json\/wp\/v2\/product_cat?post=67310"},{"taxonomy":"product_tag","embeddable":true,"href":"https:\/\/defabrica.com.mx\/defabrica\/wp-json\/wp\/v2\/product_tag?post=67310"}],"curies":[{"name":"wp","href":"https:\/\/api.w.org\/{rel}","templated":true}]}}