{"id":67284,"date":"2021-12-08T15:22:53","date_gmt":"2021-12-08T21:22:53","guid":{"rendered":"https:\/\/defabrica.com.mx\/defabrica\/?post_type=product&#038;p=67284"},"modified":"2023-01-27T11:12:01","modified_gmt":"2023-01-27T17:12:01","slug":"razor-flashrider-360-triciclo-derrape-ninos-chispas-6-anos","status":"publish","type":"product","link":"https:\/\/defabrica.com.mx\/defabrica\/producto\/razor-flashrider-360-triciclo-derrape-ninos-chispas-6-anos\/","title":{"rendered":"Razor Flashrider 360, Triciclo, Derrape, Ni\u00f1os, Chispas, + 6 a\u00f1os"},"content":{"rendered":"<div class=\"mb3\">\n<div class=\"dangerous-html mb3\">\n<p>Este Razor Flash Rider 360 Trike Ride-On, rojo permite a los ni\u00f1os ver volar las chispas.\u00a0Las ruedas giratorias de doble inclinaci\u00f3n ofrecen la m\u00e1xima acci\u00f3n giratoria y giros r\u00e1pidos de 360 \u200b\u200bgrados.\u00a0Este crucero tiene un asiento de cubo de tama\u00f1o completo para mayor comodidad.\u00a0Est\u00e1 posicionado para pedalear mientras los ciclistas est\u00e1n reclinados, creando un centro de gravedad bajo para una estabilidad de conducci\u00f3n confiable.\u00a0Al centrar el peso del ni\u00f1o sobre las ruedas giratorias, es m\u00e1s llamativo que casi cualquier otra cosa sobre tres ruedas.\u00a0Tiene capacidad para ciclistas de hasta 160 libras y est\u00e1 listo para girar.\u00a0Esta silla de montar Razor flash rider 360 se convertir\u00e1 r\u00e1pidamente en una de las favoritas para jugar.\u00a0Se requiere algo de ensamblaje.\u00a0Est\u00e1 dise\u00f1ado para ni\u00f1os de 6 a\u00f1os en adelante.\u00a0A los ni\u00f1os les encantar\u00e1 hacer volar chispas mientras corren por el camino de entrada o por el vecindario.\u00a0Se convertir\u00e1 r\u00e1pidamente en un favorito para el tiempo de juego con varias edades.<\/p>\n<p>&nbsp;<\/p>\n<\/div>\n<\/div>\n<h3><strong>Caracter\u00edsticas<\/strong><\/h3>\n<ul>\n<li>Disfruta de giros r\u00e1pidos de 360 \u200b\u200bgrados con este paseo en 360 grados de Razor flash rider<\/li>\n<li>Asiento de cubo de tama\u00f1o completo<\/li>\n<li>Colocado para pedalear mientras el ciclista est\u00e1 reclinado para crear un centro de gravedad bajo<\/li>\n<li>Tira de la palanca de chispa para dejarlos volar<\/li>\n<li>Ruedas giratorias de doble inclinaci\u00f3n para una rotaci\u00f3n r\u00e1pida<\/li>\n<li>Peso m\u00e1ximo: 160 libras<\/li>\n<li>Se requiere algo de ensamblaje con el asiento de 3 ruedas<\/li>\n<li>Garant\u00eda limitada de 6 meses a partir de la fecha de compra.<\/li>\n<li>Dise\u00f1ado para ni\u00f1os de 6 a\u00f1os en adelante.<\/li>\n<li>Marco y horquilla de acero soldados<\/li>\n<li>Ruedas de alto impacto<\/li>\n<li>Manillar estilo MX con pu\u00f1os de goma<\/li>\n<li>Cartucho Spark reemplazable<\/li>\n<\/ul>\n","protected":false},"excerpt":{"rendered":"<p>Este Razor Flash Rider 360 Trike Ride-On, rojo permite a los ni\u00f1os ver volar las chispas.\u00a0Las ruedas giratorias de doble inclinaci\u00f3n ofrecen la m\u00e1xima acci\u00f3n giratoria y giros r\u00e1pidos de<\/p>\n","protected":false},"featured_media":67285,"comment_status":"open","ping_status":"closed","template":"","meta":{"_acf_changed":false,"_joinchat":[]},"product_brand":[],"product_cat":[886,1097,1197],"product_tag":[],"class_list":{"0":"post-67284","1":"product","2":"type-product","3":"status-publish","4":"has-post-thumbnail","6":"product_cat-juguetesycoleccionables","7":"product_cat-juguetes","8":"product_cat-patines-y-scooters","10":"first","11":"instock","12":"sale","13":"shipping-taxable","14":"purchasable","15":"product-type-simple"},"acf":[],"_links":{"self":[{"href":"https:\/\/defabrica.com.mx\/defabrica\/wp-json\/wp\/v2\/product\/67284","targetHints":{"allow":["GET"]}}],"collection":[{"href":"https:\/\/defabrica.com.mx\/defabrica\/wp-json\/wp\/v2\/product"}],"about":[{"href":"https:\/\/defabrica.com.mx\/defabrica\/wp-json\/wp\/v2\/types\/product"}],"replies":[{"embeddable":true,"href":"https:\/\/defabrica.com.mx\/defabrica\/wp-json\/wp\/v2\/comments?post=67284"}],"wp:featuredmedia":[{"embeddable":true,"href":"https:\/\/defabrica.com.mx\/defabrica\/wp-json\/wp\/v2\/media\/67285"}],"wp:attachment":[{"href":"https:\/\/defabrica.com.mx\/defabrica\/wp-json\/wp\/v2\/media?parent=67284"}],"wp:term":[{"taxonomy":"product_brand","embeddable":true,"href":"https:\/\/defabrica.com.mx\/defabrica\/wp-json\/wp\/v2\/product_brand?post=67284"},{"taxonomy":"product_cat","embeddable":true,"href":"https:\/\/defabrica.com.mx\/defabrica\/wp-json\/wp\/v2\/product_cat?post=67284"},{"taxonomy":"product_tag","embeddable":true,"href":"https:\/\/defabrica.com.mx\/defabrica\/wp-json\/wp\/v2\/product_tag?post=67284"}],"curies":[{"name":"wp","href":"https:\/\/api.w.org\/{rel}","templated":true}]}}