{"id":67243,"date":"2021-12-08T14:34:19","date_gmt":"2021-12-08T20:34:19","guid":{"rendered":"https:\/\/defabrica.com.mx\/defabrica\/?post_type=product&#038;p=67243"},"modified":"2022-12-07T15:46:31","modified_gmt":"2022-12-07T21:46:31","slug":"marvel-spiderman-juguete-para-montar","status":"publish","type":"product","link":"https:\/\/defabrica.com.mx\/defabrica\/producto\/marvel-spiderman-juguete-para-montar\/","title":{"rendered":"Marvel Spiderman &#8211; Juguete para montar"},"content":{"rendered":"<p>Kid Trax lleva m\u00e1s de 15 a\u00f1os produciendo juguetes para montar que funcionan con bater\u00edas y que han sido galardonados.\u00a0Su atenci\u00f3n a los detalles, el dise\u00f1o y las caracter\u00edsticas de juego han convertido a Kid Trax en una marca de juguetes para montar de mayor venta en todo el mundo.\u00a0Salga a luchar contra el crimen como el propio Spidey con el juguete para montar con bater\u00eda de 6 V de la motocicleta Spiderman de Kid Trax.\u00a0Capaz de una velocidad de avance de 1.5 MPH y equipado con una luz LED frontal y aceleraci\u00f3n con el pedal, este juguete para montar para una persona est\u00e1 lleno de diversi\u00f3n con el tema de la polic\u00eda para su hijo.\u00a0Caracter\u00edsticas como las llantas de goma con tira de tracci\u00f3n Kid Trax Power Trax para un rendimiento todoterreno hacen que este juguete sea aventurero, pero seguro.<\/p>\n<p>Una bater\u00eda recargable de 6 V con sistema de carga de un solo paso de conexi\u00f3n directa Kid Trax garantiza que la diversi\u00f3n nunca est\u00e9 a m\u00e1s de una toma de corriente.\u00a0Este juguete para montar se env\u00eda listo para ser ensamblado.<\/p>\n","protected":false},"excerpt":{"rendered":"<p>Kid Trax lleva m\u00e1s de 15 a\u00f1os produciendo juguetes para montar que funcionan con bater\u00edas y que han sido galardonados.\u00a0Su atenci\u00f3n a los detalles, el dise\u00f1o y las caracter\u00edsticas de<\/p>\n","protected":false},"featured_media":67244,"comment_status":"open","ping_status":"closed","template":"","meta":{"_acf_changed":false,"_joinchat":[]},"product_brand":[],"product_cat":[886,1193],"product_tag":[],"class_list":{"0":"post-67243","1":"product","2":"type-product","3":"status-publish","4":"has-post-thumbnail","6":"product_cat-juguetesycoleccionables","7":"product_cat-montables-y-control-remoto","9":"first","10":"instock","11":"sale","12":"shipping-taxable","13":"purchasable","14":"product-type-simple"},"acf":[],"_links":{"self":[{"href":"https:\/\/defabrica.com.mx\/defabrica\/wp-json\/wp\/v2\/product\/67243","targetHints":{"allow":["GET"]}}],"collection":[{"href":"https:\/\/defabrica.com.mx\/defabrica\/wp-json\/wp\/v2\/product"}],"about":[{"href":"https:\/\/defabrica.com.mx\/defabrica\/wp-json\/wp\/v2\/types\/product"}],"replies":[{"embeddable":true,"href":"https:\/\/defabrica.com.mx\/defabrica\/wp-json\/wp\/v2\/comments?post=67243"}],"wp:featuredmedia":[{"embeddable":true,"href":"https:\/\/defabrica.com.mx\/defabrica\/wp-json\/wp\/v2\/media\/67244"}],"wp:attachment":[{"href":"https:\/\/defabrica.com.mx\/defabrica\/wp-json\/wp\/v2\/media?parent=67243"}],"wp:term":[{"taxonomy":"product_brand","embeddable":true,"href":"https:\/\/defabrica.com.mx\/defabrica\/wp-json\/wp\/v2\/product_brand?post=67243"},{"taxonomy":"product_cat","embeddable":true,"href":"https:\/\/defabrica.com.mx\/defabrica\/wp-json\/wp\/v2\/product_cat?post=67243"},{"taxonomy":"product_tag","embeddable":true,"href":"https:\/\/defabrica.com.mx\/defabrica\/wp-json\/wp\/v2\/product_tag?post=67243"}],"curies":[{"name":"wp","href":"https:\/\/api.w.org\/{rel}","templated":true}]}}