{"id":67238,"date":"2021-12-08T14:31:15","date_gmt":"2021-12-08T20:31:15","guid":{"rendered":"https:\/\/defabrica.com.mx\/defabrica\/?post_type=product&#038;p=67238"},"modified":"2022-12-07T15:45:33","modified_gmt":"2022-12-07T21:45:33","slug":"marvel-spiderman-ride-on-bateria-de-6-v-3-5-anos-peso-maximo-del-jinete-25-kg-luces-led-cabeza-de-spider-man-azul-rojo","status":"publish","type":"product","link":"https:\/\/defabrica.com.mx\/defabrica\/producto\/marvel-spiderman-ride-on-bateria-de-6-v-3-5-anos-peso-maximo-del-jinete-25-kg-luces-led-cabeza-de-spider-man-azul-rojo\/","title":{"rendered":"Marvel &#8211; Spiderman &#8211; Ride On &#8211; Bater\u00eda de 6 V &#8211; 3 \u2013 5 a\u00f1os, Peso m\u00e1ximo del jinete 25 kg, Luces LED cabeza de Spider-Man azul\/rojo"},"content":{"rendered":"<div id=\"dpx-product-description_feature_div\">\n<div class=\"celwidget\" data-csa-c-id=\"fmktdc-cua41f-whktvf-rl43v5\" data-cel-widget=\"dpx-product-description_csm_instrumentation_wrapper\">\n<div id=\"descriptionAndDetails\" class=\"a-section a-spacing-extra-large\">\n<div id=\"productDescription_feature_div\" class=\"celwidget\" data-feature-name=\"productDescription\" data-csa-c-id=\"d4kigi-rpy2e8-fr0bu0-4tqjyu\" data-cel-widget=\"productDescription_feature_div\">\n<div>\n<div id=\"productDescription_feature_div\" class=\"a-row feature\" data-feature-name=\"productDescription\" data-template-name=\"productDescription\" data-cel-widget=\"productDescription_feature_div\">\n<div id=\"productDescription\" class=\"a-section a-spacing-small\">\n<p>\u00a1Cambia de Peter Parker a Spider-Man y frustra a Doc Octopus y a los villanos en abundancia en Marvel&#8217;s Spider-Man ATV Ride-On Toy de Kid Trax!\u00a0Este resistente &#8216;ATV&#8217; a bater\u00eda es perfecto para atrapar criminales y salvar damiselas en apuros como Mary Jane.\u00a0Con un estilo \u00fanico de Spider-Man lleno de calcoman\u00edas dulces y telas intrincadas, este juego de ruedas seguramente har\u00e1 que tus sentidos Spidey hormigueen.\u00a0Detener a los malhechores es pan comido gracias a los neum\u00e1ticos con banda de tracci\u00f3n de goma Power Trax, la aceleraci\u00f3n real del pedal, las opciones de conducci\u00f3n hacia adelante y hacia atr\u00e1s con una velocidad m\u00e1xima de avance de 2.5 MPH.\u00a0Dado que el crimen no duerme, hay una bater\u00eda recargable de 6 voltios y un cargador de pared incluidos cuando necesita repostar.\u00a0En este dulce juguete el\u00e9ctrico para montar se sienta un superh\u00e9roe de entre 3 y 5 a\u00f1os con un peso m\u00e1ximo de ciclista de 60 libras.\u00a0Don&#8217;\u00a0\u00a1Deja que el Duende Verde se escape!\u00a0\u00a1Det\u00e9nlo en seco con el Spider-Man ATV de Kid Trax!<\/p>\n<\/div>\n<\/div>\n<\/div>\n<\/div>\n<\/div>\n<\/div>\n<\/div>\n","protected":false},"excerpt":{"rendered":"<p>\u00a1Cambia de Peter Parker a Spider-Man y frustra a Doc Octopus y a los villanos en abundancia en Marvel&#8217;s Spider-Man ATV Ride-On Toy de Kid Trax!\u00a0Este resistente &#8216;ATV&#8217; a bater\u00eda<\/p>\n","protected":false},"featured_media":67239,"comment_status":"open","ping_status":"closed","template":"","meta":{"_acf_changed":false,"_joinchat":[]},"product_brand":[],"product_cat":[886,1193],"product_tag":[],"class_list":{"0":"post-67238","1":"product","2":"type-product","3":"status-publish","4":"has-post-thumbnail","6":"product_cat-juguetesycoleccionables","7":"product_cat-montables-y-control-remoto","9":"first","10":"instock","11":"sale","12":"shipping-taxable","13":"purchasable","14":"product-type-simple"},"acf":[],"_links":{"self":[{"href":"https:\/\/defabrica.com.mx\/defabrica\/wp-json\/wp\/v2\/product\/67238","targetHints":{"allow":["GET"]}}],"collection":[{"href":"https:\/\/defabrica.com.mx\/defabrica\/wp-json\/wp\/v2\/product"}],"about":[{"href":"https:\/\/defabrica.com.mx\/defabrica\/wp-json\/wp\/v2\/types\/product"}],"replies":[{"embeddable":true,"href":"https:\/\/defabrica.com.mx\/defabrica\/wp-json\/wp\/v2\/comments?post=67238"}],"wp:featuredmedia":[{"embeddable":true,"href":"https:\/\/defabrica.com.mx\/defabrica\/wp-json\/wp\/v2\/media\/67239"}],"wp:attachment":[{"href":"https:\/\/defabrica.com.mx\/defabrica\/wp-json\/wp\/v2\/media?parent=67238"}],"wp:term":[{"taxonomy":"product_brand","embeddable":true,"href":"https:\/\/defabrica.com.mx\/defabrica\/wp-json\/wp\/v2\/product_brand?post=67238"},{"taxonomy":"product_cat","embeddable":true,"href":"https:\/\/defabrica.com.mx\/defabrica\/wp-json\/wp\/v2\/product_cat?post=67238"},{"taxonomy":"product_tag","embeddable":true,"href":"https:\/\/defabrica.com.mx\/defabrica\/wp-json\/wp\/v2\/product_tag?post=67238"}],"curies":[{"name":"wp","href":"https:\/\/api.w.org\/{rel}","templated":true}]}}