{"id":67232,"date":"2021-12-08T14:28:20","date_gmt":"2021-12-08T20:28:20","guid":{"rendered":"https:\/\/defabrica.com.mx\/defabrica\/?post_type=product&#038;p=67232"},"modified":"2023-01-27T11:05:59","modified_gmt":"2023-01-27T17:05:59","slug":"disney-frozen-2-playset","status":"publish","type":"product","link":"https:\/\/defabrica.com.mx\/defabrica\/producto\/disney-frozen-2-playset\/","title":{"rendered":"Disney Frozen 2 &#8211; Playset"},"content":{"rendered":"<p>Este paquete de 5 de Frozen Adventure Collection incluye una mu\u00f1eca Anna, una mu\u00f1eca Elsa, una mu\u00f1eca Kristoff, una mu\u00f1eca Sven, una mu\u00f1eca Olaf y un accesorio de viento Gale.\u00a0Anna, Elsa y Kristoff est\u00e1n vestidos con sus trajes de viaje para que los ni\u00f1os puedan fingir que viajan m\u00e1s all\u00e1 de Arendelle con este grupo de amigos muy unido.\u00a0Sus atuendos est\u00e1n inspirados en los que usan en la pel\u00edcula Frozen 2 de Disney, y las capas de Anna y Elsa son removibles.\u00a0A los ni\u00f1os les encantar\u00e1 pretender abrazar los elementos con el esp\u00edritu del viento, Gale.\u00a0Colecciona m\u00e1s mu\u00f1ecos y juegos de Disney Frozen (cada uno se vende por separado) para recrear escenas familiares con personajes que los ni\u00f1os conocen y aman.<\/p>\n","protected":false},"excerpt":{"rendered":"<p>Este paquete de 5 de Frozen Adventure Collection incluye una mu\u00f1eca Anna, una mu\u00f1eca Elsa, una mu\u00f1eca Kristoff, una mu\u00f1eca Sven, una mu\u00f1eca Olaf y un accesorio de viento Gale.\u00a0Anna,<\/p>\n","protected":false},"featured_media":67233,"comment_status":"open","ping_status":"closed","template":"","meta":{"_acf_changed":false,"_joinchat":[]},"product_brand":[],"product_cat":[1483,1484,886,1097],"product_tag":[],"class_list":{"0":"post-67232","1":"product","2":"type-product","3":"status-publish","4":"has-post-thumbnail","6":"product_cat-disney","7":"product_cat-frozen","8":"product_cat-juguetesycoleccionables","9":"product_cat-juguetes","11":"first","12":"instock","13":"sale","14":"shipping-taxable","15":"purchasable","16":"product-type-simple"},"acf":[],"_links":{"self":[{"href":"https:\/\/defabrica.com.mx\/defabrica\/wp-json\/wp\/v2\/product\/67232","targetHints":{"allow":["GET"]}}],"collection":[{"href":"https:\/\/defabrica.com.mx\/defabrica\/wp-json\/wp\/v2\/product"}],"about":[{"href":"https:\/\/defabrica.com.mx\/defabrica\/wp-json\/wp\/v2\/types\/product"}],"replies":[{"embeddable":true,"href":"https:\/\/defabrica.com.mx\/defabrica\/wp-json\/wp\/v2\/comments?post=67232"}],"wp:featuredmedia":[{"embeddable":true,"href":"https:\/\/defabrica.com.mx\/defabrica\/wp-json\/wp\/v2\/media\/67233"}],"wp:attachment":[{"href":"https:\/\/defabrica.com.mx\/defabrica\/wp-json\/wp\/v2\/media?parent=67232"}],"wp:term":[{"taxonomy":"product_brand","embeddable":true,"href":"https:\/\/defabrica.com.mx\/defabrica\/wp-json\/wp\/v2\/product_brand?post=67232"},{"taxonomy":"product_cat","embeddable":true,"href":"https:\/\/defabrica.com.mx\/defabrica\/wp-json\/wp\/v2\/product_cat?post=67232"},{"taxonomy":"product_tag","embeddable":true,"href":"https:\/\/defabrica.com.mx\/defabrica\/wp-json\/wp\/v2\/product_tag?post=67232"}],"curies":[{"name":"wp","href":"https:\/\/api.w.org\/{rel}","templated":true}]}}