{"id":67225,"date":"2021-12-08T14:23:58","date_gmt":"2021-12-08T20:23:58","guid":{"rendered":"https:\/\/defabrica.com.mx\/defabrica\/?post_type=product&#038;p=67225"},"modified":"2023-01-27T11:03:43","modified_gmt":"2023-01-27T17:03:43","slug":"frozen-palacio-de-elsa-little-people-disney","status":"publish","type":"product","link":"https:\/\/defabrica.com.mx\/defabrica\/producto\/frozen-palacio-de-elsa-little-people-disney\/","title":{"rendered":"Frozen &#8211; Palacio De Elsa Little People Disney"},"content":{"rendered":"<div class=\"mb3\">\n<div class=\"dangerous-html mb3\">\n<p>A todos los j\u00f3venes fan\u00e1ticos de Disney les encantar\u00e1 recrear sus momentos favoritos de la pel\u00edcula Frozen con este m\u00e1gico set de juego Little People.\u00a0Los ni\u00f1os pueden explorar el Palacio de hielo de Elsa con Olaf, el mu\u00f1eco de nieve y Elsa, la reina de Arendelle, presionando y girando los botones de descubrimiento para revelar todas las luces m\u00e1gicas, los sonidos invernales y las emocionantes acciones del castillo \u00aben crecimiento\u00bb.\u00a0El palacio incluso reconoce a Elsa y toca su exitosa canci\u00f3n, \u00abLet It Go\u00bb.<\/p>\n<\/div>\n<\/div>\n<div class=\"mb3\">\n<div class=\"mb3\">\n<div class=\"dangerous-html mb3\">\n<p><b>Little People Disney Frozen Elsa&#8217;s Ice Palace con luces y sonidos:<\/b><\/p>\n<ul>\n<li>Rango de edad: 5 a\u00f1os<\/li>\n<li>Juego de palacio con luces, sonidos y la exitosa canci\u00f3n de Disney Frozen, \u00abLet It Go\u00bb<\/li>\n<li>El bot\u00f3n de descubrimiento inferior revela \u00abm\u00e1gicamente\u00bb la escalera con luces y sonidos<\/li>\n<li>Top Discovery Button \u00abhace crecer\u00bb el castillo con la acci\u00f3n de un copo de nieve giratorio<\/li>\n<li>Incluye figuras de Elsa y Olaf, adem\u00e1s de accesorios para la cama y la silla.<\/li>\n<\/ul>\n<\/div>\n<\/div>\n<div class=\"w_Cl w_Co bn bg-transparent dark-gray pa0 sans-serif mb3 lh-copy\"><\/div>\n<\/div>\n","protected":false},"excerpt":{"rendered":"<p>A todos los j\u00f3venes fan\u00e1ticos de Disney les encantar\u00e1 recrear sus momentos favoritos de la pel\u00edcula Frozen con este m\u00e1gico set de juego Little People.\u00a0Los ni\u00f1os pueden explorar el Palacio<\/p>\n","protected":false},"featured_media":67226,"comment_status":"open","ping_status":"closed","template":"","meta":{"_acf_changed":false,"_joinchat":[]},"product_brand":[],"product_cat":[1483,1484,886,1097],"product_tag":[],"class_list":{"0":"post-67225","1":"product","2":"type-product","3":"status-publish","4":"has-post-thumbnail","6":"product_cat-disney","7":"product_cat-frozen","8":"product_cat-juguetesycoleccionables","9":"product_cat-juguetes","11":"first","12":"instock","13":"sale","14":"shipping-taxable","15":"purchasable","16":"product-type-simple"},"acf":[],"_links":{"self":[{"href":"https:\/\/defabrica.com.mx\/defabrica\/wp-json\/wp\/v2\/product\/67225","targetHints":{"allow":["GET"]}}],"collection":[{"href":"https:\/\/defabrica.com.mx\/defabrica\/wp-json\/wp\/v2\/product"}],"about":[{"href":"https:\/\/defabrica.com.mx\/defabrica\/wp-json\/wp\/v2\/types\/product"}],"replies":[{"embeddable":true,"href":"https:\/\/defabrica.com.mx\/defabrica\/wp-json\/wp\/v2\/comments?post=67225"}],"wp:featuredmedia":[{"embeddable":true,"href":"https:\/\/defabrica.com.mx\/defabrica\/wp-json\/wp\/v2\/media\/67226"}],"wp:attachment":[{"href":"https:\/\/defabrica.com.mx\/defabrica\/wp-json\/wp\/v2\/media?parent=67225"}],"wp:term":[{"taxonomy":"product_brand","embeddable":true,"href":"https:\/\/defabrica.com.mx\/defabrica\/wp-json\/wp\/v2\/product_brand?post=67225"},{"taxonomy":"product_cat","embeddable":true,"href":"https:\/\/defabrica.com.mx\/defabrica\/wp-json\/wp\/v2\/product_cat?post=67225"},{"taxonomy":"product_tag","embeddable":true,"href":"https:\/\/defabrica.com.mx\/defabrica\/wp-json\/wp\/v2\/product_tag?post=67225"}],"curies":[{"name":"wp","href":"https:\/\/api.w.org\/{rel}","templated":true}]}}