{"id":67203,"date":"2021-12-08T14:03:45","date_gmt":"2021-12-08T20:03:45","guid":{"rendered":"https:\/\/defabrica.com.mx\/defabrica\/?post_type=product&#038;p=67203"},"modified":"2022-12-07T15:38:47","modified_gmt":"2022-12-07T21:38:47","slug":"barbie-dollhouse-portatil-con-piscina-y-accesorios-3-a-7-anos","status":"publish","type":"product","link":"https:\/\/defabrica.com.mx\/defabrica\/producto\/barbie-dollhouse-portatil-con-piscina-y-accesorios-3-a-7-anos\/","title":{"rendered":"Barbie Dollhouse, port\u00e1til con piscina y accesorios &#8211; 3 a 7 a\u00f1os"},"content":{"rendered":"<p>Abre esta casa de mu\u00f1ecas Barbie y mu\u00e9vete hacia adentro: la casa port\u00e1til se despliega para revelar una casa de un piso de m\u00e1s de 2 pies de ancho y con 360 grados de juego.\u00a0Hay una cocina, un dormitorio, un ba\u00f1o y un \u00e1rea de piscina, cada uno con un estilo exclusivo y calcoman\u00edas de fondo realistas, accesorios tem\u00e1ticos y caracter\u00edsticas divertidas.\u00a0En la cocina, un fregadero y una estufa ayudan a reproducir historias de cocina y una barra con isla es perfecta para cenar.\u00a0El dormitorio tiene una cama abatible y un armario que puede guardar ropa.\u00a0En el ba\u00f1o, un inodoro tiene una tapa que funciona para darle un toque realista.\u00a0En el exterior, la piscina se puede llenar con agua para dar un chapuz\u00f3n mientras \u00abluces\u00bb de colores cuelgan del patio.<\/p>\n","protected":false},"excerpt":{"rendered":"<p>Abre esta casa de mu\u00f1ecas Barbie y mu\u00e9vete hacia adentro: la casa port\u00e1til se despliega para revelar una casa de un piso de m\u00e1s de 2 pies de ancho y<\/p>\n","protected":false},"featured_media":67204,"comment_status":"open","ping_status":"closed","template":"","meta":{"_acf_changed":false,"_joinchat":[]},"product_brand":[],"product_cat":[1490,886,1097],"product_tag":[],"class_list":{"0":"post-67203","1":"product","2":"type-product","3":"status-publish","4":"has-post-thumbnail","6":"product_cat-barbie","7":"product_cat-juguetesycoleccionables","8":"product_cat-juguetes","10":"first","11":"instock","12":"sale","13":"shipping-taxable","14":"purchasable","15":"product-type-simple"},"acf":[],"_links":{"self":[{"href":"https:\/\/defabrica.com.mx\/defabrica\/wp-json\/wp\/v2\/product\/67203","targetHints":{"allow":["GET"]}}],"collection":[{"href":"https:\/\/defabrica.com.mx\/defabrica\/wp-json\/wp\/v2\/product"}],"about":[{"href":"https:\/\/defabrica.com.mx\/defabrica\/wp-json\/wp\/v2\/types\/product"}],"replies":[{"embeddable":true,"href":"https:\/\/defabrica.com.mx\/defabrica\/wp-json\/wp\/v2\/comments?post=67203"}],"wp:featuredmedia":[{"embeddable":true,"href":"https:\/\/defabrica.com.mx\/defabrica\/wp-json\/wp\/v2\/media\/67204"}],"wp:attachment":[{"href":"https:\/\/defabrica.com.mx\/defabrica\/wp-json\/wp\/v2\/media?parent=67203"}],"wp:term":[{"taxonomy":"product_brand","embeddable":true,"href":"https:\/\/defabrica.com.mx\/defabrica\/wp-json\/wp\/v2\/product_brand?post=67203"},{"taxonomy":"product_cat","embeddable":true,"href":"https:\/\/defabrica.com.mx\/defabrica\/wp-json\/wp\/v2\/product_cat?post=67203"},{"taxonomy":"product_tag","embeddable":true,"href":"https:\/\/defabrica.com.mx\/defabrica\/wp-json\/wp\/v2\/product_tag?post=67203"}],"curies":[{"name":"wp","href":"https:\/\/api.w.org\/{rel}","templated":true}]}}