{"id":67193,"date":"2021-12-08T14:01:21","date_gmt":"2021-12-08T20:01:21","guid":{"rendered":"https:\/\/defabrica.com.mx\/defabrica\/?post_type=product&#038;p=67193"},"modified":"2023-01-27T11:01:57","modified_gmt":"2023-01-27T17:01:57","slug":"barbie-dream-closet-con-mas-de-30-piezas","status":"publish","type":"product","link":"https:\/\/defabrica.com.mx\/defabrica\/producto\/barbie-dream-closet-con-mas-de-30-piezas\/","title":{"rendered":"Barbie Dream Closet con m\u00e1s de 30 piezas"},"content":{"rendered":"<p>\u00a1El armario de los sue\u00f1os de Barbie inspira a los ni\u00f1os a crear un sinf\u00edn de estilos e historias para acompa\u00f1arlos!\u00a0Este moderno armario rosa se abre a m\u00e1s de 2 pies de ancho (60+ cm), tiene m\u00e1s de 10 espacios de almacenamiento y cuenta con un perchero giratorio para ropa, un espejo de cuerpo entero y un escritorio.\u00a0Almacena y exhibe las m\u00e1s de 30 modas y complementos usando los cajones, estantes y percheros.\u00a0El perchero giratorio para ropa realmente gira; simplemente gire la perilla para girar el perchero y seleccione un atuendo.\u00a0Los ni\u00f1os pueden usar el soporte para mu\u00f1ecas y el espejo para dise\u00f1ar y modelar su apariencia;\u00a0luego use el espacio del escritorio y los accesorios para jugar a compartir con amigos.\u00a0\u00a1Los ni\u00f1os incluso pueden personalizar el tablero de corcho sobre el escritorio con la hoja de pegatinas incluida!\u00a0El juego de armario viene con cinco conjuntos completos, incluidos accesorios, para cualquier ocasi\u00f3n: dos conjuntos de d\u00eda de moda, un look de noche,\u00a0un traje de pediatra y un traje de buceo deportivo con m\u00e1scara y aletas.\u00a0Los ni\u00f1os tambi\u00e9n pueden usar la hoja de pegatinas incluida para decorar el espacio de trabajo.\u00a0Cuando termine el tiempo de juego, empaca y cierra el armario para guardarlo o llevarlo contigo.\u00a0Un elegante asa de transporte facilita su transporte.\u00a0Incluye Dream Closet y m\u00e1s de 30 piezas que incluyen cinco looks y accesorios.\u00a0Los colores y las decoraciones pueden variar.<\/p>\n","protected":false},"excerpt":{"rendered":"<p>\u00a1El armario de los sue\u00f1os de Barbie inspira a los ni\u00f1os a crear un sinf\u00edn de estilos e historias para acompa\u00f1arlos!\u00a0Este moderno armario rosa se abre a m\u00e1s de 2<\/p>\n","protected":false},"featured_media":67197,"comment_status":"open","ping_status":"closed","template":"","meta":{"_acf_changed":false,"_joinchat":[]},"product_brand":[],"product_cat":[1490,886,1097],"product_tag":[],"class_list":{"0":"post-67193","1":"product","2":"type-product","3":"status-publish","4":"has-post-thumbnail","6":"product_cat-barbie","7":"product_cat-juguetesycoleccionables","8":"product_cat-juguetes","10":"first","11":"instock","12":"sale","13":"shipping-taxable","14":"purchasable","15":"product-type-simple"},"acf":[],"_links":{"self":[{"href":"https:\/\/defabrica.com.mx\/defabrica\/wp-json\/wp\/v2\/product\/67193","targetHints":{"allow":["GET"]}}],"collection":[{"href":"https:\/\/defabrica.com.mx\/defabrica\/wp-json\/wp\/v2\/product"}],"about":[{"href":"https:\/\/defabrica.com.mx\/defabrica\/wp-json\/wp\/v2\/types\/product"}],"replies":[{"embeddable":true,"href":"https:\/\/defabrica.com.mx\/defabrica\/wp-json\/wp\/v2\/comments?post=67193"}],"wp:featuredmedia":[{"embeddable":true,"href":"https:\/\/defabrica.com.mx\/defabrica\/wp-json\/wp\/v2\/media\/67197"}],"wp:attachment":[{"href":"https:\/\/defabrica.com.mx\/defabrica\/wp-json\/wp\/v2\/media?parent=67193"}],"wp:term":[{"taxonomy":"product_brand","embeddable":true,"href":"https:\/\/defabrica.com.mx\/defabrica\/wp-json\/wp\/v2\/product_brand?post=67193"},{"taxonomy":"product_cat","embeddable":true,"href":"https:\/\/defabrica.com.mx\/defabrica\/wp-json\/wp\/v2\/product_cat?post=67193"},{"taxonomy":"product_tag","embeddable":true,"href":"https:\/\/defabrica.com.mx\/defabrica\/wp-json\/wp\/v2\/product_tag?post=67193"}],"curies":[{"name":"wp","href":"https:\/\/api.w.org\/{rel}","templated":true}]}}