{"id":67184,"date":"2021-12-08T13:57:41","date_gmt":"2021-12-08T19:57:41","guid":{"rendered":"https:\/\/defabrica.com.mx\/defabrica\/?post_type=product&#038;p=67184"},"modified":"2023-01-21T15:00:34","modified_gmt":"2023-01-21T21:00:34","slug":"casa-glam-getaway-de-barbie-rosado","status":"publish","type":"product","link":"https:\/\/defabrica.com.mx\/defabrica\/producto\/casa-glam-getaway-de-barbie-rosado\/","title":{"rendered":"Casa Glam Getaway de Barbie, Rosado"},"content":{"rendered":"<p>Cuando una chica glamorosa necesita relajarse, \u00a1necesita una escapada glamorosa!\u00a0Esta incre\u00edble casa es el lugar perfecto para que la mu\u00f1eca Barbie (se vende por separado) se refresque y recargue.\u00a0Adem\u00e1s, un pestillo y un asa de transporte significan que esta casa para una escapada tambi\u00e9n es el juego perfecto para emprender una escapada por su cuenta.\u00a0Destrabe y despliegue para revelar una linda cocina, un adorable dormitorio y un ba\u00f1o en suite.\u00a0La mu\u00f1eca Barbie puede preparar una comida en la estufa y cenar en el mostrador en uno de los dos taburetes incluidos, \u00a1as\u00ed que hay espacio para una hermana o un amigo!\u00a0Los accesorios, como una tetera, una olla para cocinar y platos, \u00a1hacen una comida deliciosa como una mu\u00f1eca!\u00a0Adem\u00e1s, una caracter\u00edstica \u00fanica mantiene las piezas en su lugar.\u00a0La cama, con sus mantas suaves, se ve completamente acogedora, mientras que la moderna l\u00e1mpara de ara\u00f1a rosa agrega un toque de glamour.<\/p>\n","protected":false},"excerpt":{"rendered":"<p>Cuando una chica glamorosa necesita relajarse, \u00a1necesita una escapada glamorosa!\u00a0Esta incre\u00edble casa es el lugar perfecto para que la mu\u00f1eca Barbie (se vende por separado) se refresque y recargue.\u00a0Adem\u00e1s, un<\/p>\n","protected":false},"featured_media":67186,"comment_status":"open","ping_status":"closed","template":"","meta":{"_acf_changed":false,"_joinchat":[]},"product_brand":[],"product_cat":[1490,1519,886,1097],"product_tag":[],"class_list":{"0":"post-67184","1":"product","2":"type-product","3":"status-publish","4":"has-post-thumbnail","6":"product_cat-barbie","7":"product_cat-ofertas-jugycol","8":"product_cat-juguetesycoleccionables","9":"product_cat-juguetes","11":"first","12":"instock","13":"sale","14":"shipping-taxable","15":"purchasable","16":"product-type-simple"},"acf":[],"_links":{"self":[{"href":"https:\/\/defabrica.com.mx\/defabrica\/wp-json\/wp\/v2\/product\/67184","targetHints":{"allow":["GET"]}}],"collection":[{"href":"https:\/\/defabrica.com.mx\/defabrica\/wp-json\/wp\/v2\/product"}],"about":[{"href":"https:\/\/defabrica.com.mx\/defabrica\/wp-json\/wp\/v2\/types\/product"}],"replies":[{"embeddable":true,"href":"https:\/\/defabrica.com.mx\/defabrica\/wp-json\/wp\/v2\/comments?post=67184"}],"wp:featuredmedia":[{"embeddable":true,"href":"https:\/\/defabrica.com.mx\/defabrica\/wp-json\/wp\/v2\/media\/67186"}],"wp:attachment":[{"href":"https:\/\/defabrica.com.mx\/defabrica\/wp-json\/wp\/v2\/media?parent=67184"}],"wp:term":[{"taxonomy":"product_brand","embeddable":true,"href":"https:\/\/defabrica.com.mx\/defabrica\/wp-json\/wp\/v2\/product_brand?post=67184"},{"taxonomy":"product_cat","embeddable":true,"href":"https:\/\/defabrica.com.mx\/defabrica\/wp-json\/wp\/v2\/product_cat?post=67184"},{"taxonomy":"product_tag","embeddable":true,"href":"https:\/\/defabrica.com.mx\/defabrica\/wp-json\/wp\/v2\/product_tag?post=67184"}],"curies":[{"name":"wp","href":"https:\/\/api.w.org\/{rel}","templated":true}]}}