{"id":67172,"date":"2021-12-08T13:54:21","date_gmt":"2021-12-08T19:54:21","guid":{"rendered":"https:\/\/defabrica.com.mx\/defabrica\/?post_type=product&#038;p=67172"},"modified":"2022-12-07T15:37:14","modified_gmt":"2022-12-07T21:37:14","slug":"barbie-pasaporte-rosado-de-3-cuentos-de-la-casa","status":"publish","type":"product","link":"https:\/\/defabrica.com.mx\/defabrica\/producto\/barbie-pasaporte-rosado-de-3-cuentos-de-la-casa\/","title":{"rendered":"Barbie Pasaporte rosado, de 3 cuentos de la casa"},"content":{"rendered":"<h4 class=\"a-spacing-mini\">Un hogar moderno para el juego cl\u00e1sico<\/h4>\n<p>Despliegue la casa adosada de 3 pisos de la mu\u00f1eca Barbie para revelar tres pisos, varias habitaciones y caracter\u00edsticas divertidas que hacen de esta casa contempor\u00e1nea un espacio de juego imaginativo (la mu\u00f1eca se vende por separado).\u00a0\u00a1Cuatro habitaciones cl\u00e1sicas, adem\u00e1s de un sal\u00f3n en la azotea, ofrecen toneladas de posibilidades para contar historias!\u00a0Los colores fr\u00edos, los dise\u00f1os modernos y los detalles realistas fomentan la expresi\u00f3n creativa mientras los ni\u00f1os cuentan sus propias historias imaginativas.<\/p>\n<h4 class=\"a-spacing-mini\">\u00a1Toques elegantes y momentos asombrosos!<\/h4>\n<p>Fiel al estilo caracter\u00edstico de Barbie, esta casa ofrece m\u00e1s que un juego tradicional: \u00a1tambi\u00e9n hay caracter\u00edsticas divertidas que agregan asombro de arriba a abajo!\u00a0Se puede colocar una silla mecedora rosa para colgarla en el interior o en el exterior del primer piso.\u00a0Viaje entre niveles con el elevador activo activado por ni\u00f1os que se desliza hacia arriba y hacia abajo.\u00a0Env\u00edelo y cuando llegue al segundo piso, se abrir\u00e1 una terraza en la azotea y aparecer\u00e1 una sombrilla de colores para divertirse bajo el sol.<\/p>\n","protected":false},"excerpt":{"rendered":"<p>Un hogar moderno para el juego cl\u00e1sico Despliegue la casa adosada de 3 pisos de la mu\u00f1eca Barbie para revelar tres pisos, varias habitaciones y caracter\u00edsticas divertidas que hacen de<\/p>\n","protected":false},"featured_media":67175,"comment_status":"open","ping_status":"closed","template":"","meta":{"_acf_changed":false,"_joinchat":[]},"product_brand":[],"product_cat":[1490,886,1097],"product_tag":[],"class_list":{"0":"post-67172","1":"product","2":"type-product","3":"status-publish","4":"has-post-thumbnail","6":"product_cat-barbie","7":"product_cat-juguetesycoleccionables","8":"product_cat-juguetes","10":"first","11":"instock","12":"sale","13":"shipping-taxable","14":"purchasable","15":"product-type-simple"},"acf":[],"_links":{"self":[{"href":"https:\/\/defabrica.com.mx\/defabrica\/wp-json\/wp\/v2\/product\/67172","targetHints":{"allow":["GET"]}}],"collection":[{"href":"https:\/\/defabrica.com.mx\/defabrica\/wp-json\/wp\/v2\/product"}],"about":[{"href":"https:\/\/defabrica.com.mx\/defabrica\/wp-json\/wp\/v2\/types\/product"}],"replies":[{"embeddable":true,"href":"https:\/\/defabrica.com.mx\/defabrica\/wp-json\/wp\/v2\/comments?post=67172"}],"wp:featuredmedia":[{"embeddable":true,"href":"https:\/\/defabrica.com.mx\/defabrica\/wp-json\/wp\/v2\/media\/67175"}],"wp:attachment":[{"href":"https:\/\/defabrica.com.mx\/defabrica\/wp-json\/wp\/v2\/media?parent=67172"}],"wp:term":[{"taxonomy":"product_brand","embeddable":true,"href":"https:\/\/defabrica.com.mx\/defabrica\/wp-json\/wp\/v2\/product_brand?post=67172"},{"taxonomy":"product_cat","embeddable":true,"href":"https:\/\/defabrica.com.mx\/defabrica\/wp-json\/wp\/v2\/product_cat?post=67172"},{"taxonomy":"product_tag","embeddable":true,"href":"https:\/\/defabrica.com.mx\/defabrica\/wp-json\/wp\/v2\/product_tag?post=67172"}],"curies":[{"name":"wp","href":"https:\/\/api.w.org\/{rel}","templated":true}]}}