{"id":67150,"date":"2021-12-08T13:41:34","date_gmt":"2021-12-08T19:41:34","guid":{"rendered":"https:\/\/defabrica.com.mx\/defabrica\/?post_type=product&#038;p=67150"},"modified":"2022-12-07T15:36:06","modified_gmt":"2022-12-07T21:36:06","slug":"%e2%80%8bbarbie-club-chelsea-camper-juego-con-muneca-chelsea","status":"publish","type":"product","link":"https:\/\/defabrica.com.mx\/defabrica\/producto\/%e2%80%8bbarbie-club-chelsea-camper-juego-con-muneca-chelsea\/","title":{"rendered":"\u200bBarbie Club Chelsea Camper juego con mu\u00f1eca Chelsea"},"content":{"rendered":"<p>La mu\u00f1eca Chelsea y su cachorro est\u00e1n listos para acampar en cualquier lugar, incluso en su propio patio trasero, porque tienen un veh\u00edculo muy especial: \u00a1el Club Chelsea Camper se separa del autom\u00f3vil y se transforma en un juego de campamento para crear un hogar lejos del hogar!\u00a0Engancha la caravana al auto convertible para viajar y desengancha cuando sea el momento de acampar.\u00a0Luego, abra la caravana para ver una cocina con fregadero, estufa y refrigerador (\u00a1con una puerta que funciona!) Y dos literas (\u00a1con una escalera!) Para que siempre haya espacio para un amigo.\u00a0Incluso hay una puerta para perros para que su cachorro pueda entrar y salir.\u00a0M\u00e1s de 10 piezas de juguete inspiran la imaginaci\u00f3n para contar todo tipo de historias de campamento, incluidas canciones de campamento: hay una hoguera, una guitarra, dos taburetes y dos palos con malvaviscos para los momentos cl\u00e1sicos de campamento, adem\u00e1s de dos bebidas, una olla, una toalla y una maleta.<\/p>\n","protected":false},"excerpt":{"rendered":"<p>La mu\u00f1eca Chelsea y su cachorro est\u00e1n listos para acampar en cualquier lugar, incluso en su propio patio trasero, porque tienen un veh\u00edculo muy especial: \u00a1el Club Chelsea Camper se<\/p>\n","protected":false},"featured_media":67152,"comment_status":"open","ping_status":"closed","template":"","meta":{"_acf_changed":false,"_joinchat":[]},"product_brand":[],"product_cat":[1490,886,1097],"product_tag":[],"class_list":{"0":"post-67150","1":"product","2":"type-product","3":"status-publish","4":"has-post-thumbnail","6":"product_cat-barbie","7":"product_cat-juguetesycoleccionables","8":"product_cat-juguetes","10":"first","11":"instock","12":"sale","13":"shipping-taxable","14":"purchasable","15":"product-type-simple"},"acf":[],"_links":{"self":[{"href":"https:\/\/defabrica.com.mx\/defabrica\/wp-json\/wp\/v2\/product\/67150","targetHints":{"allow":["GET"]}}],"collection":[{"href":"https:\/\/defabrica.com.mx\/defabrica\/wp-json\/wp\/v2\/product"}],"about":[{"href":"https:\/\/defabrica.com.mx\/defabrica\/wp-json\/wp\/v2\/types\/product"}],"replies":[{"embeddable":true,"href":"https:\/\/defabrica.com.mx\/defabrica\/wp-json\/wp\/v2\/comments?post=67150"}],"wp:featuredmedia":[{"embeddable":true,"href":"https:\/\/defabrica.com.mx\/defabrica\/wp-json\/wp\/v2\/media\/67152"}],"wp:attachment":[{"href":"https:\/\/defabrica.com.mx\/defabrica\/wp-json\/wp\/v2\/media?parent=67150"}],"wp:term":[{"taxonomy":"product_brand","embeddable":true,"href":"https:\/\/defabrica.com.mx\/defabrica\/wp-json\/wp\/v2\/product_brand?post=67150"},{"taxonomy":"product_cat","embeddable":true,"href":"https:\/\/defabrica.com.mx\/defabrica\/wp-json\/wp\/v2\/product_cat?post=67150"},{"taxonomy":"product_tag","embeddable":true,"href":"https:\/\/defabrica.com.mx\/defabrica\/wp-json\/wp\/v2\/product_tag?post=67150"}],"curies":[{"name":"wp","href":"https:\/\/api.w.org\/{rel}","templated":true}]}}