{"id":67039,"date":"2021-12-07T18:33:08","date_gmt":"2021-12-08T00:33:08","guid":{"rendered":"https:\/\/defabrica.com.mx\/defabrica\/?post_type=product&#038;p=67039"},"modified":"2022-12-07T15:35:28","modified_gmt":"2022-12-07T21:35:28","slug":"barbie-convertible-incluye-muneca","status":"publish","type":"product","link":"https:\/\/defabrica.com.mx\/defabrica\/producto\/barbie-convertible-incluye-muneca\/","title":{"rendered":"Barbie convertible incluye mu\u00f1eca"},"content":{"rendered":"<div class=\"celwidget\" data-cel-widget=\"dpx-product-description_csm_instrumentation_wrapper\" data-csa-c-id=\"slqq7o-4dcyjq-79504n-yvh1kg\">\n<div id=\"descriptionAndDetails\" class=\"a-section a-spacing-extra-large\">\n<div id=\"productDescription_feature_div\" class=\"celwidget\" data-feature-name=\"productDescription\" data-cel-widget=\"productDescription_feature_div\" data-csa-c-id=\"e9vv6z-49nwqt-sbk4hh-vpxnhx\">\n<div>\n<div id=\"productDescription_feature_div\" class=\"a-row feature\" data-feature-name=\"productDescription\" data-template-name=\"productDescription\" data-cel-widget=\"productDescription_feature_div\">\n<div id=\"productDescription\" class=\"a-section a-spacing-small\">\n<p>\u00a1La mu\u00f1eca Barbie puede salir a la carretera con estilo con este descapotable s\u00faper glamoroso!\u00a0Dise\u00f1ado con un techo abierto, este biplaza rosa est\u00e1 listo para una aventura en carretera abierta o un viaje r\u00e1pido a la tienda.\u00a0Su exterior rosa brillante presenta llantas con un estilo realista y acentos de Barbie.\u00a0Los asientos interiores negros hacen una declaraci\u00f3n con los cinturones de seguridad para el realismo y las etiquetas de \u00abtapicer\u00eda\u00bb de Barbie para el estilo.\u00a0S\u00fabete para conducir a la imaginaci\u00f3n y lanzarte a la aventura.\u00a0La mu\u00f1eca Barbie est\u00e1 lista para cualquier cosa vestida con un vestido rosa con estampado blanco gr\u00e1fico, zapatos rosas con tiras y gafas de sol perfectas para un viaje soleado.\u00a0Con este auto genial, la mu\u00f1eca Barbie puede rodar en todo tipo de cuentos porque con Barbie, \u00a1todo es posible!\u00a0Incluye la mu\u00f1eca Barbie con moda y accesorios, adem\u00e1s de un auto convertible con detalles y estilo.\u00a0Los colores y las decoraciones pueden variar.<\/p>\n<\/div>\n<\/div>\n<\/div>\n<\/div>\n<\/div>\n<\/div>\n","protected":false},"excerpt":{"rendered":"<p>\u00a1La mu\u00f1eca Barbie puede salir a la carretera con estilo con este descapotable s\u00faper glamoroso!\u00a0Dise\u00f1ado con un techo abierto, este biplaza rosa est\u00e1 listo para una aventura en carretera abierta<\/p>\n","protected":false},"featured_media":67040,"comment_status":"open","ping_status":"closed","template":"","meta":{"_acf_changed":false,"_joinchat":[]},"product_brand":[],"product_cat":[1490,886,1097],"product_tag":[],"class_list":{"0":"post-67039","1":"product","2":"type-product","3":"status-publish","4":"has-post-thumbnail","6":"product_cat-barbie","7":"product_cat-juguetesycoleccionables","8":"product_cat-juguetes","10":"first","11":"instock","12":"sale","13":"shipping-taxable","14":"purchasable","15":"product-type-simple"},"acf":[],"_links":{"self":[{"href":"https:\/\/defabrica.com.mx\/defabrica\/wp-json\/wp\/v2\/product\/67039","targetHints":{"allow":["GET"]}}],"collection":[{"href":"https:\/\/defabrica.com.mx\/defabrica\/wp-json\/wp\/v2\/product"}],"about":[{"href":"https:\/\/defabrica.com.mx\/defabrica\/wp-json\/wp\/v2\/types\/product"}],"replies":[{"embeddable":true,"href":"https:\/\/defabrica.com.mx\/defabrica\/wp-json\/wp\/v2\/comments?post=67039"}],"wp:featuredmedia":[{"embeddable":true,"href":"https:\/\/defabrica.com.mx\/defabrica\/wp-json\/wp\/v2\/media\/67040"}],"wp:attachment":[{"href":"https:\/\/defabrica.com.mx\/defabrica\/wp-json\/wp\/v2\/media?parent=67039"}],"wp:term":[{"taxonomy":"product_brand","embeddable":true,"href":"https:\/\/defabrica.com.mx\/defabrica\/wp-json\/wp\/v2\/product_brand?post=67039"},{"taxonomy":"product_cat","embeddable":true,"href":"https:\/\/defabrica.com.mx\/defabrica\/wp-json\/wp\/v2\/product_cat?post=67039"},{"taxonomy":"product_tag","embeddable":true,"href":"https:\/\/defabrica.com.mx\/defabrica\/wp-json\/wp\/v2\/product_tag?post=67039"}],"curies":[{"name":"wp","href":"https:\/\/api.w.org\/{rel}","templated":true}]}}