{"id":67020,"date":"2021-12-07T17:26:12","date_gmt":"2021-12-07T23:26:12","guid":{"rendered":"https:\/\/defabrica.com.mx\/defabrica\/?post_type=product&#038;p=67020"},"modified":"2022-12-07T15:34:33","modified_gmt":"2022-12-07T21:34:33","slug":"barbie-muneca-extra-5-en-chaqueta-de-mezclilla-con-flecos-largos-con-cachorro-de-mascota-trenzas-arco-iris-traje-en-capas-y-accesorios-incluyendo-coche-para-mascota-multiples-articulaciones-flexi","status":"publish","type":"product","link":"https:\/\/defabrica.com.mx\/defabrica\/producto\/barbie-muneca-extra-5-en-chaqueta-de-mezclilla-con-flecos-largos-con-cachorro-de-mascota-trenzas-arco-iris-traje-en-capas-y-accesorios-incluyendo-coche-para-mascota-multiples-articulaciones-flexi\/","title":{"rendered":"Barbie Mu\u00f1eca extra #5 en chaqueta de mezclilla con flecos largos con cachorro de mascota, trenzas arco iris, traje en capas y accesorios, incluyendo coche para mascota, m\u00faltiples articulaciones flexibles, regalo para ni\u00f1os de 3 a\u00f1os en adelante, 12 pulgadas"},"content":{"rendered":"<div class=\"celwidget\" data-csa-c-id=\"tp8s20-t3dsbu-lrsu57-lvvro2\" data-cel-widget=\"dpx-product-description_csm_instrumentation_wrapper\">\n<div id=\"descriptionAndDetails\" class=\"a-section a-spacing-extra-large\">\n<div id=\"productDescription_feature_div\" class=\"celwidget\" data-feature-name=\"productDescription\" data-csa-c-id=\"d9z7vn-2gy9jn-8lnn2n-6jytc2\" data-cel-widget=\"productDescription_feature_div\">\n<div>\n<div id=\"productDescription_feature_div\" class=\"a-row feature\" data-feature-name=\"productDescription\" data-template-name=\"productDescription\" data-cel-widget=\"productDescription_feature_div\">\n<div id=\"productDescription\" class=\"a-section a-spacing-small\">\n<p>Las mu\u00f1ecas Barbie Extra tienen modas atrevidas y colores brillantes, y hacen grandes declaraciones. Cada mu\u00f1eca Barbie tiene su propio estilo \u00fanico que es divertido y en la parte superior. Y sus mascotas, cada una diferente y adorable, tambi\u00e9n tienen toneladas de personalidad. Barbie Extra permite a los ni\u00f1os explorar la autoexpresi\u00f3n a trav\u00e9s del estilo y ofrece una emocionante experiencia de juego de moda y estilo con mu\u00f1ecas articuladas. Se trata de divertirse con la moda con purpurina, ositos de goma, emoticonos y cabello destacado, aportando vibraciones extra dondequiera que vayan. Cada uno se vende por separado, sujeto a disponibilidad. Las mu\u00f1ecas no pueden pararse solas. Los colores y decoraciones pueden variar.<\/p>\n<\/div>\n<\/div>\n<\/div>\n<\/div>\n<\/div>\n<\/div>\n","protected":false},"excerpt":{"rendered":"<p>Las mu\u00f1ecas Barbie Extra tienen modas atrevidas y colores brillantes, y hacen grandes declaraciones. Cada mu\u00f1eca Barbie tiene su propio estilo \u00fanico que es divertido y en la parte superior.<\/p>\n","protected":false},"featured_media":67026,"comment_status":"open","ping_status":"closed","template":"","meta":{"_acf_changed":false,"_joinchat":[]},"product_brand":[],"product_cat":[1490,886,1097],"product_tag":[],"class_list":{"0":"post-67020","1":"product","2":"type-product","3":"status-publish","4":"has-post-thumbnail","6":"product_cat-barbie","7":"product_cat-juguetesycoleccionables","8":"product_cat-juguetes","10":"first","11":"instock","12":"sale","13":"shipping-taxable","14":"purchasable","15":"product-type-simple"},"acf":[],"_links":{"self":[{"href":"https:\/\/defabrica.com.mx\/defabrica\/wp-json\/wp\/v2\/product\/67020","targetHints":{"allow":["GET"]}}],"collection":[{"href":"https:\/\/defabrica.com.mx\/defabrica\/wp-json\/wp\/v2\/product"}],"about":[{"href":"https:\/\/defabrica.com.mx\/defabrica\/wp-json\/wp\/v2\/types\/product"}],"replies":[{"embeddable":true,"href":"https:\/\/defabrica.com.mx\/defabrica\/wp-json\/wp\/v2\/comments?post=67020"}],"wp:featuredmedia":[{"embeddable":true,"href":"https:\/\/defabrica.com.mx\/defabrica\/wp-json\/wp\/v2\/media\/67026"}],"wp:attachment":[{"href":"https:\/\/defabrica.com.mx\/defabrica\/wp-json\/wp\/v2\/media?parent=67020"}],"wp:term":[{"taxonomy":"product_brand","embeddable":true,"href":"https:\/\/defabrica.com.mx\/defabrica\/wp-json\/wp\/v2\/product_brand?post=67020"},{"taxonomy":"product_cat","embeddable":true,"href":"https:\/\/defabrica.com.mx\/defabrica\/wp-json\/wp\/v2\/product_cat?post=67020"},{"taxonomy":"product_tag","embeddable":true,"href":"https:\/\/defabrica.com.mx\/defabrica\/wp-json\/wp\/v2\/product_tag?post=67020"}],"curies":[{"name":"wp","href":"https:\/\/api.w.org\/{rel}","templated":true}]}}