{"id":67002,"date":"2021-12-07T17:07:30","date_gmt":"2021-12-07T23:07:30","guid":{"rendered":"https:\/\/defabrica.com.mx\/defabrica\/?post_type=product&#038;p=67002"},"modified":"2023-01-27T10:55:00","modified_gmt":"2023-01-27T16:55:00","slug":"barbie-casa-de-munecas-2021-dreamhouse-con-piscina-tobogan-ascensor-luces-y-sonidos","status":"publish","type":"product","link":"https:\/\/defabrica.com.mx\/defabrica\/producto\/barbie-casa-de-munecas-2021-dreamhouse-con-piscina-tobogan-ascensor-luces-y-sonidos\/","title":{"rendered":"Barbie &#8211; Casa de mu\u00f1ecas 2021 Dreamhouse con piscina, tobog\u00e1n, ascensor, luces y sonidos"},"content":{"rendered":"<p>Cuando la imaginaci\u00f3n de los j\u00f3venes abra la puerta a Barbie DreamHouse, \u00a1descubrir\u00e1n posibilidades ilimitadas de contar historias!\u00a0Con 43 pulgadas de alto y 41 pulgadas de ancho, esta casa de mu\u00f1ecas de ensue\u00f1o inspira el juego de 360 \u200b\u200bgrados con tres pisos y 10 \u00e1reas de estar interiores y exteriores.\u00a0M\u00fadate y personaliza el espacio: el \u00e1rea de c\u00e9sped y la piscina se pueden colocar en m\u00faltiples configuraciones en el primer y tercer piso, y el tobog\u00e1n cabe en cuatro ubicaciones del segundo piso.\u00a0Despu\u00e9s de dise\u00f1ar el dise\u00f1o, prepara el escenario para cualquier historia con tres canciones, dos paisajes sonoros y configuraciones de luz personalizables.<\/p>\n","protected":false},"excerpt":{"rendered":"<p>Cuando la imaginaci\u00f3n de los j\u00f3venes abra la puerta a Barbie DreamHouse, \u00a1descubrir\u00e1n posibilidades ilimitadas de contar historias!\u00a0Con 43 pulgadas de alto y 41 pulgadas de ancho, esta casa de<\/p>\n","protected":false},"featured_media":67003,"comment_status":"open","ping_status":"closed","template":"","meta":{"_acf_changed":false,"_joinchat":[]},"product_brand":[],"product_cat":[1490,886,1097],"product_tag":[],"class_list":{"0":"post-67002","1":"product","2":"type-product","3":"status-publish","4":"has-post-thumbnail","6":"product_cat-barbie","7":"product_cat-juguetesycoleccionables","8":"product_cat-juguetes","10":"first","11":"instock","12":"sale","13":"shipping-taxable","14":"purchasable","15":"product-type-simple"},"acf":[],"_links":{"self":[{"href":"https:\/\/defabrica.com.mx\/defabrica\/wp-json\/wp\/v2\/product\/67002","targetHints":{"allow":["GET"]}}],"collection":[{"href":"https:\/\/defabrica.com.mx\/defabrica\/wp-json\/wp\/v2\/product"}],"about":[{"href":"https:\/\/defabrica.com.mx\/defabrica\/wp-json\/wp\/v2\/types\/product"}],"replies":[{"embeddable":true,"href":"https:\/\/defabrica.com.mx\/defabrica\/wp-json\/wp\/v2\/comments?post=67002"}],"wp:featuredmedia":[{"embeddable":true,"href":"https:\/\/defabrica.com.mx\/defabrica\/wp-json\/wp\/v2\/media\/67003"}],"wp:attachment":[{"href":"https:\/\/defabrica.com.mx\/defabrica\/wp-json\/wp\/v2\/media?parent=67002"}],"wp:term":[{"taxonomy":"product_brand","embeddable":true,"href":"https:\/\/defabrica.com.mx\/defabrica\/wp-json\/wp\/v2\/product_brand?post=67002"},{"taxonomy":"product_cat","embeddable":true,"href":"https:\/\/defabrica.com.mx\/defabrica\/wp-json\/wp\/v2\/product_cat?post=67002"},{"taxonomy":"product_tag","embeddable":true,"href":"https:\/\/defabrica.com.mx\/defabrica\/wp-json\/wp\/v2\/product_tag?post=67002"}],"curies":[{"name":"wp","href":"https:\/\/api.w.org\/{rel}","templated":true}]}}