{"id":66905,"date":"2021-12-06T22:37:22","date_gmt":"2021-12-07T04:37:22","guid":{"rendered":"https:\/\/defabrica.com.mx\/defabrica\/?post_type=product&#038;p=66905"},"modified":"2025-09-04T00:43:46","modified_gmt":"2025-09-04T06:43:46","slug":"hover-1-blast-hoverboard-negro-80-kg-peso-maximo-velocidad-maxima-de-12km-h-luces-brillantes-led","status":"publish","type":"product","link":"https:\/\/defabrica.com.mx\/defabrica\/producto\/hover-1-blast-hoverboard-negro-80-kg-peso-maximo-velocidad-maxima-de-12km-h-luces-brillantes-led\/","title":{"rendered":"Hover-1 Blast Hoverboard negro, 80 Kg peso m\u00e1ximo, velocidad m\u00e1xima de 12Km\/h, luces brillantes LED"},"content":{"rendered":"<div class=\"mb3\">\n<div class=\"dangerous-html mb3\">\n<p>Divi\u00e9rtete con el hoverboard Hover-1 Blast.\u00a0Este hoverboard r\u00e1pido, potente y vers\u00e1til brilla con iluminaci\u00f3n LED integrada.\u00a0Sin mencionar que los motores duales de 160 W te llevan a donde quieras ir r\u00e1pidamente.\u00a0Con un alcance m\u00e1ximo de viaje de 3 millas, puede moverse hacia adelante y hacia atr\u00e1s a una velocidad vertiginosa.\u00a0La explosi\u00f3n te da una r\u00e1pida r\u00e1faga de velocidad, para que puedas llegar a tus destinos m\u00e1s cercanos en un tiempo r\u00e9cord.\u00a0Ac\u00e9rcate a la casa de un amigo en solo unos minutos, luego regresa a casa a tiempo para la cena.\u00a0Perfecto para el ni\u00f1o revoltoso al que le encanta explorar el vecindario.\u00a0Viaja a la velocidad de la vida.<\/p>\n<\/div>\n<\/div>\n<div class=\"mb3\"><\/div>\n","protected":false},"excerpt":{"rendered":"<p>Divi\u00e9rtete con el hoverboard Hover-1 Blast.\u00a0Este hoverboard r\u00e1pido, potente y vers\u00e1til brilla con iluminaci\u00f3n LED integrada.\u00a0Sin mencionar que los motores duales de 160 W te llevan a donde quieras ir<\/p>\n","protected":false},"featured_media":66906,"comment_status":"open","ping_status":"closed","template":"","meta":{"_acf_changed":false,"_joinchat":[]},"product_brand":[],"product_cat":[1508,886,1097,1197],"product_tag":[],"class_list":{"0":"post-66905","1":"product","2":"type-product","3":"status-publish","4":"has-post-thumbnail","6":"product_cat-ofertas-primavera-juguetes","7":"product_cat-juguetesycoleccionables","8":"product_cat-juguetes","9":"product_cat-patines-y-scooters","11":"first","12":"instock","13":"sale","14":"shipping-taxable","15":"purchasable","16":"product-type-simple"},"acf":[],"_links":{"self":[{"href":"https:\/\/defabrica.com.mx\/defabrica\/wp-json\/wp\/v2\/product\/66905","targetHints":{"allow":["GET"]}}],"collection":[{"href":"https:\/\/defabrica.com.mx\/defabrica\/wp-json\/wp\/v2\/product"}],"about":[{"href":"https:\/\/defabrica.com.mx\/defabrica\/wp-json\/wp\/v2\/types\/product"}],"replies":[{"embeddable":true,"href":"https:\/\/defabrica.com.mx\/defabrica\/wp-json\/wp\/v2\/comments?post=66905"}],"wp:featuredmedia":[{"embeddable":true,"href":"https:\/\/defabrica.com.mx\/defabrica\/wp-json\/wp\/v2\/media\/66906"}],"wp:attachment":[{"href":"https:\/\/defabrica.com.mx\/defabrica\/wp-json\/wp\/v2\/media?parent=66905"}],"wp:term":[{"taxonomy":"product_brand","embeddable":true,"href":"https:\/\/defabrica.com.mx\/defabrica\/wp-json\/wp\/v2\/product_brand?post=66905"},{"taxonomy":"product_cat","embeddable":true,"href":"https:\/\/defabrica.com.mx\/defabrica\/wp-json\/wp\/v2\/product_cat?post=66905"},{"taxonomy":"product_tag","embeddable":true,"href":"https:\/\/defabrica.com.mx\/defabrica\/wp-json\/wp\/v2\/product_tag?post=66905"}],"curies":[{"name":"wp","href":"https:\/\/api.w.org\/{rel}","templated":true}]}}