{"id":66868,"date":"2021-12-06T22:16:55","date_gmt":"2021-12-07T04:16:55","guid":{"rendered":"https:\/\/defabrica.com.mx\/defabrica\/?post_type=product&#038;p=66868"},"modified":"2025-07-11T13:37:58","modified_gmt":"2025-07-11T19:37:58","slug":"razor-dxt-drift-trike","status":"publish","type":"product","link":"https:\/\/defabrica.com.mx\/defabrica\/producto\/razor-dxt-drift-trike\/","title":{"rendered":"Razor DXT Drift Trike"},"content":{"rendered":"<p>El Razor DXT Drift Trike es donde el descenso se encuentra con la deriva en una bicicleta compacta.\u00a0Se trata de emoci\u00f3n y confiabilidad.\u00a0Con su marco de acero de tama\u00f1o completo, construcci\u00f3n estilo moto y ruedas traseras de superficie resbaladiza de 10 \u00ab, el Razor Trike est\u00e1 construido para la acci\u00f3n de deslizamiento cuesta abajo en el borde de su asiento para que pueda dejarlo todo colgando desde las rectas libres hasta el curvas m\u00e1s cerradas mientras mantienes la velocidad. Divi\u00e9rtete en la carretera o compitiendo en la pista contra amigos o tu propio r\u00e9cord personal. Recomendado para mayores de 16 a\u00f1os, el triciclo presenta un dise\u00f1o duradero con un marco liviano para facilitar la movilidad. Con dos piezas soldadas marco de acero, manillar de barra plana estilo moto, neum\u00e1tico con rueda delantera y tapacubos cromados, el dise\u00f1o aerodin\u00e1mico puede proporcionar muchos d\u00edas de diversi\u00f3n. Adecuado para circuitos dentro y fuera de la carretera,\u00a0te permitir\u00e1 pedalear hasta la l\u00ednea de meta con estilo.\u00a0El Razor DXT Drift Trike brinda velocidad y agilidad a la vez que ofrece un viaje c\u00f3modo en el camino.<\/p>\n","protected":false},"excerpt":{"rendered":"<p>El Razor DXT Drift Trike es donde el descenso se encuentra con la deriva en una bicicleta compacta.\u00a0Se trata de emoci\u00f3n y confiabilidad.\u00a0Con su marco de acero de tama\u00f1o completo,<\/p>\n","protected":false},"featured_media":66870,"comment_status":"open","ping_status":"closed","template":"","meta":{"_acf_changed":false,"_joinchat":[]},"product_brand":[],"product_cat":[1508,886,1097,1197],"product_tag":[],"class_list":{"0":"post-66868","1":"product","2":"type-product","3":"status-publish","4":"has-post-thumbnail","6":"product_cat-ofertas-primavera-juguetes","7":"product_cat-juguetesycoleccionables","8":"product_cat-juguetes","9":"product_cat-patines-y-scooters","11":"first","12":"instock","13":"sale","14":"shipping-taxable","15":"purchasable","16":"product-type-simple"},"acf":[],"_links":{"self":[{"href":"https:\/\/defabrica.com.mx\/defabrica\/wp-json\/wp\/v2\/product\/66868","targetHints":{"allow":["GET"]}}],"collection":[{"href":"https:\/\/defabrica.com.mx\/defabrica\/wp-json\/wp\/v2\/product"}],"about":[{"href":"https:\/\/defabrica.com.mx\/defabrica\/wp-json\/wp\/v2\/types\/product"}],"replies":[{"embeddable":true,"href":"https:\/\/defabrica.com.mx\/defabrica\/wp-json\/wp\/v2\/comments?post=66868"}],"wp:featuredmedia":[{"embeddable":true,"href":"https:\/\/defabrica.com.mx\/defabrica\/wp-json\/wp\/v2\/media\/66870"}],"wp:attachment":[{"href":"https:\/\/defabrica.com.mx\/defabrica\/wp-json\/wp\/v2\/media?parent=66868"}],"wp:term":[{"taxonomy":"product_brand","embeddable":true,"href":"https:\/\/defabrica.com.mx\/defabrica\/wp-json\/wp\/v2\/product_brand?post=66868"},{"taxonomy":"product_cat","embeddable":true,"href":"https:\/\/defabrica.com.mx\/defabrica\/wp-json\/wp\/v2\/product_cat?post=66868"},{"taxonomy":"product_tag","embeddable":true,"href":"https:\/\/defabrica.com.mx\/defabrica\/wp-json\/wp\/v2\/product_tag?post=66868"}],"curies":[{"name":"wp","href":"https:\/\/api.w.org\/{rel}","templated":true}]}}