{"id":66855,"date":"2021-12-06T21:28:14","date_gmt":"2021-12-07T03:28:14","guid":{"rendered":"https:\/\/defabrica.com.mx\/defabrica\/?post_type=product&#038;p=66855"},"modified":"2025-07-11T13:37:58","modified_gmt":"2025-07-11T19:37:58","slug":"razor-powerrider-360-caos-electrico","status":"publish","type":"product","link":"https:\/\/defabrica.com.mx\/defabrica\/producto\/razor-powerrider-360-caos-electrico\/","title":{"rendered":"Razor PowerRider 360 &#8211; Caos El\u00e9ctrico"},"content":{"rendered":"<p>Viaja hacia el futuro con el triciclo el\u00e9ctrico Razor PowerRider 360.\u00a0Es un veh\u00edculo de tres ruedas totalmente nuevo de propulsi\u00f3n el\u00e9ctrica que ofrece rendimiento con ruedas traseras de gran capacidad de respuesta.\u00a0Con solo presionar un bot\u00f3n, estar\u00e1 listo para las carreras y no es necesario pedalear.\u00a0Corre a velocidades de hasta nueve millas por hora, corta giros completos de 360 \u200b\u200bgrados, desl\u00edzate e incluso derrapa sobre las ruedas giratorias traseras inclinadas de alto rendimiento.\u00a0Este triciclo el\u00e9ctrico Razor puede ayudar a los ni\u00f1os a desarrollar la fuerza del n\u00facleo y el cuello mientras est\u00e1n sentados, as\u00ed como a extender y alcanzar los brazos mientras sujetan el manillar y accionan el freno delantero manual.\u00a0Funciona con una bater\u00eda de 12 voltios, que est\u00e1 incluida.\u00a0Proporciona hasta 30 minutos de tiempo de viaje por carga y solo tarda 12 horas en cargarse.\u00a0Este triciclo para ni\u00f1os est\u00e1 dise\u00f1ado con un freno delantero manual para una frenada confiable.<\/p>\n","protected":false},"excerpt":{"rendered":"<p>Viaja hacia el futuro con el triciclo el\u00e9ctrico Razor PowerRider 360.\u00a0Es un veh\u00edculo de tres ruedas totalmente nuevo de propulsi\u00f3n el\u00e9ctrica que ofrece rendimiento con ruedas traseras de gran capacidad<\/p>\n","protected":false},"featured_media":66856,"comment_status":"open","ping_status":"closed","template":"","meta":{"_acf_changed":false,"_joinchat":[]},"product_brand":[],"product_cat":[1508,886,1097,1197],"product_tag":[],"class_list":{"0":"post-66855","1":"product","2":"type-product","3":"status-publish","4":"has-post-thumbnail","6":"product_cat-ofertas-primavera-juguetes","7":"product_cat-juguetesycoleccionables","8":"product_cat-juguetes","9":"product_cat-patines-y-scooters","11":"first","12":"instock","13":"sale","14":"shipping-taxable","15":"purchasable","16":"product-type-simple"},"acf":[],"_links":{"self":[{"href":"https:\/\/defabrica.com.mx\/defabrica\/wp-json\/wp\/v2\/product\/66855","targetHints":{"allow":["GET"]}}],"collection":[{"href":"https:\/\/defabrica.com.mx\/defabrica\/wp-json\/wp\/v2\/product"}],"about":[{"href":"https:\/\/defabrica.com.mx\/defabrica\/wp-json\/wp\/v2\/types\/product"}],"replies":[{"embeddable":true,"href":"https:\/\/defabrica.com.mx\/defabrica\/wp-json\/wp\/v2\/comments?post=66855"}],"wp:featuredmedia":[{"embeddable":true,"href":"https:\/\/defabrica.com.mx\/defabrica\/wp-json\/wp\/v2\/media\/66856"}],"wp:attachment":[{"href":"https:\/\/defabrica.com.mx\/defabrica\/wp-json\/wp\/v2\/media?parent=66855"}],"wp:term":[{"taxonomy":"product_brand","embeddable":true,"href":"https:\/\/defabrica.com.mx\/defabrica\/wp-json\/wp\/v2\/product_brand?post=66855"},{"taxonomy":"product_cat","embeddable":true,"href":"https:\/\/defabrica.com.mx\/defabrica\/wp-json\/wp\/v2\/product_cat?post=66855"},{"taxonomy":"product_tag","embeddable":true,"href":"https:\/\/defabrica.com.mx\/defabrica\/wp-json\/wp\/v2\/product_tag?post=66855"}],"curies":[{"name":"wp","href":"https:\/\/api.w.org\/{rel}","templated":true}]}}