{"id":66839,"date":"2021-12-06T21:19:11","date_gmt":"2021-12-07T03:19:11","guid":{"rendered":"https:\/\/defabrica.com.mx\/defabrica\/?post_type=product&#038;p=66839"},"modified":"2023-01-27T11:09:54","modified_gmt":"2023-01-27T17:09:54","slug":"razor-pocket-mod-sweet-pea-estilo-europeo-24-v-inspiracion-vintage-hasta-25-km-h-y-hasta-40-min-de-tiempo-de-conduccion","status":"publish","type":"product","link":"https:\/\/defabrica.com.mx\/defabrica\/producto\/razor-pocket-mod-sweet-pea-estilo-europeo-24-v-inspiracion-vintage-hasta-25-km-h-y-hasta-40-min-de-tiempo-de-conduccion\/","title":{"rendered":"Razor &#8211; Pocket Mod Sweet Pea &#8211; Estilo europeo &#8211; 24 V, Inspiraci\u00f3n vintage, Hasta 25 km\/h y Hasta 40 min de tiempo de conducci\u00f3n"},"content":{"rendered":"<p>El patinete el\u00e9ctrico Razor Pocket Mod es ideal para cualquier ni\u00f1o elegante con un ojo agudo para la moda y pasi\u00f3n por la diversi\u00f3n.\u00a0El estilo de inspiraci\u00f3n vintage se combina con el alto rendimiento en este dise\u00f1o cl\u00e1sico italiano.\u00a0Elogiado en Newsweek, TIME y Teen Vogue, el scooter el\u00e9ctrico para ni\u00f1os est\u00e1 disponible en varios colores de moda.\u00a0A sus hijos les encantar\u00e1 sentirse como si estuvieran montados en un veh\u00edculo real y el pr\u00e1ctico compartimento de almacenamiento debajo del asiento proporciona un lugar seguro para guardar una bolsa y otros art\u00edculos.\u00a0El motor el\u00e9ctrico accionado por cadena de 250 vatios proporciona una aceleraci\u00f3n vertiginosa de hasta 15 millas por hora.<\/p>\n","protected":false},"excerpt":{"rendered":"<p>El patinete el\u00e9ctrico Razor Pocket Mod es ideal para cualquier ni\u00f1o elegante con un ojo agudo para la moda y pasi\u00f3n por la diversi\u00f3n.\u00a0El estilo de inspiraci\u00f3n vintage se combina<\/p>\n","protected":false},"featured_media":66840,"comment_status":"open","ping_status":"closed","template":"","meta":{"_acf_changed":false,"_joinchat":[]},"product_brand":[],"product_cat":[1508,886,1097,1197],"product_tag":[],"class_list":{"0":"post-66839","1":"product","2":"type-product","3":"status-publish","4":"has-post-thumbnail","6":"product_cat-ofertas-primavera-juguetes","7":"product_cat-juguetesycoleccionables","8":"product_cat-juguetes","9":"product_cat-patines-y-scooters","11":"first","12":"instock","13":"sale","14":"shipping-taxable","15":"purchasable","16":"product-type-simple"},"acf":[],"_links":{"self":[{"href":"https:\/\/defabrica.com.mx\/defabrica\/wp-json\/wp\/v2\/product\/66839","targetHints":{"allow":["GET"]}}],"collection":[{"href":"https:\/\/defabrica.com.mx\/defabrica\/wp-json\/wp\/v2\/product"}],"about":[{"href":"https:\/\/defabrica.com.mx\/defabrica\/wp-json\/wp\/v2\/types\/product"}],"replies":[{"embeddable":true,"href":"https:\/\/defabrica.com.mx\/defabrica\/wp-json\/wp\/v2\/comments?post=66839"}],"wp:featuredmedia":[{"embeddable":true,"href":"https:\/\/defabrica.com.mx\/defabrica\/wp-json\/wp\/v2\/media\/66840"}],"wp:attachment":[{"href":"https:\/\/defabrica.com.mx\/defabrica\/wp-json\/wp\/v2\/media?parent=66839"}],"wp:term":[{"taxonomy":"product_brand","embeddable":true,"href":"https:\/\/defabrica.com.mx\/defabrica\/wp-json\/wp\/v2\/product_brand?post=66839"},{"taxonomy":"product_cat","embeddable":true,"href":"https:\/\/defabrica.com.mx\/defabrica\/wp-json\/wp\/v2\/product_cat?post=66839"},{"taxonomy":"product_tag","embeddable":true,"href":"https:\/\/defabrica.com.mx\/defabrica\/wp-json\/wp\/v2\/product_tag?post=66839"}],"curies":[{"name":"wp","href":"https:\/\/api.w.org\/{rel}","templated":true}]}}