{"id":66686,"date":"2021-12-04T14:11:50","date_gmt":"2021-12-04T20:11:50","guid":{"rendered":"https:\/\/defabrica.com.mx\/defabrica\/?post_type=product&#038;p=66686"},"modified":"2025-07-11T13:37:58","modified_gmt":"2025-07-11T19:37:58","slug":"marvel-spiderman-cuatrimoto-para-montar-en-la-duna-bateria-de-12-v-3-7-anos-peso-maximo-del-conductor-40-kg-luces-led","status":"publish","type":"product","link":"https:\/\/defabrica.com.mx\/defabrica\/producto\/marvel-spiderman-cuatrimoto-para-montar-en-la-duna-bateria-de-12-v-3-7-anos-peso-maximo-del-conductor-40-kg-luces-led\/","title":{"rendered":"Marvel Spiderman &#8211; Cuatrimoto para montar en la duna, bater\u00eda de 12 V, 3-7 a\u00f1os, peso m\u00e1ximo del conductor 40 Kg, luces LED"},"content":{"rendered":"<div id=\"dpx-product-description_feature_div\">\n<div class=\"celwidget\" data-cel-widget=\"dpx-product-description_csm_instrumentation_wrapper\" data-csa-c-id=\"pmmetn-n4sufh-cxvz2d-qmpfp7\">\n<div id=\"descriptionAndDetails\" class=\"a-section a-spacing-extra-large\">\n<div id=\"productDescription_feature_div\" class=\"celwidget\" data-feature-name=\"productDescription\" data-cel-widget=\"productDescription_feature_div\" data-csa-c-id=\"yb9lgp-gy7gok-xc403m-3n8k8f\">\n<div>\n<div id=\"productDescription_feature_div\" class=\"a-row feature\" data-feature-name=\"productDescription\" data-template-name=\"productDescription\" data-cel-widget=\"productDescription_feature_div\">\n<div id=\"productDescription\" class=\"a-section a-spacing-small\">\n<p>Gira una red de diversi\u00f3n en este carrito de 12 voltios de Marvel Spider-Man Dune Buggy de Kid Trax. Este dulce paseo en carretera est\u00e1 cubierto con caracter\u00edsticas que seguramente traer\u00e1n horas de diversi\u00f3n en la entrada. La aceleraci\u00f3n real del pedal y las opciones de conducci\u00f3n hacia adelante y hacia atr\u00e1s ayudan a crear una experiencia de conducci\u00f3n realista, mientras que los neum\u00e1ticos de tracci\u00f3n de goma Power Trax suavizan el viaje. Los fans de Little Spider-Man tienen la capacidad de ir 2.5 MPH para conducir tranquilamente o ramparlo hasta 5 MPH para detener al Goblin Verde en sus pistas. Gracias al compartimento de almacenamiento trasero, hay mucho espacio para llevar juguetes y equipo de batalla para el viaje. No decepciones a Mary Jane cuando sea el momento de reabastecer. La carga es f\u00e1cil y conveniente gracias al sistema de carga de conexi\u00f3n directa y bater\u00eda recargable de 12 voltios y cargador de pared incluidos. Este juego de ruedas funciona con pilas se adapta a dos ciclistas de entre 3 y 7 a\u00f1os con un peso total m\u00e1ximo de 88 libras. Obt\u00e9n tus sentidos Spidey hormigueando en el carrito de 12 voltios Spider-Man Dune Buggy de Kid Trax<\/p>\n<\/div>\n<\/div>\n<\/div>\n<\/div>\n<\/div>\n<\/div>\n<\/div>\n","protected":false},"excerpt":{"rendered":"<p>Gira una red de diversi\u00f3n en este carrito de 12 voltios de Marvel Spider-Man Dune Buggy de Kid Trax. Este dulce paseo en carretera est\u00e1 cubierto con caracter\u00edsticas que seguramente<\/p>\n","protected":false},"featured_media":66690,"comment_status":"open","ping_status":"closed","template":"","meta":{"_acf_changed":false,"_joinchat":[]},"product_brand":[],"product_cat":[1508,886,1193],"product_tag":[],"class_list":{"0":"post-66686","1":"product","2":"type-product","3":"status-publish","4":"has-post-thumbnail","6":"product_cat-ofertas-primavera-juguetes","7":"product_cat-juguetesycoleccionables","8":"product_cat-montables-y-control-remoto","10":"first","11":"instock","12":"sale","13":"shipping-taxable","14":"purchasable","15":"product-type-simple"},"acf":[],"_links":{"self":[{"href":"https:\/\/defabrica.com.mx\/defabrica\/wp-json\/wp\/v2\/product\/66686","targetHints":{"allow":["GET"]}}],"collection":[{"href":"https:\/\/defabrica.com.mx\/defabrica\/wp-json\/wp\/v2\/product"}],"about":[{"href":"https:\/\/defabrica.com.mx\/defabrica\/wp-json\/wp\/v2\/types\/product"}],"replies":[{"embeddable":true,"href":"https:\/\/defabrica.com.mx\/defabrica\/wp-json\/wp\/v2\/comments?post=66686"}],"wp:featuredmedia":[{"embeddable":true,"href":"https:\/\/defabrica.com.mx\/defabrica\/wp-json\/wp\/v2\/media\/66690"}],"wp:attachment":[{"href":"https:\/\/defabrica.com.mx\/defabrica\/wp-json\/wp\/v2\/media?parent=66686"}],"wp:term":[{"taxonomy":"product_brand","embeddable":true,"href":"https:\/\/defabrica.com.mx\/defabrica\/wp-json\/wp\/v2\/product_brand?post=66686"},{"taxonomy":"product_cat","embeddable":true,"href":"https:\/\/defabrica.com.mx\/defabrica\/wp-json\/wp\/v2\/product_cat?post=66686"},{"taxonomy":"product_tag","embeddable":true,"href":"https:\/\/defabrica.com.mx\/defabrica\/wp-json\/wp\/v2\/product_tag?post=66686"}],"curies":[{"name":"wp","href":"https:\/\/api.w.org\/{rel}","templated":true}]}}