{"id":66644,"date":"2021-12-04T13:40:29","date_gmt":"2021-12-04T19:40:29","guid":{"rendered":"https:\/\/defabrica.com.mx\/defabrica\/?post_type=product&#038;p=66644"},"modified":"2023-01-27T11:02:45","modified_gmt":"2023-01-27T17:02:45","slug":"frozen-2-disney-playdate","status":"publish","type":"product","link":"https:\/\/defabrica.com.mx\/defabrica\/producto\/frozen-2-disney-playdate\/","title":{"rendered":"Frozen 2 Disney Playdate"},"content":{"rendered":"<p>Hipnotizante y \u00fanico, Frozen 2 Playdate Water Nokk de Disney trata de recrear la incre\u00edble conexi\u00f3n de Elsa y Water Nokk en la pel\u00edcula.\u00a0La \u00e9pica aventura contin\u00faa en Disney&#8217;s Frozen 2, la emocionante secuela de la exitosa pel\u00edcula Frozen.\u00a0\u00danase a sus queridos amigos, Anna, Elsa, Kristoff, Olaf y Sven mientras se aventuran m\u00e1s all\u00e1 de las puertas de Arendelle para fortalecer sus v\u00ednculos y hacer nuevos descubrimientos que cambiar\u00e1n sus vidas para siempre.<\/p>\n","protected":false},"excerpt":{"rendered":"<p>Hipnotizante y \u00fanico, Frozen 2 Playdate Water Nokk de Disney trata de recrear la incre\u00edble conexi\u00f3n de Elsa y Water Nokk en la pel\u00edcula.\u00a0La \u00e9pica aventura contin\u00faa en Disney&#8217;s Frozen<\/p>\n","protected":false},"featured_media":66645,"comment_status":"open","ping_status":"closed","template":"","meta":{"_acf_changed":false,"_joinchat":[]},"product_brand":[],"product_cat":[1483,1484,1508,886,1097],"product_tag":[],"class_list":{"0":"post-66644","1":"product","2":"type-product","3":"status-publish","4":"has-post-thumbnail","6":"product_cat-disney","7":"product_cat-frozen","8":"product_cat-ofertas-primavera-juguetes","9":"product_cat-juguetesycoleccionables","10":"product_cat-juguetes","12":"first","13":"instock","14":"sale","15":"shipping-taxable","16":"purchasable","17":"product-type-simple"},"acf":[],"_links":{"self":[{"href":"https:\/\/defabrica.com.mx\/defabrica\/wp-json\/wp\/v2\/product\/66644","targetHints":{"allow":["GET"]}}],"collection":[{"href":"https:\/\/defabrica.com.mx\/defabrica\/wp-json\/wp\/v2\/product"}],"about":[{"href":"https:\/\/defabrica.com.mx\/defabrica\/wp-json\/wp\/v2\/types\/product"}],"replies":[{"embeddable":true,"href":"https:\/\/defabrica.com.mx\/defabrica\/wp-json\/wp\/v2\/comments?post=66644"}],"wp:featuredmedia":[{"embeddable":true,"href":"https:\/\/defabrica.com.mx\/defabrica\/wp-json\/wp\/v2\/media\/66645"}],"wp:attachment":[{"href":"https:\/\/defabrica.com.mx\/defabrica\/wp-json\/wp\/v2\/media?parent=66644"}],"wp:term":[{"taxonomy":"product_brand","embeddable":true,"href":"https:\/\/defabrica.com.mx\/defabrica\/wp-json\/wp\/v2\/product_brand?post=66644"},{"taxonomy":"product_cat","embeddable":true,"href":"https:\/\/defabrica.com.mx\/defabrica\/wp-json\/wp\/v2\/product_cat?post=66644"},{"taxonomy":"product_tag","embeddable":true,"href":"https:\/\/defabrica.com.mx\/defabrica\/wp-json\/wp\/v2\/product_tag?post=66644"}],"curies":[{"name":"wp","href":"https:\/\/api.w.org\/{rel}","templated":true}]}}