{"id":66622,"date":"2021-12-04T13:23:01","date_gmt":"2021-12-04T19:23:01","guid":{"rendered":"https:\/\/defabrica.com.mx\/defabrica\/?post_type=product&#038;p=66622"},"modified":"2025-07-11T13:37:58","modified_gmt":"2025-07-11T19:37:58","slug":"barbie-dreamtopia-unicornio-con-luces-magicas","status":"publish","type":"product","link":"https:\/\/defabrica.com.mx\/defabrica\/producto\/barbie-dreamtopia-unicornio-con-luces-magicas\/","title":{"rendered":"Barbie Dreamtopia &#8211; Unicornio con luces m\u00e1gicas"},"content":{"rendered":"<p>\u00a1Despierta la imaginaci\u00f3n con Barbie Dreamtopia Magical Lights Unicorn y Barbie Princess Doll!\u00a0Los amantes de los cuentos de hadas pueden representar tantas historias con divertidos espect\u00e1culos de luces y efectos de sonido, ambos activados al tacto.\u00a0Hay varias formas de jugar: tocar o acariciar el cuerpo del unicornio, tocar su cuerno o darle de comer un bocadillo para ver luces coloridas y estrelladas y escuchar m\u00fasica o sonidos dulces.\u00a0Ayuda a la mu\u00f1eca Barbie a alimentar al unicornio con el accesorio de cono de helado incluido para escucharlo \u00abmasticar\u00bb su bocadillo y ver c\u00f3mo se ilumina, o sujeta el cuerpo del unicornio para escuchar sonidos de galope.\u00a0La mu\u00f1eca Barbie se dobla por las rodillas y usa pantalones debajo de su falda transparente de arco\u00edris para que pueda sentarse f\u00e1cilmente en la espalda del unicornio y montar.<\/p>\n","protected":false},"excerpt":{"rendered":"<p>\u00a1Despierta la imaginaci\u00f3n con Barbie Dreamtopia Magical Lights Unicorn y Barbie Princess Doll!\u00a0Los amantes de los cuentos de hadas pueden representar tantas historias con divertidos espect\u00e1culos de luces y efectos<\/p>\n","protected":false},"featured_media":66624,"comment_status":"open","ping_status":"closed","template":"","meta":{"_acf_changed":false,"_joinchat":[]},"product_brand":[],"product_cat":[1508,886,1097,1191],"product_tag":[],"class_list":{"0":"post-66622","1":"product","2":"type-product","3":"status-publish","4":"has-post-thumbnail","6":"product_cat-ofertas-primavera-juguetes","7":"product_cat-juguetesycoleccionables","8":"product_cat-juguetes","9":"product_cat-munecas-y-accesorios","11":"first","12":"instock","13":"sale","14":"shipping-taxable","15":"purchasable","16":"product-type-simple"},"acf":[],"_links":{"self":[{"href":"https:\/\/defabrica.com.mx\/defabrica\/wp-json\/wp\/v2\/product\/66622","targetHints":{"allow":["GET"]}}],"collection":[{"href":"https:\/\/defabrica.com.mx\/defabrica\/wp-json\/wp\/v2\/product"}],"about":[{"href":"https:\/\/defabrica.com.mx\/defabrica\/wp-json\/wp\/v2\/types\/product"}],"replies":[{"embeddable":true,"href":"https:\/\/defabrica.com.mx\/defabrica\/wp-json\/wp\/v2\/comments?post=66622"}],"wp:featuredmedia":[{"embeddable":true,"href":"https:\/\/defabrica.com.mx\/defabrica\/wp-json\/wp\/v2\/media\/66624"}],"wp:attachment":[{"href":"https:\/\/defabrica.com.mx\/defabrica\/wp-json\/wp\/v2\/media?parent=66622"}],"wp:term":[{"taxonomy":"product_brand","embeddable":true,"href":"https:\/\/defabrica.com.mx\/defabrica\/wp-json\/wp\/v2\/product_brand?post=66622"},{"taxonomy":"product_cat","embeddable":true,"href":"https:\/\/defabrica.com.mx\/defabrica\/wp-json\/wp\/v2\/product_cat?post=66622"},{"taxonomy":"product_tag","embeddable":true,"href":"https:\/\/defabrica.com.mx\/defabrica\/wp-json\/wp\/v2\/product_tag?post=66622"}],"curies":[{"name":"wp","href":"https:\/\/api.w.org\/{rel}","templated":true}]}}