{"id":66613,"date":"2021-12-04T13:19:12","date_gmt":"2021-12-04T19:19:12","guid":{"rendered":"https:\/\/defabrica.com.mx\/defabrica\/?post_type=product&#038;p=66613"},"modified":"2025-07-11T13:37:58","modified_gmt":"2025-07-11T19:37:58","slug":"auto-turismo-de-playa-de-barbie-con-ken","status":"publish","type":"product","link":"https:\/\/defabrica.com.mx\/defabrica\/producto\/auto-turismo-de-playa-de-barbie-con-ken\/","title":{"rendered":"Auto turismo de playa de Barbie con Ken"},"content":{"rendered":"<p>\u00a1Barbie y Ken pueden subirse a este genial Beach Cruiser para salir a la carretera, conquistar las dunas o salir a la cita perfecta!\u00a0El coche abierto biplaza es perfecto para la pareja &#8211; \u00a1Ambas mu\u00f1ecas est\u00e1n incluidas!\u00a0-con su estilo caracter\u00edstico de Barbie.\u00a0Dise\u00f1ado en rosa Barbie, una rejilla plateada y detalles en negro agregan toques elegantes, mientras que las ruedas plateadas con el \u00edcono de Barbie y los asientos blancos afilados hacen declaraciones elegantes.\u00a0Coloque la mu\u00f1eca Barbie y Ken en los asientos, \u00a1usted decide qui\u00e9n va a conducir!\u00a0-y abrocharse el cintur\u00f3n.\u00a0Vestidos con atuendos de verano casualmente frescos, estos dos est\u00e1n listos para divertirse bajo el sol.\u00a0El mu\u00f1eco Ken luce listo con un ba\u00f1ador de playa con un estampado gr\u00e1fico de rayas, una camiseta sin mangas azul sombreada y chanclas azules.\u00a0La mu\u00f1eca Barbie est\u00e1 fresca en verano con un vestido rosa con estampado gr\u00e1fico moderno y acento de volantes.\u00a0A las ni\u00f1as les encantar\u00e1 conducir hacia aventuras fabulosas con este fabuloso conjunto.\u00a0Incluye el veh\u00edculo Beach Cruiser y las mu\u00f1ecas Barbie y Ken con modas y accesorios.\u00a0Los colores y las decoraciones pueden variar.\u00a0Las mu\u00f1ecas no pueden estar solas.<\/p>\n","protected":false},"excerpt":{"rendered":"<p>\u00a1Barbie y Ken pueden subirse a este genial Beach Cruiser para salir a la carretera, conquistar las dunas o salir a la cita perfecta!\u00a0El coche abierto biplaza es perfecto para<\/p>\n","protected":false},"featured_media":66614,"comment_status":"open","ping_status":"closed","template":"","meta":{"_acf_changed":false,"_joinchat":[]},"product_brand":[],"product_cat":[1508,886,1097,1191],"product_tag":[],"class_list":{"0":"post-66613","1":"product","2":"type-product","3":"status-publish","4":"has-post-thumbnail","6":"product_cat-ofertas-primavera-juguetes","7":"product_cat-juguetesycoleccionables","8":"product_cat-juguetes","9":"product_cat-munecas-y-accesorios","11":"first","12":"instock","13":"sale","14":"shipping-taxable","15":"purchasable","16":"product-type-simple"},"acf":[],"_links":{"self":[{"href":"https:\/\/defabrica.com.mx\/defabrica\/wp-json\/wp\/v2\/product\/66613","targetHints":{"allow":["GET"]}}],"collection":[{"href":"https:\/\/defabrica.com.mx\/defabrica\/wp-json\/wp\/v2\/product"}],"about":[{"href":"https:\/\/defabrica.com.mx\/defabrica\/wp-json\/wp\/v2\/types\/product"}],"replies":[{"embeddable":true,"href":"https:\/\/defabrica.com.mx\/defabrica\/wp-json\/wp\/v2\/comments?post=66613"}],"wp:featuredmedia":[{"embeddable":true,"href":"https:\/\/defabrica.com.mx\/defabrica\/wp-json\/wp\/v2\/media\/66614"}],"wp:attachment":[{"href":"https:\/\/defabrica.com.mx\/defabrica\/wp-json\/wp\/v2\/media?parent=66613"}],"wp:term":[{"taxonomy":"product_brand","embeddable":true,"href":"https:\/\/defabrica.com.mx\/defabrica\/wp-json\/wp\/v2\/product_brand?post=66613"},{"taxonomy":"product_cat","embeddable":true,"href":"https:\/\/defabrica.com.mx\/defabrica\/wp-json\/wp\/v2\/product_cat?post=66613"},{"taxonomy":"product_tag","embeddable":true,"href":"https:\/\/defabrica.com.mx\/defabrica\/wp-json\/wp\/v2\/product_tag?post=66613"}],"curies":[{"name":"wp","href":"https:\/\/api.w.org\/{rel}","templated":true}]}}