{"id":66604,"date":"2021-12-04T13:15:50","date_gmt":"2021-12-04T19:15:50","guid":{"rendered":"https:\/\/defabrica.com.mx\/defabrica\/?post_type=product&#038;p=66604"},"modified":"2022-12-07T15:35:47","modified_gmt":"2022-12-07T21:35:47","slug":"barbie-dreamcamper-furgoneta-de-campamento","status":"publish","type":"product","link":"https:\/\/defabrica.com.mx\/defabrica\/producto\/barbie-dreamcamper-furgoneta-de-campamento\/","title":{"rendered":"Barbie DreamCamper &#8211; Furgoneta de campamento"},"content":{"rendered":"<p>Esta incre\u00edble Barbie DreamCamper se transforma de una casa rodante de campamento en un juego de campamento con espacio para que duerman cuatro mu\u00f1ecas Barbie (las mu\u00f1ecas se venden por separado).\u00a0Dise\u00f1ado en rosa caracter\u00edstico con ruedas giratorias, \u00a1esta caravana se abre para revelar mucho m\u00e1s!\u00a0Simplemente presione el bot\u00f3n en la parte superior del veh\u00edculo para activar una funci\u00f3n m\u00e1gica: el panel lateral se abre, la parte superior se abre y la parte delantera y trasera de la caravana se expanden para crear un espacio de juego de m\u00e1s de 2 pies de largo.<\/p>\n","protected":false},"excerpt":{"rendered":"<p>Esta incre\u00edble Barbie DreamCamper se transforma de una casa rodante de campamento en un juego de campamento con espacio para que duerman cuatro mu\u00f1ecas Barbie (las mu\u00f1ecas se venden por<\/p>\n","protected":false},"featured_media":66605,"comment_status":"open","ping_status":"closed","template":"","meta":{"_acf_changed":false,"_joinchat":[]},"product_brand":[],"product_cat":[1508,886,1097,1191],"product_tag":[],"class_list":{"0":"post-66604","1":"product","2":"type-product","3":"status-publish","4":"has-post-thumbnail","6":"product_cat-ofertas-primavera-juguetes","7":"product_cat-juguetesycoleccionables","8":"product_cat-juguetes","9":"product_cat-munecas-y-accesorios","11":"first","12":"instock","13":"sale","14":"shipping-taxable","15":"purchasable","16":"product-type-simple"},"acf":[],"_links":{"self":[{"href":"https:\/\/defabrica.com.mx\/defabrica\/wp-json\/wp\/v2\/product\/66604","targetHints":{"allow":["GET"]}}],"collection":[{"href":"https:\/\/defabrica.com.mx\/defabrica\/wp-json\/wp\/v2\/product"}],"about":[{"href":"https:\/\/defabrica.com.mx\/defabrica\/wp-json\/wp\/v2\/types\/product"}],"replies":[{"embeddable":true,"href":"https:\/\/defabrica.com.mx\/defabrica\/wp-json\/wp\/v2\/comments?post=66604"}],"wp:featuredmedia":[{"embeddable":true,"href":"https:\/\/defabrica.com.mx\/defabrica\/wp-json\/wp\/v2\/media\/66605"}],"wp:attachment":[{"href":"https:\/\/defabrica.com.mx\/defabrica\/wp-json\/wp\/v2\/media?parent=66604"}],"wp:term":[{"taxonomy":"product_brand","embeddable":true,"href":"https:\/\/defabrica.com.mx\/defabrica\/wp-json\/wp\/v2\/product_brand?post=66604"},{"taxonomy":"product_cat","embeddable":true,"href":"https:\/\/defabrica.com.mx\/defabrica\/wp-json\/wp\/v2\/product_cat?post=66604"},{"taxonomy":"product_tag","embeddable":true,"href":"https:\/\/defabrica.com.mx\/defabrica\/wp-json\/wp\/v2\/product_tag?post=66604"}],"curies":[{"name":"wp","href":"https:\/\/api.w.org\/{rel}","templated":true}]}}