{"id":66548,"date":"2021-12-03T20:13:42","date_gmt":"2021-12-04T02:13:42","guid":{"rendered":"https:\/\/defabrica.com.mx\/defabrica\/?post_type=product&#038;p=66548"},"modified":"2023-01-27T10:53:00","modified_gmt":"2023-01-27T16:53:00","slug":"peppa-pig-luces-y-sonidos-juego-de-3-piezas-incluye-coche-rojo-interactivo-con-figuras-de-peppa-y-daddy-pig-a-partir-de-2-anos","status":"publish","type":"product","link":"https:\/\/defabrica.com.mx\/defabrica\/producto\/peppa-pig-luces-y-sonidos-juego-de-3-piezas-incluye-coche-rojo-interactivo-con-figuras-de-peppa-y-daddy-pig-a-partir-de-2-anos\/","title":{"rendered":"Peppa Pig Luces y Sonidos &#8211; Juego de 3 piezas, incluye coche rojo interactivo con figuras de Peppa y Daddy Pig &#8211; A partir de 2 a\u00f1os"},"content":{"rendered":"<p>Coche familiar de luces y sonidos de Peppa Pig \u00abA Peppa Pig y su familia les encanta divertirse juntos, as\u00ed que mira c\u00f3mo se alejan para pasar un d\u00eda lleno de diversi\u00f3n en su coche de diversi\u00f3n familiar de luces y sonidos. El coche de Peppa tiene todo tipo de caracter\u00edsticas interesantes. Prensa el maletero del coche y ver c\u00f3mo se aleja con los faros encendidos. M\u00edralo bambolearse al ritmo de las melod\u00edas inspiradas en Peppa. Y la mejor parte: \u00a1tambi\u00e9n reproduce frases ic\u00f3nicas del programa! Este coche caprichoso incluye figuras de Peppa y Daddy Pig , adem\u00e1s, se adapta a dos personajes adicionales. -Incluye figuras exclusivas de Peppa y Daddy Pig -El coche tiene espacio suficiente para cuatro personajes de Peppa Pig -Presiona el bot\u00f3n del maletero y mira c\u00f3mo se va con los faros encendidos, m\u00fasica y frases ic\u00f3nicas del programa, y \u200b\u200bun divertido movimiento de balanceo -Incluye 2 pilas de demostraci\u00f3n AA -Adecuado para mayores de 2 a\u00f1os \u00ab<\/p>\n","protected":false},"excerpt":{"rendered":"<p>Coche familiar de luces y sonidos de Peppa Pig \u00abA Peppa Pig y su familia les encanta divertirse juntos, as\u00ed que mira c\u00f3mo se alejan para pasar un d\u00eda lleno<\/p>\n","protected":false},"featured_media":73232,"comment_status":"open","ping_status":"closed","template":"","meta":{"_acf_changed":false,"_joinchat":[]},"product_brand":[],"product_cat":[886,1097,1195],"product_tag":[],"class_list":{"0":"post-66548","1":"product","2":"type-product","3":"status-publish","4":"has-post-thumbnail","6":"product_cat-juguetesycoleccionables","7":"product_cat-juguetes","8":"product_cat-carritos-y-pistas","10":"first","11":"instock","12":"sale","13":"shipping-taxable","14":"purchasable","15":"product-type-simple"},"acf":[],"_links":{"self":[{"href":"https:\/\/defabrica.com.mx\/defabrica\/wp-json\/wp\/v2\/product\/66548","targetHints":{"allow":["GET"]}}],"collection":[{"href":"https:\/\/defabrica.com.mx\/defabrica\/wp-json\/wp\/v2\/product"}],"about":[{"href":"https:\/\/defabrica.com.mx\/defabrica\/wp-json\/wp\/v2\/types\/product"}],"replies":[{"embeddable":true,"href":"https:\/\/defabrica.com.mx\/defabrica\/wp-json\/wp\/v2\/comments?post=66548"}],"wp:featuredmedia":[{"embeddable":true,"href":"https:\/\/defabrica.com.mx\/defabrica\/wp-json\/wp\/v2\/media\/73232"}],"wp:attachment":[{"href":"https:\/\/defabrica.com.mx\/defabrica\/wp-json\/wp\/v2\/media?parent=66548"}],"wp:term":[{"taxonomy":"product_brand","embeddable":true,"href":"https:\/\/defabrica.com.mx\/defabrica\/wp-json\/wp\/v2\/product_brand?post=66548"},{"taxonomy":"product_cat","embeddable":true,"href":"https:\/\/defabrica.com.mx\/defabrica\/wp-json\/wp\/v2\/product_cat?post=66548"},{"taxonomy":"product_tag","embeddable":true,"href":"https:\/\/defabrica.com.mx\/defabrica\/wp-json\/wp\/v2\/product_tag?post=66548"}],"curies":[{"name":"wp","href":"https:\/\/api.w.org\/{rel}","templated":true}]}}