{"id":66541,"date":"2021-12-03T20:08:17","date_gmt":"2021-12-04T02:08:17","guid":{"rendered":"https:\/\/defabrica.com.mx\/defabrica\/?post_type=product&#038;p=66541"},"modified":"2023-01-27T10:51:59","modified_gmt":"2023-01-27T16:51:59","slug":"kidkraft-rocky-mountain-juego-de-tren-y-mesa-de-madera-con-50-piezas-almacenamiento-integrado","status":"publish","type":"product","link":"https:\/\/defabrica.com.mx\/defabrica\/producto\/kidkraft-rocky-mountain-juego-de-tren-y-mesa-de-madera-con-50-piezas-almacenamiento-integrado\/","title":{"rendered":"KidKraft Rocky Mountain &#8211; Juego de tren y mesa de madera con 50 piezas &#8211; almacenamiento integrado"},"content":{"rendered":"<div class=\"mb3\">\n<div class=\"dangerous-html mb3\">Realice una excursi\u00f3n m\u00e1gica y ficticia en el juego y mesa KidKraft Rocky Mountain Train.\u00a0Lo m\u00e1s destacado del viaje es la imponente monta\u00f1a con pasillos arqueados por los que los veh\u00edculos pueden viajar.\u00a0La ciudad de abajo est\u00e1 lista para rescates con la polic\u00eda y las estaciones de bomberos.\u00a0Es f\u00e1cil de limpiar cuando termina el tiempo de juego: guarde las piezas de las pistas en la bolsa que est\u00e1 escondida debajo del centro de la mesa.\u00a0La diversi\u00f3n a gran altitud est\u00e1 en camino con el juego y la mesa de tren de las Monta\u00f1as Rocosas.<\/div>\n<\/div>\n<div class=\"mb3\"><\/div>\n","protected":false},"excerpt":{"rendered":"<p>Realice una excursi\u00f3n m\u00e1gica y ficticia en el juego y mesa KidKraft Rocky Mountain Train.\u00a0Lo m\u00e1s destacado del viaje es la imponente monta\u00f1a con pasillos arqueados por los que los<\/p>\n","protected":false},"featured_media":66542,"comment_status":"open","ping_status":"closed","template":"","meta":{"_acf_changed":false,"_joinchat":[]},"product_brand":[],"product_cat":[886,1097,1195],"product_tag":[],"class_list":{"0":"post-66541","1":"product","2":"type-product","3":"status-publish","4":"has-post-thumbnail","6":"product_cat-juguetesycoleccionables","7":"product_cat-juguetes","8":"product_cat-carritos-y-pistas","10":"first","11":"instock","12":"sale","13":"shipping-taxable","14":"purchasable","15":"product-type-simple"},"acf":[],"_links":{"self":[{"href":"https:\/\/defabrica.com.mx\/defabrica\/wp-json\/wp\/v2\/product\/66541","targetHints":{"allow":["GET"]}}],"collection":[{"href":"https:\/\/defabrica.com.mx\/defabrica\/wp-json\/wp\/v2\/product"}],"about":[{"href":"https:\/\/defabrica.com.mx\/defabrica\/wp-json\/wp\/v2\/types\/product"}],"replies":[{"embeddable":true,"href":"https:\/\/defabrica.com.mx\/defabrica\/wp-json\/wp\/v2\/comments?post=66541"}],"wp:featuredmedia":[{"embeddable":true,"href":"https:\/\/defabrica.com.mx\/defabrica\/wp-json\/wp\/v2\/media\/66542"}],"wp:attachment":[{"href":"https:\/\/defabrica.com.mx\/defabrica\/wp-json\/wp\/v2\/media?parent=66541"}],"wp:term":[{"taxonomy":"product_brand","embeddable":true,"href":"https:\/\/defabrica.com.mx\/defabrica\/wp-json\/wp\/v2\/product_brand?post=66541"},{"taxonomy":"product_cat","embeddable":true,"href":"https:\/\/defabrica.com.mx\/defabrica\/wp-json\/wp\/v2\/product_cat?post=66541"},{"taxonomy":"product_tag","embeddable":true,"href":"https:\/\/defabrica.com.mx\/defabrica\/wp-json\/wp\/v2\/product_tag?post=66541"}],"curies":[{"name":"wp","href":"https:\/\/api.w.org\/{rel}","templated":true}]}}