{"id":66528,"date":"2021-12-03T19:55:42","date_gmt":"2021-12-04T01:55:42","guid":{"rendered":"https:\/\/defabrica.com.mx\/defabrica\/?post_type=product&#038;p=66528"},"modified":"2023-01-27T10:49:21","modified_gmt":"2023-01-27T16:49:21","slug":"hot-wheels-ftb66-city-mega-car-wash-set-de-juego-conectable-con-fundicion-y-mini-coche-de-juguete","status":"publish","type":"product","link":"https:\/\/defabrica.com.mx\/defabrica\/producto\/hot-wheels-ftb66-city-mega-car-wash-set-de-juego-conectable-con-fundicion-y-mini-coche-de-juguete\/","title":{"rendered":"Hot Wheels &#8211; FTB66 City Mega Car Wash Set de juego conectable con fundici\u00f3n y mini coche de juguete"},"content":{"rendered":"<p>A partir de 4 a\u00f1os. Lleva tu Hot Wheels Ride a trav\u00e9s de un giro en el lavado de coches Hot Wheels. Tira del mango hacia atr\u00e1s y conduce tu coche en el lavado del coche para empezar a montar la correa transportadora autom\u00e1tica. Exprime agua tibia en el coche de cambio de color y cambia de color m\u00e1gicamente. Secar con toalla. El veh\u00edculo antes de que descienda en el tanque para otra transformaci\u00f3n de cambio de color. Levanta el coche y s\u00e9calo girando el ventilador. Mega Car Wash tiene m\u00faltiples puntos de conexi\u00f3n que le permiten fijarse f\u00e1cilmente a otros juegos de pistas Hot Wheels.<\/p>\n","protected":false},"excerpt":{"rendered":"<p>A partir de 4 a\u00f1os. Lleva tu Hot Wheels Ride a trav\u00e9s de un giro en el lavado de coches Hot Wheels. Tira del mango hacia atr\u00e1s y conduce tu<\/p>\n","protected":false},"featured_media":66529,"comment_status":"open","ping_status":"closed","template":"","meta":{"_acf_changed":false,"_joinchat":[]},"product_brand":[],"product_cat":[886,1097,1195],"product_tag":[],"class_list":{"0":"post-66528","1":"product","2":"type-product","3":"status-publish","4":"has-post-thumbnail","6":"product_cat-juguetesycoleccionables","7":"product_cat-juguetes","8":"product_cat-carritos-y-pistas","10":"first","11":"instock","12":"sale","13":"shipping-taxable","14":"purchasable","15":"product-type-simple"},"acf":[],"_links":{"self":[{"href":"https:\/\/defabrica.com.mx\/defabrica\/wp-json\/wp\/v2\/product\/66528","targetHints":{"allow":["GET"]}}],"collection":[{"href":"https:\/\/defabrica.com.mx\/defabrica\/wp-json\/wp\/v2\/product"}],"about":[{"href":"https:\/\/defabrica.com.mx\/defabrica\/wp-json\/wp\/v2\/types\/product"}],"replies":[{"embeddable":true,"href":"https:\/\/defabrica.com.mx\/defabrica\/wp-json\/wp\/v2\/comments?post=66528"}],"wp:featuredmedia":[{"embeddable":true,"href":"https:\/\/defabrica.com.mx\/defabrica\/wp-json\/wp\/v2\/media\/66529"}],"wp:attachment":[{"href":"https:\/\/defabrica.com.mx\/defabrica\/wp-json\/wp\/v2\/media?parent=66528"}],"wp:term":[{"taxonomy":"product_brand","embeddable":true,"href":"https:\/\/defabrica.com.mx\/defabrica\/wp-json\/wp\/v2\/product_brand?post=66528"},{"taxonomy":"product_cat","embeddable":true,"href":"https:\/\/defabrica.com.mx\/defabrica\/wp-json\/wp\/v2\/product_cat?post=66528"},{"taxonomy":"product_tag","embeddable":true,"href":"https:\/\/defabrica.com.mx\/defabrica\/wp-json\/wp\/v2\/product_tag?post=66528"}],"curies":[{"name":"wp","href":"https:\/\/api.w.org\/{rel}","templated":true}]}}