{"id":66423,"date":"2021-12-03T18:39:44","date_gmt":"2021-12-04T00:39:44","guid":{"rendered":"https:\/\/defabrica.com.mx\/defabrica\/?post_type=product&#038;p=66423"},"modified":"2022-12-29T15:22:04","modified_gmt":"2022-12-29T21:22:04","slug":"hot-wheels-mario-kart-pista-senda-arcoiris-rainbow-road-set","status":"publish","type":"product","link":"https:\/\/defabrica.com.mx\/defabrica\/producto\/hot-wheels-mario-kart-pista-senda-arcoiris-rainbow-road-set\/","title":{"rendered":"Hot Wheels &#8211; Mario Kart Pista Senda Arco\u00edris Rainbow Road Set"},"content":{"rendered":"<div class=\"styles__StyledCol-sc-ct8kx6-0 iawYzR h-padding-t-x2 h-padding-r-tight\">\n<ul>\n<li class=\"web-migration-tof__Bullet-sc-14z8sos-0 jjhnxv\">\u00a1Experimente el ic\u00f3nico circuito Mario Kart Rainbow Road en el mundo real con el juego de pistas Hot Wheels Mario Kart Rainbow Road Raceway!<\/li>\n<\/ul>\n<\/div>\n<div class=\"styles__StyledCol-sc-ct8kx6-0 iawYzR h-padding-t-x2 h-padding-r-tight\">\n<div class=\"styles__StyledCol-sc-ct8kx6-0 iawYzR h-padding-t-x2 h-padding-r-tight\">\n<ul>\n<li class=\"web-migration-tof__Bullet-sc-14z8sos-0 jjhnxv\">\u00a1Echa un vistazo a los espacios de estacionamiento ubicados en los pilares de soporte del juego para un f\u00e1cil almacenamiento!<\/li>\n<\/ul>\n<\/div>\n<div class=\"styles__StyledCol-sc-ct8kx6-0 iawYzR h-padding-t-x2 h-padding-r-tight\">\n<div class=\"styles__StyledCol-sc-ct8kx6-0 iawYzR h-padding-t-x2 h-padding-r-tight\">\n<ul>\n<li class=\"web-migration-tof__Bullet-sc-14z8sos-0 jjhnxv\">\u00a1El campo de colores del arco iris alcanza los 8 pies de largo y 24 pulgadas de alto para una m\u00e1xima emoci\u00f3n y tiene luces y sonidos para una gran impresi\u00f3n!<\/li>\n<\/ul>\n<\/div>\n<div class=\"styles__StyledCol-sc-ct8kx6-0 iawYzR h-padding-t-x2 h-padding-r-tight\">\n<div class=\"styles__StyledCol-sc-ct8kx6-0 iawYzR h-padding-t-x2 h-padding-r-tight\">\n<ul>\n<li class=\"web-migration-tof__Bullet-sc-14z8sos-0 jjhnxv\">Dos dise\u00f1os diferentes, rectos o curvos, crean carreras diferentes, controladas con una salida electr\u00f3nica y una puerta de llegada que muestra al ganador.<\/li>\n<\/ul>\n<\/div>\n<div class=\"styles__StyledCol-sc-ct8kx6-0 iawYzR h-padding-t-x2 h-padding-r-tight\">\n<div class=\"styles__StyledCol-sc-ct8kx6-0 iawYzR h-padding-t-x2 h-padding-r-tight\">\n<ul>\n<li class=\"web-migration-tof__Bullet-sc-14z8sos-0 jjhnxv\">El conjunto de pistas presenta un giro?\u00a0Aleatorizador Block Item Box con funciones emergentes, figuras esculpidas en 3D y decoraciones que se suman a la emoci\u00f3n.<\/li>\n<\/ul>\n<\/div>\n<div class=\"styles__StyledCol-sc-ct8kx6-0 iawYzR h-padding-t-x2 h-padding-r-tight\"><\/div>\n<\/div>\n<\/div>\n<\/div>\n<\/div>\n","protected":false},"excerpt":{"rendered":"<p>\u00a1Experimente el ic\u00f3nico circuito Mario Kart Rainbow Road en el mundo real con el juego de pistas Hot Wheels Mario Kart Rainbow Road Raceway! \u00a1Echa un vistazo a los espacios<\/p>\n","protected":false},"featured_media":66425,"comment_status":"open","ping_status":"closed","template":"","meta":{"_acf_changed":false,"_joinchat":[]},"product_brand":[],"product_cat":[1508,886,1097,1195],"product_tag":[],"class_list":{"0":"post-66423","1":"product","2":"type-product","3":"status-publish","4":"has-post-thumbnail","6":"product_cat-ofertas-primavera-juguetes","7":"product_cat-juguetesycoleccionables","8":"product_cat-juguetes","9":"product_cat-carritos-y-pistas","11":"first","12":"instock","13":"sale","14":"shipping-taxable","15":"purchasable","16":"product-type-simple"},"acf":[],"_links":{"self":[{"href":"https:\/\/defabrica.com.mx\/defabrica\/wp-json\/wp\/v2\/product\/66423","targetHints":{"allow":["GET"]}}],"collection":[{"href":"https:\/\/defabrica.com.mx\/defabrica\/wp-json\/wp\/v2\/product"}],"about":[{"href":"https:\/\/defabrica.com.mx\/defabrica\/wp-json\/wp\/v2\/types\/product"}],"replies":[{"embeddable":true,"href":"https:\/\/defabrica.com.mx\/defabrica\/wp-json\/wp\/v2\/comments?post=66423"}],"wp:featuredmedia":[{"embeddable":true,"href":"https:\/\/defabrica.com.mx\/defabrica\/wp-json\/wp\/v2\/media\/66425"}],"wp:attachment":[{"href":"https:\/\/defabrica.com.mx\/defabrica\/wp-json\/wp\/v2\/media?parent=66423"}],"wp:term":[{"taxonomy":"product_brand","embeddable":true,"href":"https:\/\/defabrica.com.mx\/defabrica\/wp-json\/wp\/v2\/product_brand?post=66423"},{"taxonomy":"product_cat","embeddable":true,"href":"https:\/\/defabrica.com.mx\/defabrica\/wp-json\/wp\/v2\/product_cat?post=66423"},{"taxonomy":"product_tag","embeddable":true,"href":"https:\/\/defabrica.com.mx\/defabrica\/wp-json\/wp\/v2\/product_tag?post=66423"}],"curies":[{"name":"wp","href":"https:\/\/api.w.org\/{rel}","templated":true}]}}