{"id":66257,"date":"2021-12-01T18:59:04","date_gmt":"2021-12-02T00:59:04","guid":{"rendered":"https:\/\/defabrica.com.mx\/defabrica\/?post_type=product&#038;p=66257"},"modified":"2022-07-05T12:57:27","modified_gmt":"2022-07-05T17:57:27","slug":"corelle-splendor-blanco-y-rojo-12-piezas-vajilla","status":"publish","type":"product","link":"https:\/\/defabrica.com.mx\/defabrica\/producto\/corelle-splendor-blanco-y-rojo-12-piezas-vajilla\/","title":{"rendered":"Corelle\u00ae Splendor, blanco y rojo, 12 piezas, vajilla"},"content":{"rendered":"<div class=\"mb3\">\n<div class=\"dangerous-html mb3\">Adornado con plumas de gris suave y rojo intenso, este juego de vajilla aporta un estilo espl\u00e9ndido a la mesa.\u00a0Las formas elegantes tienen un aspecto moderno y actualizado junto con una gran durabilidad, por lo que embellecer\u00e1n las comidas diarias y las ocasiones especiales en los pr\u00f3ximos a\u00f1os.<\/div>\n<\/div>\n<div class=\"mb3\"><\/div>\n","protected":false},"excerpt":{"rendered":"<p>Adornado con plumas de gris suave y rojo intenso, este juego de vajilla aporta un estilo espl\u00e9ndido a la mesa.\u00a0Las formas elegantes tienen un aspecto moderno y actualizado junto con<\/p>\n","protected":false},"featured_media":66258,"comment_status":"open","ping_status":"closed","template":"","meta":{"_acf_changed":false,"_joinchat":[]},"product_brand":[],"product_cat":[336,337,988],"product_tag":[],"class_list":{"0":"post-66257","1":"product","2":"type-product","3":"status-publish","4":"has-post-thumbnail","6":"product_cat-hogar","7":"product_cat-cocina","8":"product_cat-vajillas-y-articulos-de-servir","10":"first","11":"instock","12":"sale","13":"shipping-taxable","14":"purchasable","15":"product-type-simple"},"acf":[],"_links":{"self":[{"href":"https:\/\/defabrica.com.mx\/defabrica\/wp-json\/wp\/v2\/product\/66257","targetHints":{"allow":["GET"]}}],"collection":[{"href":"https:\/\/defabrica.com.mx\/defabrica\/wp-json\/wp\/v2\/product"}],"about":[{"href":"https:\/\/defabrica.com.mx\/defabrica\/wp-json\/wp\/v2\/types\/product"}],"replies":[{"embeddable":true,"href":"https:\/\/defabrica.com.mx\/defabrica\/wp-json\/wp\/v2\/comments?post=66257"}],"wp:featuredmedia":[{"embeddable":true,"href":"https:\/\/defabrica.com.mx\/defabrica\/wp-json\/wp\/v2\/media\/66258"}],"wp:attachment":[{"href":"https:\/\/defabrica.com.mx\/defabrica\/wp-json\/wp\/v2\/media?parent=66257"}],"wp:term":[{"taxonomy":"product_brand","embeddable":true,"href":"https:\/\/defabrica.com.mx\/defabrica\/wp-json\/wp\/v2\/product_brand?post=66257"},{"taxonomy":"product_cat","embeddable":true,"href":"https:\/\/defabrica.com.mx\/defabrica\/wp-json\/wp\/v2\/product_cat?post=66257"},{"taxonomy":"product_tag","embeddable":true,"href":"https:\/\/defabrica.com.mx\/defabrica\/wp-json\/wp\/v2\/product_tag?post=66257"}],"curies":[{"name":"wp","href":"https:\/\/api.w.org\/{rel}","templated":true}]}}